{"id":45600,"date":"2026-04-02T22:37:51","date_gmt":"2026-04-02T19:37:51","guid":{"rendered":"http:\/\/new.ceasuri.md\/shop\/uncategorized\/swiss-military-by-chrono-sm34005-02\/"},"modified":"2026-04-21T17:49:11","modified_gmt":"2026-04-21T14:49:11","slug":"swiss-military-by-chrono-sm34005-02","status":"publish","type":"product","link":"https:\/\/ceasuri.md\/ru\/shop\/branduri\/swiss-military\/swiss-military-by-chrono-sm34005-02\/","title":{"rendered":"\u0427\u0430\u0441\u044b SWISS MILITARY BY CHRONO QUARTZ CHRONOGRAPH SM34005.02"},"content":{"rendered":"<p>Acest ceas cronograf unisex clasic \u00een stil militar are un design atemporal \u0219i nu se demodeaz\u0103 niciodat\u0103. Carcasa din o\u021bel inoxidabil \u0219i cureaua ceasului au un finisaj elegant \u0219i str\u0103lucitor. Construc\u021bia complet din o\u021bel are o lunet\u0103 foarte sub\u021bire, astfel \u00eenc\u00e2t deschiderea cadranului s\u0103 fie c\u00e2t mai larg\u0103. Cadran alb elegant, cu markeri de ore minimali\u0219ti \u0219i m\u00e2ini clasice sub\u021biri. Pentru a se asigura c\u0103 acest ceas cronograf clasic este \u00een concordan\u021b\u0103 cu ADN-ul de baz\u0103 al cronografului sportiv, indicatoarele de minute sunt amplasate pe inelul exterior al cadranului, iar de secunde sunt plasate \u00eentre indicatoarele de ore.<\/p>\n<p>Ce mai mult, acest ceas pentru b\u0103rba\u021bi \u0219i femei este echipat cu caracteristici high-end potrivite pentru ceasurile cronograf. Cele trei subcadrane cronografului num\u0103r\u0103 secundele, minutele \u0219i 1\/10 de secund\u0103 atunci c\u00e2nd este activat\u0103 func\u021bia cronometru. Acest ceas este echipat cu o mi\u0219care cronografic\u0103 elve\u021bian\u0103 \u0219i este asamblat manual.<\/p>","protected":false},"excerpt":{"rendered":"<p>Acest ceas cronograf unisex clasic \u00een stil militar are un design atemporal \u0219i nu se demodeaz\u0103 niciodat\u0103. Carcasa din o\u021bel inoxidabil \u0219i cureaua ceasului au un finisaj elegant \u0219i str\u0103lucitor. Construc\u021bia complet din o\u021bel are o lunet\u0103 foarte sub\u021bire, astfel \u00eenc\u00e2t deschiderea cadranului s\u0103 fie c\u00e2t mai larg\u0103. Cadran alb elegant, cu markeri de ore [&hellip;]<\/p>\n","protected":false},"featured_media":45601,"comment_status":"closed","ping_status":"open","template":"","meta":{"_acf_changed":false},"product_brand":[],"product_cat":[20,25,572],"product_tag":[],"class_list":{"0":"post-45600","1":"product","2":"type-product","3":"status-publish","4":"has-post-thumbnail","6":"product_cat-ceasuri-barbati","7":"product_cat-ceasuri-dama","8":"product_cat-swiss-military","9":"pa_brand-swiss-military","10":"pa_braslet-otel-inoxidabil","11":"pa_corpus-36-mm","12":"pa_forma-rotund","13":"pa_funcii-cronograf","14":"pa_funcii-data","15":"pa_funcii-iluminare-fluorescenta","16":"pa_garatia-24-luni","17":"pa_korpus-argintiu","18":"pa_kvarc-quartz","19":"pa_material-otel-inoxidabil","20":"pa_mehanizm-quartz","21":"pa_remeshok-argintiu","22":"pa_steklo-cristal-safir","23":"pa_strana-elvetia","24":"pa_voda-5-atm","26":"first","27":"instock","28":"purchasable","29":"product-type-simple"},"acf":[],"_links":{"self":[{"href":"https:\/\/ceasuri.md\/ru\/wp-json\/wp\/v2\/product\/45600","targetHints":{"allow":["GET"]}}],"collection":[{"href":"https:\/\/ceasuri.md\/ru\/wp-json\/wp\/v2\/product"}],"about":[{"href":"https:\/\/ceasuri.md\/ru\/wp-json\/wp\/v2\/types\/product"}],"replies":[{"embeddable":true,"href":"https:\/\/ceasuri.md\/ru\/wp-json\/wp\/v2\/comments?post=45600"}],"wp:featuredmedia":[{"embeddable":true,"href":"https:\/\/ceasuri.md\/ru\/wp-json\/wp\/v2\/media\/45601"}],"wp:attachment":[{"href":"https:\/\/ceasuri.md\/ru\/wp-json\/wp\/v2\/media?parent=45600"}],"wp:term":[{"taxonomy":"product_brand","embeddable":true,"href":"https:\/\/ceasuri.md\/ru\/wp-json\/wp\/v2\/product_brand?post=45600"},{"taxonomy":"product_cat","embeddable":true,"href":"https:\/\/ceasuri.md\/ru\/wp-json\/wp\/v2\/product_cat?post=45600"},{"taxonomy":"product_tag","embeddable":true,"href":"https:\/\/ceasuri.md\/ru\/wp-json\/wp\/v2\/product_tag?post=45600"}],"curies":[{"name":"wp","href":"https:\/\/api.w.org\/{rel}","templated":true}]}}