{"id":45594,"date":"2022-11-30T20:52:50","date_gmt":"2022-11-30T18:52:50","guid":{"rendered":"http:\/\/new.ceasuri.md\/shop\/uncategorized\/swiss-military-by-chrono-sm34015-01\/"},"modified":"2026-05-01T17:06:26","modified_gmt":"2026-05-01T14:06:26","slug":"swiss-military-by-chrono-sm34015-01","status":"publish","type":"product","link":"https:\/\/ceasuri.md\/ru\/shop\/branduri\/swiss-military\/swiss-military-by-chrono-sm34015-01\/","title":{"rendered":"\u0427\u0430\u0441\u044b SWISS MILITARY BY CHRONO QUARTZ CHRONOGRAPH SM34015.01"},"content":{"rendered":"<p>Acest ceas sport cronograf militar este partenerul perfect pentru un stil de via\u021b\u0103 activ. De la luneta proeminent\u0103 argintie cu indicatoare de minute clare, la cadranul negru cu m\u00e2ini \u0219i indicatoare de ore proeminente, p\u00e2n\u0103 la br\u0103\u021bara din o\u021bel, totul este conceput pentru a sublinia caracterul masculin al acestui ceas pentru b\u0103rba\u021bi. Cu toate acestea, acest ceas are propria sa latur\u0103 sportiv\u0103. Designul complet din o\u021bel diferen\u021biaz\u0103 acest cronograf sportiv \u0219i subliniaz\u0103 caracterul extraordinar al proprietarului s\u0103u.<\/p>\n<p>\u00cen plus, acest ceas elve\u021bian este complet echipat cu caracteristici de \u00eenalt\u0103 calitate, potrivite pentru un ceas cronograf sportiv. Carcasa \u0219i cureaua sunt realizate din o\u021bel inoxidabil rezistent. m\u00e2inile \u0219i indicatoarele de ore foarte lizibile sunt luminescente \u0219i str\u0103lucesc \u00een \u00eentuneric. Cele trei sub cadrane de pe cadranul cronografului num\u0103r\u0103 secundele, minutele \u0219i 1\/10 de secund\u0103 atunci c\u00e2nd este activat\u0103 func\u021bia cronometru. Acest cronograf sportiv pentru b\u0103rba\u021bi este ac\u021bionat de o mi\u0219care cronografic\u0103 elve\u021bian\u0103 \u0219i este asamblat manual.<\/p>","protected":false},"excerpt":{"rendered":"<p>Acest ceas sport cronograf militar este partenerul perfect pentru un stil de via\u021b\u0103 activ. De la luneta proeminent\u0103 argintie cu indicatoare de minute clare, la cadranul negru cu m\u00e2ini \u0219i indicatoare de ore proeminente, p\u00e2n\u0103 la br\u0103\u021bara din o\u021bel, totul este conceput pentru a sublinia caracterul masculin al acestui ceas pentru b\u0103rba\u021bi. Cu toate acestea, [&hellip;]<\/p>\n","protected":false},"featured_media":45595,"comment_status":"closed","ping_status":"open","template":"","meta":{"_acf_changed":false},"product_brand":[],"product_cat":[20,572],"product_tag":[],"class_list":{"0":"post-45594","1":"product","2":"type-product","3":"status-publish","4":"has-post-thumbnail","6":"product_cat-ceasuri-barbati","7":"product_cat-swiss-military","8":"pa_brand-swiss-military","9":"pa_braslet-otel-inoxidabil","10":"pa_corpus-43-mm","11":"pa_forma-rotund","12":"pa_funcii-cronograf","13":"pa_funcii-data","14":"pa_funcii-iluminare-fluorescenta","15":"pa_garatia-24-luni","16":"pa_korpus-argintiu","17":"pa_kvarc-quartz","18":"pa_material-otel-inoxidabil","19":"pa_mehanizm-quartz","20":"pa_remeshok-argintiu","21":"pa_steklo-cristal-safir","22":"pa_strana-elvetia","23":"pa_voda-10-atm","25":"first","26":"instock","27":"purchasable","28":"product-type-simple"},"acf":[],"_links":{"self":[{"href":"https:\/\/ceasuri.md\/ru\/wp-json\/wp\/v2\/product\/45594","targetHints":{"allow":["GET"]}}],"collection":[{"href":"https:\/\/ceasuri.md\/ru\/wp-json\/wp\/v2\/product"}],"about":[{"href":"https:\/\/ceasuri.md\/ru\/wp-json\/wp\/v2\/types\/product"}],"replies":[{"embeddable":true,"href":"https:\/\/ceasuri.md\/ru\/wp-json\/wp\/v2\/comments?post=45594"}],"wp:featuredmedia":[{"embeddable":true,"href":"https:\/\/ceasuri.md\/ru\/wp-json\/wp\/v2\/media\/45595"}],"wp:attachment":[{"href":"https:\/\/ceasuri.md\/ru\/wp-json\/wp\/v2\/media?parent=45594"}],"wp:term":[{"taxonomy":"product_brand","embeddable":true,"href":"https:\/\/ceasuri.md\/ru\/wp-json\/wp\/v2\/product_brand?post=45594"},{"taxonomy":"product_cat","embeddable":true,"href":"https:\/\/ceasuri.md\/ru\/wp-json\/wp\/v2\/product_cat?post=45594"},{"taxonomy":"product_tag","embeddable":true,"href":"https:\/\/ceasuri.md\/ru\/wp-json\/wp\/v2\/product_tag?post=45594"}],"curies":[{"name":"wp","href":"https:\/\/api.w.org\/{rel}","templated":true}]}}