{"id":45592,"date":"2026-04-02T22:37:17","date_gmt":"2026-04-02T19:37:17","guid":{"rendered":"http:\/\/new.ceasuri.md\/shop\/uncategorized\/swiss-military-by-chrono-sm34015-06\/"},"modified":"2026-04-21T17:48:58","modified_gmt":"2026-04-21T14:48:58","slug":"swiss-military-by-chrono-sm34015-06","status":"publish","type":"product","link":"https:\/\/ceasuri.md\/ru\/shop\/branduri\/swiss-military\/swiss-military-by-chrono-sm34015-06\/","title":{"rendered":"\u0427\u0430\u0441\u044b SWISS MILITARY BY CHRONO QUARTZ CHRONOGRAPH SM34015.06"},"content":{"rendered":"<p>Acest ceas sport cu cronograf militar este partenerul perfect pentru un stil de via\u021b\u0103 activ. De la luneta neagr\u0103 proeminent\u0103 cu markeri de minute distinctivi, la cadranul negru cu m\u00e2ini \u0219i markeri de ore proeminente, p\u00e2n\u0103 la cureaua din cauciuc, totul este conceput pentru a sublinia caracterul masculin al acestui atr\u0103g\u0103tor ceas.<\/p>\n<p>Cu toate acestea, acest ceas are propria sa latur\u0103 sportiv\u0103. Elementele de design de culoare ro\u0219ie fac ca acest cronograf sportiv s\u0103 ias\u0103 \u00een eviden\u021b\u0103 \u0219i subliniaz\u0103 invariabil caracterul extraordinar al proprietarului s\u0103u.<\/p>\n<p>\u00cen plus, acest ceas elve\u021bian este complet echipat cu caracteristici de \u00eenalt\u0103 calitate, potrivite pentru un ceas cronograf sportiv. Carcasa este realizat\u0103 din o\u021bel inoxidabil durabil. Cele trei subcadrane cronografului num\u0103r\u0103 secundele, minutele \u0219i 1\/10 de secund\u0103 atunci c\u00e2nd este activat\u0103 func\u021bia cronometru. Acest este ac\u021bionat de o mi\u0219care cronografic\u0103 elve\u021bian\u0103 \u0219i este asamblat manual.<\/p>","protected":false},"excerpt":{"rendered":"<p>Acest ceas sport cu cronograf militar este partenerul perfect pentru un stil de via\u021b\u0103 activ. De la luneta neagr\u0103 proeminent\u0103 cu markeri de minute distinctivi, la cadranul negru cu m\u00e2ini \u0219i markeri de ore proeminente, p\u00e2n\u0103 la cureaua din cauciuc, totul este conceput pentru a sublinia caracterul masculin al acestui atr\u0103g\u0103tor ceas. Cu toate acestea, [&hellip;]<\/p>\n","protected":false},"featured_media":45593,"comment_status":"closed","ping_status":"open","template":"","meta":{"_acf_changed":false},"product_brand":[],"product_cat":[20,572],"product_tag":[],"class_list":{"0":"post-45592","1":"product","2":"type-product","3":"status-publish","4":"has-post-thumbnail","6":"product_cat-ceasuri-barbati","7":"product_cat-swiss-military","8":"pa_brand-swiss-military","9":"pa_braslet-cauciuc","10":"pa_corpus-43-mm","11":"pa_forma-rotund","12":"pa_funcii-cronograf","13":"pa_funcii-data","14":"pa_funcii-iluminare-fluorescenta","15":"pa_garatia-24-luni","16":"pa_korpus-argintiu","17":"pa_kvarc-quartz","18":"pa_material-otel-inoxidabil","19":"pa_mehanizm-quartz","20":"pa_remeshok-bicolor","21":"pa_steklo-cristal-safir","22":"pa_strana-elvetia","23":"pa_voda-10-atm","25":"first","26":"instock","27":"purchasable","28":"product-type-simple"},"acf":[],"_links":{"self":[{"href":"https:\/\/ceasuri.md\/ru\/wp-json\/wp\/v2\/product\/45592","targetHints":{"allow":["GET"]}}],"collection":[{"href":"https:\/\/ceasuri.md\/ru\/wp-json\/wp\/v2\/product"}],"about":[{"href":"https:\/\/ceasuri.md\/ru\/wp-json\/wp\/v2\/types\/product"}],"replies":[{"embeddable":true,"href":"https:\/\/ceasuri.md\/ru\/wp-json\/wp\/v2\/comments?post=45592"}],"wp:featuredmedia":[{"embeddable":true,"href":"https:\/\/ceasuri.md\/ru\/wp-json\/wp\/v2\/media\/45593"}],"wp:attachment":[{"href":"https:\/\/ceasuri.md\/ru\/wp-json\/wp\/v2\/media?parent=45592"}],"wp:term":[{"taxonomy":"product_brand","embeddable":true,"href":"https:\/\/ceasuri.md\/ru\/wp-json\/wp\/v2\/product_brand?post=45592"},{"taxonomy":"product_cat","embeddable":true,"href":"https:\/\/ceasuri.md\/ru\/wp-json\/wp\/v2\/product_cat?post=45592"},{"taxonomy":"product_tag","embeddable":true,"href":"https:\/\/ceasuri.md\/ru\/wp-json\/wp\/v2\/product_tag?post=45592"}],"curies":[{"name":"wp","href":"https:\/\/api.w.org\/{rel}","templated":true}]}}