{"id":45586,"date":"2026-04-02T22:37:17","date_gmt":"2026-04-02T19:37:17","guid":{"rendered":"http:\/\/new.ceasuri.md\/shop\/uncategorized\/swiss-military-by-chrono-sm34038-03\/"},"modified":"2026-04-21T17:48:58","modified_gmt":"2026-04-21T14:48:58","slug":"swiss-military-by-chrono-sm34038-03","status":"publish","type":"product","link":"https:\/\/ceasuri.md\/ru\/shop\/branduri\/swiss-military\/swiss-military-by-chrono-sm34038-03\/","title":{"rendered":"\u0427\u0430\u0441\u044b SWISS MILITARY BY CHRONO QUARTZ CHRONOGRAPH SM34038.03"},"content":{"rendered":"<p>Acest \u00eendr\u0103zne\u021b ceas cu cronograf militar pentru b\u0103rba\u021bi este partenerul perfect pentru cei care iubesc un ceas mare, \u00een stil militar.<\/p>\n<p>Carcasa din o\u021bel a ceasului are o lunet\u0103 foarte sub\u021bire, astfel \u00eenc\u00e2t deschiderea cadranului s\u0103 fie c\u00e2t mai larg\u0103. Cadranul este decorat cu cifre arabe mari \u0219i negre \u0219i cu o secundar\u0103 ro\u0219ie sportiv\u0103.<\/p>\n<p>Cele trei subcadrane ale cadranului cronografului num\u0103r\u0103 secundele, minutele \u0219i 1\/10 de secund\u0103 atunci c\u00e2nd este activat\u0103 func\u021bia de cronometru. \u00cen plus, indicarea retrograd\u0103 a zilei s\u0103pt\u0103m\u00e2nii este situat\u0103 cronografului la ora 12. Astfel, nu numai data afi\u0219at\u0103 la ora 6, ci \u0219i ziua s\u0103pt\u0103m\u00e2nii pot fi citite cu u\u0219urin\u021b\u0103 pe cadran.<\/p>\n<p>\u00cen conformitate cu abordarea Swiss Made a orologeriei, carcasa acestui ceas cronograf de mari dimensiuni este realizat\u0103 din o\u021bel inoxidabil solid.  Acele m\u00e2ini pentru ore \u0219i minute sunt luminescente \u0219i str\u0103lucesc \u00een \u00eentuneric.<\/p>\n<p>Acest ceas este echipat cu o mi\u0219care cronografic\u0103 elve\u021bian\u0103 \u0219i este asamblat manual.<\/p>","protected":false},"excerpt":{"rendered":"<p>Acest \u00eendr\u0103zne\u021b ceas cu cronograf militar pentru b\u0103rba\u021bi este partenerul perfect pentru cei care iubesc un ceas mare, \u00een stil militar. Carcasa din o\u021bel a ceasului are o lunet\u0103 foarte sub\u021bire, astfel \u00eenc\u00e2t deschiderea cadranului s\u0103 fie c\u00e2t mai larg\u0103. Cadranul este decorat cu cifre arabe mari \u0219i negre \u0219i cu o secundar\u0103 ro\u0219ie sportiv\u0103. [&hellip;]<\/p>\n","protected":false},"featured_media":45587,"comment_status":"closed","ping_status":"open","template":"","meta":{"_acf_changed":false},"product_brand":[],"product_cat":[20,572],"product_tag":[],"class_list":{"0":"post-45586","1":"product","2":"type-product","3":"status-publish","4":"has-post-thumbnail","6":"product_cat-ceasuri-barbati","7":"product_cat-swiss-military","8":"pa_brand-swiss-military","9":"pa_braslet-piele","10":"pa_corpus-48-mm","11":"pa_forma-rotund","12":"pa_funcii-cronograf","13":"pa_funcii-data","14":"pa_funcii-iluminare-fluorescenta","15":"pa_funcii-tahimetru","16":"pa_funcii-ziua-saptamanii","17":"pa_garatia-24-luni","18":"pa_korpus-argintiu","19":"pa_kvarc-quartz","20":"pa_material-otel-inoxidabil","21":"pa_mehanizm-quartz","22":"pa_remeshok-maro","23":"pa_steklo-cristal-safir","24":"pa_strana-elvetia","25":"pa_voda-10-atm","27":"first","28":"instock","29":"purchasable","30":"product-type-simple"},"acf":[],"_links":{"self":[{"href":"https:\/\/ceasuri.md\/ru\/wp-json\/wp\/v2\/product\/45586","targetHints":{"allow":["GET"]}}],"collection":[{"href":"https:\/\/ceasuri.md\/ru\/wp-json\/wp\/v2\/product"}],"about":[{"href":"https:\/\/ceasuri.md\/ru\/wp-json\/wp\/v2\/types\/product"}],"replies":[{"embeddable":true,"href":"https:\/\/ceasuri.md\/ru\/wp-json\/wp\/v2\/comments?post=45586"}],"wp:featuredmedia":[{"embeddable":true,"href":"https:\/\/ceasuri.md\/ru\/wp-json\/wp\/v2\/media\/45587"}],"wp:attachment":[{"href":"https:\/\/ceasuri.md\/ru\/wp-json\/wp\/v2\/media?parent=45586"}],"wp:term":[{"taxonomy":"product_brand","embeddable":true,"href":"https:\/\/ceasuri.md\/ru\/wp-json\/wp\/v2\/product_brand?post=45586"},{"taxonomy":"product_cat","embeddable":true,"href":"https:\/\/ceasuri.md\/ru\/wp-json\/wp\/v2\/product_cat?post=45586"},{"taxonomy":"product_tag","embeddable":true,"href":"https:\/\/ceasuri.md\/ru\/wp-json\/wp\/v2\/product_tag?post=45586"}],"curies":[{"name":"wp","href":"https:\/\/api.w.org\/{rel}","templated":true}]}}