{"id":45580,"date":"2022-11-30T20:52:21","date_gmt":"2022-11-30T18:52:21","guid":{"rendered":"http:\/\/new.ceasuri.md\/shop\/uncategorized\/swiss-military-by-chrono-sm34065-07\/"},"modified":"2026-05-01T17:06:06","modified_gmt":"2026-05-01T14:06:06","slug":"swiss-military-by-chrono-sm34065-07","status":"publish","type":"product","link":"https:\/\/ceasuri.md\/ru\/shop\/branduri\/swiss-military\/swiss-military-by-chrono-sm34065-07\/","title":{"rendered":"\u0427\u0430\u0441\u044b SWISS MILITARY BY CHRONO SM34065.07"},"content":{"rendered":"<p>Acest ceas elegant pentru b\u0103rba\u021bi este un must-have \u00een colec\u021bia oric\u0103rui b\u0103rbat.<\/p>\n<p>Carcasa rotund din o\u021bel \u0219i aur roz are o lunet\u0103 canelat\u0103 \u0219i un cadran argintiu cu indici clasice din aur roz.<\/p>\n<p>Sticla mineral\u0103 cu strat de safir protejeaz\u0103 ceasul de deterior\u0103ri accidentale.<\/p>\n<p>\u00cen plus, acest ceas tradi\u021bional pentru b\u0103rba\u021bi este realizat \u00een conformitate cu toate caracteristicile de calitate Swiss Made.<\/p>","protected":false},"excerpt":{"rendered":"<p>Acest ceas elegant pentru b\u0103rba\u021bi este un must-have \u00een colec\u021bia oric\u0103rui b\u0103rbat. Carcasa rotund din o\u021bel \u0219i aur roz are o lunet\u0103 canelat\u0103 \u0219i un cadran argintiu cu indici clasice din aur roz. Sticla mineral\u0103 cu strat de safir protejeaz\u0103 ceasul de deterior\u0103ri accidentale. \u00cen plus, acest ceas tradi\u021bional pentru b\u0103rba\u021bi este realizat \u00een conformitate [&hellip;]<\/p>\n","protected":false},"featured_media":45581,"comment_status":"closed","ping_status":"open","template":"","meta":{"_acf_changed":false},"product_brand":[],"product_cat":[20,572],"product_tag":[],"class_list":{"0":"post-45580","1":"product","2":"type-product","3":"status-publish","4":"has-post-thumbnail","6":"product_cat-ceasuri-barbati","7":"product_cat-swiss-military","8":"pa_brand-swiss-military","9":"pa_braslet-otel-inoxidabil","10":"pa_corpus-40-mm","11":"pa_forma-rotund","12":"pa_funcii-data","13":"pa_garatia-24-luni","14":"pa_korpus-argintiu","15":"pa_kvarc-quartz","16":"pa_material-otel-inoxidabil","17":"pa_mehanizm-quartz","18":"pa_remeshok-bicolor","19":"pa_steklo-cristal-safir","20":"pa_strana-elvetia","21":"pa_voda-5-atm","23":"first","24":"instock","25":"purchasable","26":"product-type-simple"},"acf":[],"_links":{"self":[{"href":"https:\/\/ceasuri.md\/ru\/wp-json\/wp\/v2\/product\/45580","targetHints":{"allow":["GET"]}}],"collection":[{"href":"https:\/\/ceasuri.md\/ru\/wp-json\/wp\/v2\/product"}],"about":[{"href":"https:\/\/ceasuri.md\/ru\/wp-json\/wp\/v2\/types\/product"}],"replies":[{"embeddable":true,"href":"https:\/\/ceasuri.md\/ru\/wp-json\/wp\/v2\/comments?post=45580"}],"wp:featuredmedia":[{"embeddable":true,"href":"https:\/\/ceasuri.md\/ru\/wp-json\/wp\/v2\/media\/45581"}],"wp:attachment":[{"href":"https:\/\/ceasuri.md\/ru\/wp-json\/wp\/v2\/media?parent=45580"}],"wp:term":[{"taxonomy":"product_brand","embeddable":true,"href":"https:\/\/ceasuri.md\/ru\/wp-json\/wp\/v2\/product_brand?post=45580"},{"taxonomy":"product_cat","embeddable":true,"href":"https:\/\/ceasuri.md\/ru\/wp-json\/wp\/v2\/product_cat?post=45580"},{"taxonomy":"product_tag","embeddable":true,"href":"https:\/\/ceasuri.md\/ru\/wp-json\/wp\/v2\/product_tag?post=45580"}],"curies":[{"name":"wp","href":"https:\/\/api.w.org\/{rel}","templated":true}]}}