{"id":45578,"date":"2026-04-02T22:37:17","date_gmt":"2026-04-02T19:37:17","guid":{"rendered":"http:\/\/new.ceasuri.md\/shop\/uncategorized\/swiss-military-by-chrono-sm34067-14\/"},"modified":"2026-04-20T01:07:12","modified_gmt":"2026-04-19T22:07:12","slug":"swiss-military-by-chrono-sm34067-14","status":"publish","type":"product","link":"https:\/\/ceasuri.md\/ru\/shop\/branduri\/swiss-military\/swiss-military-by-chrono-sm34067-14\/","title":{"rendered":"\u0427\u0430\u0441\u044b SWISS MILITARY BY CHRONO SM34067.14"},"content":{"rendered":"<p>Designul super sportiv al acestui ceas este ideal pentru to\u021bi b\u0103rba\u021bii care duc un stil de via\u021b\u0103 activ \u0219i caut\u0103 un ceas care s\u0103 se potriveasc\u0103 lor.<\/p>\n<p>Designul lor se potrive\u0219te perfect cu orice stil de \u00eembr\u0103c\u0103minte.<\/p>\n<p>Curea de silicon foarte confortabil\u0103. Cristalul mineral acoperit cu safir protejeaz\u0103 ceasul de deterior\u0103ri neinten\u021bionate.<\/p>","protected":false},"excerpt":{"rendered":"<p>Designul super sportiv al acestui ceas este ideal pentru to\u021bi b\u0103rba\u021bii care duc un stil de via\u021b\u0103 activ \u0219i caut\u0103 un ceas care s\u0103 se potriveasc\u0103 lor. Designul lor se potrive\u0219te perfect cu orice stil de \u00eembr\u0103c\u0103minte. Curea de silicon foarte confortabil\u0103. Cristalul mineral acoperit cu safir protejeaz\u0103 ceasul de deterior\u0103ri neinten\u021bionate.<\/p>","protected":false},"featured_media":45579,"comment_status":"closed","ping_status":"open","template":"","meta":{"_acf_changed":false},"product_brand":[],"product_cat":[20,572],"product_tag":[],"class_list":{"0":"post-45578","1":"product","2":"type-product","3":"status-publish","4":"has-post-thumbnail","6":"product_cat-ceasuri-barbati","7":"product_cat-swiss-military","8":"pa_brand-swiss-military","9":"pa_braslet-cauciuc","10":"pa_corpus-43-mm","11":"pa_forma-rotund","12":"pa_funcii-cronograf","13":"pa_funcii-data","14":"pa_funcii-total-black","15":"pa_garatia-24-luni","16":"pa_korpus-negru","17":"pa_kvarc-quartz","18":"pa_material-otel-inoxidabil-periat","19":"pa_mehanizm-quartz","20":"pa_remeshok-negru","21":"pa_steklo-cristal-safir","22":"pa_strana-elvetia","23":"pa_voda-10-atm","25":"first","26":"instock","27":"purchasable","28":"product-type-simple"},"acf":[],"_links":{"self":[{"href":"https:\/\/ceasuri.md\/ru\/wp-json\/wp\/v2\/product\/45578","targetHints":{"allow":["GET"]}}],"collection":[{"href":"https:\/\/ceasuri.md\/ru\/wp-json\/wp\/v2\/product"}],"about":[{"href":"https:\/\/ceasuri.md\/ru\/wp-json\/wp\/v2\/types\/product"}],"replies":[{"embeddable":true,"href":"https:\/\/ceasuri.md\/ru\/wp-json\/wp\/v2\/comments?post=45578"}],"wp:featuredmedia":[{"embeddable":true,"href":"https:\/\/ceasuri.md\/ru\/wp-json\/wp\/v2\/media\/45579"}],"wp:attachment":[{"href":"https:\/\/ceasuri.md\/ru\/wp-json\/wp\/v2\/media?parent=45578"}],"wp:term":[{"taxonomy":"product_brand","embeddable":true,"href":"https:\/\/ceasuri.md\/ru\/wp-json\/wp\/v2\/product_brand?post=45578"},{"taxonomy":"product_cat","embeddable":true,"href":"https:\/\/ceasuri.md\/ru\/wp-json\/wp\/v2\/product_cat?post=45578"},{"taxonomy":"product_tag","embeddable":true,"href":"https:\/\/ceasuri.md\/ru\/wp-json\/wp\/v2\/product_tag?post=45578"}],"curies":[{"name":"wp","href":"https:\/\/api.w.org\/{rel}","templated":true}]}}