{"id":45568,"date":"2026-04-02T22:37:17","date_gmt":"2026-04-02T19:37:17","guid":{"rendered":"http:\/\/new.ceasuri.md\/shop\/uncategorized\/swiss-military-by-chrono-sm34089-03\/"},"modified":"2026-04-20T01:07:17","modified_gmt":"2026-04-19T22:07:17","slug":"swiss-military-by-chrono-sm34089-03","status":"publish","type":"product","link":"https:\/\/ceasuri.md\/ru\/shop\/branduri\/swiss-military\/swiss-military-by-chrono-sm34089-03\/","title":{"rendered":"\u0427\u0430\u0441\u044b SWISS MILITARY BY CHRONO SM34089.03"},"content":{"rendered":"<p>Acest ceas este partenerul perfect pentru toate femeile.<\/p>\n<p>Coroana este \u00een\u0219urubat\u0103 \u00een siguran\u021b\u0103 \u00een carcas\u0103 pentru a preveni p\u0103trunderea apei \u00een ceas la scufund\u0103ri la ad\u00e2ncimi mici.<\/p>\n<p>\u00cen plus, acest ceas elve\u021bian este complet echipat cu caracteristicile de \u00eenalt\u0103 calitate ale unui ceas elve\u021bian.<\/p>\n<p>Carcasa \u0219i cureaua acestui ceas sunt fabricate din o\u021bel inoxidabil robust.<\/p>\n<p>Cadranul este acoperit de un cristal mineral cu un strat de cristal de safir.<\/p>\n<p>Indicatoarele sunt acoperite cu luminescen\u021b\u0103 \u0219i str\u0103lucesc \u00een \u00eentuneric.<\/p>","protected":false},"excerpt":{"rendered":"<p>Acest ceas este partenerul perfect pentru toate femeile. Coroana este \u00een\u0219urubat\u0103 \u00een siguran\u021b\u0103 \u00een carcas\u0103 pentru a preveni p\u0103trunderea apei \u00een ceas la scufund\u0103ri la ad\u00e2ncimi mici. \u00cen plus, acest ceas elve\u021bian este complet echipat cu caracteristicile de \u00eenalt\u0103 calitate ale unui ceas elve\u021bian. Carcasa \u0219i cureaua acestui ceas sunt fabricate din o\u021bel inoxidabil robust. [&hellip;]<\/p>\n","protected":false},"featured_media":45569,"comment_status":"closed","ping_status":"open","template":"","meta":{"_acf_changed":false},"product_brand":[],"product_cat":[25,572],"product_tag":[],"class_list":{"0":"post-45568","1":"product","2":"type-product","3":"status-publish","4":"has-post-thumbnail","6":"product_cat-ceasuri-dama","7":"product_cat-swiss-military","8":"pa_brand-swiss-military","9":"pa_braslet-otel-inoxidabil","10":"pa_corpus-37-mm","11":"pa_forma-rotund","12":"pa_funcii-data","13":"pa_garatia-24-luni","14":"pa_korpus-argintiu","15":"pa_kvarc-quartz","16":"pa_material-otel-inoxidabil","17":"pa_mehanizm-quartz","18":"pa_remeshok-argintiu","19":"pa_steklo-cristal-mineral","20":"pa_strana-elvetia","21":"pa_voda-20-atm","23":"first","24":"instock","25":"purchasable","26":"product-type-simple"},"acf":[],"_links":{"self":[{"href":"https:\/\/ceasuri.md\/ru\/wp-json\/wp\/v2\/product\/45568","targetHints":{"allow":["GET"]}}],"collection":[{"href":"https:\/\/ceasuri.md\/ru\/wp-json\/wp\/v2\/product"}],"about":[{"href":"https:\/\/ceasuri.md\/ru\/wp-json\/wp\/v2\/types\/product"}],"replies":[{"embeddable":true,"href":"https:\/\/ceasuri.md\/ru\/wp-json\/wp\/v2\/comments?post=45568"}],"wp:featuredmedia":[{"embeddable":true,"href":"https:\/\/ceasuri.md\/ru\/wp-json\/wp\/v2\/media\/45569"}],"wp:attachment":[{"href":"https:\/\/ceasuri.md\/ru\/wp-json\/wp\/v2\/media?parent=45568"}],"wp:term":[{"taxonomy":"product_brand","embeddable":true,"href":"https:\/\/ceasuri.md\/ru\/wp-json\/wp\/v2\/product_brand?post=45568"},{"taxonomy":"product_cat","embeddable":true,"href":"https:\/\/ceasuri.md\/ru\/wp-json\/wp\/v2\/product_cat?post=45568"},{"taxonomy":"product_tag","embeddable":true,"href":"https:\/\/ceasuri.md\/ru\/wp-json\/wp\/v2\/product_tag?post=45568"}],"curies":[{"name":"wp","href":"https:\/\/api.w.org\/{rel}","templated":true}]}}