{"id":45564,"date":"2026-04-02T22:37:17","date_gmt":"2026-04-02T19:37:17","guid":{"rendered":"http:\/\/new.ceasuri.md\/shop\/uncategorized\/swiss-military-by-chrono-sm34090-03\/"},"modified":"2026-04-20T01:07:18","modified_gmt":"2026-04-19T22:07:18","slug":"swiss-military-by-chrono-sm34090-03","status":"publish","type":"product","link":"https:\/\/ceasuri.md\/ru\/shop\/branduri\/swiss-military\/swiss-military-by-chrono-sm34090-03\/","title":{"rendered":"\u0427\u0430\u0441\u044b SWISS MILITARY BY CHRONO SM34090.03"},"content":{"rendered":"<p>Acest ceas \u00een stil vintage are dou\u0103 cadrane cronografice suplimentare.<\/p>\n<p>Cadrane cronografice albe se \u00eembin\u0103 cu cadranul periat al ceasului \u0219i formeaz\u0103 un contrast atr\u0103g\u0103tor care face din acest ceas un adev\u0103rat punct de atrac\u021bie.O curea moale din piele \u00een stil vintage completeaz\u0103 acest ceas.<\/p>\n<p>\u00cen plus, ceas fabricat \u00een Elve\u021bia este echipat cu func\u021bii de \u00eenalt\u0103 calitate. Carcasa este fabricat\u0103 din o\u021bel inoxidabil durabil. Indicatoarele sunt acoperite cu luminescen\u021b\u0103 \u0219i str\u0103lucesc \u00een \u00eentuneric.<\/p>","protected":false},"excerpt":{"rendered":"<p>Acest ceas \u00een stil vintage are dou\u0103 cadrane cronografice suplimentare. Cadrane cronografice albe se \u00eembin\u0103 cu cadranul periat al ceasului \u0219i formeaz\u0103 un contrast atr\u0103g\u0103tor care face din acest ceas un adev\u0103rat punct de atrac\u021bie.O curea moale din piele \u00een stil vintage completeaz\u0103 acest ceas. \u00cen plus, ceas fabricat \u00een Elve\u021bia este echipat cu func\u021bii [&hellip;]<\/p>\n","protected":false},"featured_media":45565,"comment_status":"closed","ping_status":"open","template":"","meta":{"_acf_changed":false},"product_brand":[],"product_cat":[20,572],"product_tag":[],"class_list":{"0":"post-45564","1":"product","2":"type-product","3":"status-publish","4":"has-post-thumbnail","6":"product_cat-ceasuri-barbati","7":"product_cat-swiss-military","8":"pa_brand-swiss-military","9":"pa_braslet-piele","10":"pa_corpus-42-mm","11":"pa_forma-rotund","12":"pa_funcii-cronograf","13":"pa_funcii-data","14":"pa_garatia-24-luni","15":"pa_korpus-argintiu","16":"pa_kvarc-quartz","17":"pa_material-otel-inoxidabil","18":"pa_mehanizm-quartz","19":"pa_remeshok-negru","20":"pa_steklo-cristal-mineral","21":"pa_strana-elvetia","22":"pa_voda-10-atm","24":"first","25":"instock","26":"purchasable","27":"product-type-simple"},"acf":[],"_links":{"self":[{"href":"https:\/\/ceasuri.md\/ru\/wp-json\/wp\/v2\/product\/45564","targetHints":{"allow":["GET"]}}],"collection":[{"href":"https:\/\/ceasuri.md\/ru\/wp-json\/wp\/v2\/product"}],"about":[{"href":"https:\/\/ceasuri.md\/ru\/wp-json\/wp\/v2\/types\/product"}],"replies":[{"embeddable":true,"href":"https:\/\/ceasuri.md\/ru\/wp-json\/wp\/v2\/comments?post=45564"}],"wp:featuredmedia":[{"embeddable":true,"href":"https:\/\/ceasuri.md\/ru\/wp-json\/wp\/v2\/media\/45565"}],"wp:attachment":[{"href":"https:\/\/ceasuri.md\/ru\/wp-json\/wp\/v2\/media?parent=45564"}],"wp:term":[{"taxonomy":"product_brand","embeddable":true,"href":"https:\/\/ceasuri.md\/ru\/wp-json\/wp\/v2\/product_brand?post=45564"},{"taxonomy":"product_cat","embeddable":true,"href":"https:\/\/ceasuri.md\/ru\/wp-json\/wp\/v2\/product_cat?post=45564"},{"taxonomy":"product_tag","embeddable":true,"href":"https:\/\/ceasuri.md\/ru\/wp-json\/wp\/v2\/product_tag?post=45564"}],"curies":[{"name":"wp","href":"https:\/\/api.w.org\/{rel}","templated":true}]}}