{"id":45556,"date":"2026-04-02T22:37:17","date_gmt":"2026-04-02T19:37:17","guid":{"rendered":"http:\/\/new.ceasuri.md\/shop\/uncategorized\/swiss-military-by-chrono-sm34093-03\/"},"modified":"2026-04-20T01:07:21","modified_gmt":"2026-04-19T22:07:21","slug":"swiss-military-by-chrono-sm34093-03","status":"publish","type":"product","link":"https:\/\/ceasuri.md\/ru\/shop\/branduri\/swiss-military\/swiss-military-by-chrono-sm34093-03\/","title":{"rendered":"\u0427\u0430\u0441\u044b SWISS MILITARY BY CHRONO SM34093.03"},"content":{"rendered":"<p>Claritatea, func\u021bionalitatea \u0219i siguranta sunt semnele distinctive ale acestui ceas cronograf sport pentru b\u0103rba\u021bi.<\/p>\n<p>Designul \u00eencorporeaz\u0103 toate func\u021biile necesare unui adev\u0103rat ceas cronograf pentru m\u0103surarea vitezei &#8211; at\u00e2t \u00een aer, c\u00e2t \u0219i la sol. Trei subcadrane num\u0103r\u0103 secundele, minutele \u0219i 1\/10 de secund\u0103, \u00een timp ce un tahimetru m\u0103soar\u0103 viteza pe baza timpului scurs pe o distan\u021b\u0103 fix\u0103.<\/p>\n<p>Indicatoarele de ore cu cifre arabe sunt luminescente \u0219i str\u0103lucesc \u00een \u00eentuneric.<\/p>","protected":false},"excerpt":{"rendered":"<p>Claritatea, func\u021bionalitatea \u0219i siguranta sunt semnele distinctive ale acestui ceas cronograf sport pentru b\u0103rba\u021bi. Designul \u00eencorporeaz\u0103 toate func\u021biile necesare unui adev\u0103rat ceas cronograf pentru m\u0103surarea vitezei &#8211; at\u00e2t \u00een aer, c\u00e2t \u0219i la sol. Trei subcadrane num\u0103r\u0103 secundele, minutele \u0219i 1\/10 de secund\u0103, \u00een timp ce un tahimetru m\u0103soar\u0103 viteza pe baza timpului scurs pe [&hellip;]<\/p>\n","protected":false},"featured_media":45557,"comment_status":"closed","ping_status":"open","template":"","meta":{"_acf_changed":false},"product_brand":[],"product_cat":[20,572],"product_tag":[],"class_list":{"0":"post-45556","1":"product","2":"type-product","3":"status-publish","4":"has-post-thumbnail","6":"product_cat-ceasuri-barbati","7":"product_cat-swiss-military","8":"pa_brand-swiss-military","9":"pa_braslet-piele","10":"pa_corpus-45-mm","11":"pa_forma-rotund","12":"pa_funcii-cronograf","13":"pa_funcii-data","14":"pa_garatia-24-luni","15":"pa_korpus-argintiu","16":"pa_kvarc-quartz","17":"pa_material-otel-inoxidabil","18":"pa_mehanizm-quartz","19":"pa_remeshok-negru","20":"pa_steklo-cristal-safir","21":"pa_strana-elvetia","22":"pa_voda-10-atm","24":"first","25":"instock","26":"purchasable","27":"product-type-simple"},"acf":[],"_links":{"self":[{"href":"https:\/\/ceasuri.md\/ru\/wp-json\/wp\/v2\/product\/45556","targetHints":{"allow":["GET"]}}],"collection":[{"href":"https:\/\/ceasuri.md\/ru\/wp-json\/wp\/v2\/product"}],"about":[{"href":"https:\/\/ceasuri.md\/ru\/wp-json\/wp\/v2\/types\/product"}],"replies":[{"embeddable":true,"href":"https:\/\/ceasuri.md\/ru\/wp-json\/wp\/v2\/comments?post=45556"}],"wp:featuredmedia":[{"embeddable":true,"href":"https:\/\/ceasuri.md\/ru\/wp-json\/wp\/v2\/media\/45557"}],"wp:attachment":[{"href":"https:\/\/ceasuri.md\/ru\/wp-json\/wp\/v2\/media?parent=45556"}],"wp:term":[{"taxonomy":"product_brand","embeddable":true,"href":"https:\/\/ceasuri.md\/ru\/wp-json\/wp\/v2\/product_brand?post=45556"},{"taxonomy":"product_cat","embeddable":true,"href":"https:\/\/ceasuri.md\/ru\/wp-json\/wp\/v2\/product_cat?post=45556"},{"taxonomy":"product_tag","embeddable":true,"href":"https:\/\/ceasuri.md\/ru\/wp-json\/wp\/v2\/product_tag?post=45556"}],"curies":[{"name":"wp","href":"https:\/\/api.w.org\/{rel}","templated":true}]}}