{"id":45552,"date":"2026-04-02T22:36:16","date_gmt":"2026-04-02T19:36:16","guid":{"rendered":"http:\/\/new.ceasuri.md\/shop\/uncategorized\/swiss-military-by-chrono-sma34077-10\/"},"modified":"2026-04-20T01:07:23","modified_gmt":"2026-04-19T22:07:23","slug":"swiss-military-by-chrono-sma34077-10","status":"publish","type":"product","link":"https:\/\/ceasuri.md\/ru\/shop\/branduri\/swiss-military\/swiss-military-by-chrono-sma34077-10\/","title":{"rendered":"\u0427\u0430\u0441\u044b SWISS MILITARY BY CHRONO SMA34077.10"},"content":{"rendered":"<p>Swiss Military \u00ee\u0219i \u00eentruchipiaza precizia \u0219i fiabilitatea \u00een ceasurile sale. Me\u0219terii m\u0103rcii au dezvoltat o construc\u021bie puternic\u0103 din materiale rezistente, cre\u00e2nd un ceas pentru sport \u0219i pentru via\u021ba \u00een mi\u0219care.<\/p>\n<p>Compania asigur\u0103 func\u021bionalitatea pentru toate condi\u021biile de utilizare &#8211; de exemplu, fiecare model are un strat luminescent pentru o lizibilitate u\u0219oar\u0103 \u00een \u00eentuneric. Conceptul de design al ceasurilor Swiss Military este laconic.<\/p>","protected":false},"excerpt":{"rendered":"<p>Swiss Military \u00ee\u0219i \u00eentruchipiaza precizia \u0219i fiabilitatea \u00een ceasurile sale. Me\u0219terii m\u0103rcii au dezvoltat o construc\u021bie puternic\u0103 din materiale rezistente, cre\u00e2nd un ceas pentru sport \u0219i pentru via\u021ba \u00een mi\u0219care. Compania asigur\u0103 func\u021bionalitatea pentru toate condi\u021biile de utilizare &#8211; de exemplu, fiecare model are un strat luminescent pentru o lizibilitate u\u0219oar\u0103 \u00een \u00eentuneric. Conceptul de [&hellip;]<\/p>\n","protected":false},"featured_media":45553,"comment_status":"closed","ping_status":"open","template":"","meta":{"_acf_changed":false},"product_brand":[],"product_cat":[20,572],"product_tag":[],"class_list":{"0":"post-45552","1":"product","2":"type-product","3":"status-publish","4":"has-post-thumbnail","6":"product_cat-ceasuri-barbati","7":"product_cat-swiss-military","8":"pa_brand-swiss-military","9":"pa_braslet-piele","10":"pa_corpus-42-mm","11":"pa_forma-rotund","12":"pa_funcii-data","13":"pa_funcii-total-black","14":"pa_garatia-24-luni","15":"pa_korpus-negru","16":"pa_material-otel-inoxidabil","17":"pa_mehanizm-mecanic","18":"pa_mehanizm-mecanism-automatic","19":"pa_remeshok-negru","20":"pa_steklo-cristal-safir","21":"pa_strana-elvetia","22":"pa_voda-10-atm","24":"first","25":"instock","26":"purchasable","27":"product-type-simple"},"acf":[],"_links":{"self":[{"href":"https:\/\/ceasuri.md\/ru\/wp-json\/wp\/v2\/product\/45552","targetHints":{"allow":["GET"]}}],"collection":[{"href":"https:\/\/ceasuri.md\/ru\/wp-json\/wp\/v2\/product"}],"about":[{"href":"https:\/\/ceasuri.md\/ru\/wp-json\/wp\/v2\/types\/product"}],"replies":[{"embeddable":true,"href":"https:\/\/ceasuri.md\/ru\/wp-json\/wp\/v2\/comments?post=45552"}],"wp:featuredmedia":[{"embeddable":true,"href":"https:\/\/ceasuri.md\/ru\/wp-json\/wp\/v2\/media\/45553"}],"wp:attachment":[{"href":"https:\/\/ceasuri.md\/ru\/wp-json\/wp\/v2\/media?parent=45552"}],"wp:term":[{"taxonomy":"product_brand","embeddable":true,"href":"https:\/\/ceasuri.md\/ru\/wp-json\/wp\/v2\/product_brand?post=45552"},{"taxonomy":"product_cat","embeddable":true,"href":"https:\/\/ceasuri.md\/ru\/wp-json\/wp\/v2\/product_cat?post=45552"},{"taxonomy":"product_tag","embeddable":true,"href":"https:\/\/ceasuri.md\/ru\/wp-json\/wp\/v2\/product_tag?post=45552"}],"curies":[{"name":"wp","href":"https:\/\/api.w.org\/{rel}","templated":true}]}}