{"id":45544,"date":"2026-04-02T22:36:16","date_gmt":"2026-04-02T19:36:16","guid":{"rendered":"http:\/\/new.ceasuri.md\/shop\/uncategorized\/swiss-military-by-chrono-sma34085-33\/"},"modified":"2026-04-20T01:07:24","modified_gmt":"2026-04-19T22:07:24","slug":"swiss-military-by-chrono-sma34085-33","status":"publish","type":"product","link":"https:\/\/ceasuri.md\/ru\/shop\/branduri\/swiss-military\/swiss-military-by-chrono-sma34085-33\/","title":{"rendered":"\u0427\u0430\u0441\u044b SWISS MILITARY BY CHRONO SMA34085.33"},"content":{"rendered":"<p>Acest ceas b\u0103rb\u0103tesc cu mecanism automatic \u00eentruchipeaz\u0103 perfect valorile tradi\u021bionale al ceasului elve\u021bian, at\u00e2t la interior, c\u00e2t \u0219i la exterior.<\/p>\n<p>Atrac\u021bia ceas const\u0103 \u00een combina\u021bia perfect\u0103 a designului clasic de ceas rotund. Indicatorii sub\u021biri \u0219i elegan\u021bi cu design clasic, completeaz\u0103 acest ceas.<\/p>\n<p>Carcasa cu mecanism automat este realizat\u0103 din o\u021bel inoxidabil durabil.<\/p>\n<p>Un cristal de safir acoper\u0103 cadranul.<\/p>","protected":false},"excerpt":{"rendered":"<p>Acest ceas b\u0103rb\u0103tesc cu mecanism automatic \u00eentruchipeaz\u0103 perfect valorile tradi\u021bionale al ceasului elve\u021bian, at\u00e2t la interior, c\u00e2t \u0219i la exterior. Atrac\u021bia ceas const\u0103 \u00een combina\u021bia perfect\u0103 a designului clasic de ceas rotund. Indicatorii sub\u021biri \u0219i elegan\u021bi cu design clasic, completeaz\u0103 acest ceas. Carcasa cu mecanism automat este realizat\u0103 din o\u021bel inoxidabil durabil. Un cristal de [&hellip;]<\/p>\n","protected":false},"featured_media":45545,"comment_status":"closed","ping_status":"open","template":"","meta":{"_acf_changed":false},"product_brand":[],"product_cat":[20,106,572],"product_tag":[],"class_list":{"0":"post-45544","1":"product","2":"type-product","3":"status-publish","4":"has-post-thumbnail","6":"product_cat-ceasuri-barbati","7":"product_cat-ceasuri-premium","8":"product_cat-swiss-military","9":"pa_brand-swiss-military","10":"pa_braslet-piele","11":"pa_corpus-40-mm","12":"pa_forma-rotund","13":"pa_funcii-semischelet","14":"pa_garatia-24-luni","15":"pa_korpus-argintiu","16":"pa_material-otel-inoxidabil","17":"pa_mehanizm-mecanic","18":"pa_mehanizm-mecanism-automatic","19":"pa_remeshok-negru","20":"pa_steklo-cristal-safir","21":"pa_strana-elvetia","22":"pa_voda-10-atm","24":"first","25":"instock","26":"purchasable","27":"product-type-simple"},"acf":[],"_links":{"self":[{"href":"https:\/\/ceasuri.md\/ru\/wp-json\/wp\/v2\/product\/45544","targetHints":{"allow":["GET"]}}],"collection":[{"href":"https:\/\/ceasuri.md\/ru\/wp-json\/wp\/v2\/product"}],"about":[{"href":"https:\/\/ceasuri.md\/ru\/wp-json\/wp\/v2\/types\/product"}],"replies":[{"embeddable":true,"href":"https:\/\/ceasuri.md\/ru\/wp-json\/wp\/v2\/comments?post=45544"}],"wp:featuredmedia":[{"embeddable":true,"href":"https:\/\/ceasuri.md\/ru\/wp-json\/wp\/v2\/media\/45545"}],"wp:attachment":[{"href":"https:\/\/ceasuri.md\/ru\/wp-json\/wp\/v2\/media?parent=45544"}],"wp:term":[{"taxonomy":"product_brand","embeddable":true,"href":"https:\/\/ceasuri.md\/ru\/wp-json\/wp\/v2\/product_brand?post=45544"},{"taxonomy":"product_cat","embeddable":true,"href":"https:\/\/ceasuri.md\/ru\/wp-json\/wp\/v2\/product_cat?post=45544"},{"taxonomy":"product_tag","embeddable":true,"href":"https:\/\/ceasuri.md\/ru\/wp-json\/wp\/v2\/product_tag?post=45544"}],"curies":[{"name":"wp","href":"https:\/\/api.w.org\/{rel}","templated":true}]}}