{"id":45540,"date":"2022-11-30T20:50:31","date_gmt":"2022-11-30T18:50:31","guid":{"rendered":"http:\/\/new.ceasuri.md\/shop\/uncategorized\/swiss-military-by-chrono-sma34092-01\/"},"modified":"2026-05-01T17:05:28","modified_gmt":"2026-05-01T14:05:28","slug":"swiss-military-by-chrono-sma34092-01","status":"publish","type":"product","link":"https:\/\/ceasuri.md\/ru\/shop\/branduri\/swiss-military\/swiss-military-by-chrono-sma34092-01\/","title":{"rendered":"\u0427\u0430\u0441\u044b SWISS MILITARY BY CHRONO SMA34092.01"},"content":{"rendered":"<p>Acest ceas de scufund\u0103ri la mare ad\u00e2ncime rezist\u0103 la presiunea apei p\u00e2n\u0103 la o ad\u00e2ncime de 1.000 de metri.<\/p>\n<p>Construc\u021bia rezistent\u0103 a acestui ceas cu cadran negru se bazeaz\u0103 pe carcas\u0103 din o\u021bel inoxidabil.<\/p>\n<p>Datorit\u0103 indicatoarelor de culoare verde deschis, nu va fi niciodat\u0103 dificil s\u0103 citi\u021bi ora sub ap\u0103 sau \u00een condi\u021bii de iluminare slab\u0103.<\/p>\n<p>\u00cen plus, minutarul si punctul de pe luneta rotativ\u0103 sunt acoperite cu un compus luminescent albastru deschis pentru a asigura o vizibilitate \u0219i un control excelent al timpului de scufundare.<\/p>","protected":false},"excerpt":{"rendered":"<p>Acest ceas de scufund\u0103ri la mare ad\u00e2ncime rezist\u0103 la presiunea apei p\u00e2n\u0103 la o ad\u00e2ncime de 1.000 de metri. Construc\u021bia rezistent\u0103 a acestui ceas cu cadran negru se bazeaz\u0103 pe carcas\u0103 din o\u021bel inoxidabil. Datorit\u0103 indicatoarelor de culoare verde deschis, nu va fi niciodat\u0103 dificil s\u0103 citi\u021bi ora sub ap\u0103 sau \u00een condi\u021bii de iluminare [&hellip;]<\/p>\n","protected":false},"featured_media":45541,"comment_status":"closed","ping_status":"open","template":"","meta":{"_acf_changed":false},"product_brand":[],"product_cat":[20,106,572],"product_tag":[],"class_list":{"0":"post-45540","1":"product","2":"type-product","3":"status-publish","4":"has-post-thumbnail","6":"product_cat-ceasuri-barbati","7":"product_cat-ceasuri-premium","8":"product_cat-swiss-military","9":"pa_brand-swiss-military","10":"pa_braslet-otel-inoxidabil","11":"pa_corpus-45-mm","12":"pa_forma-rotund","13":"pa_funcii-data","14":"pa_garatia-24-luni","15":"pa_korpus-argintiu","16":"pa_material-otel-inoxidabil","17":"pa_mehanizm-mecanic","18":"pa_mehanizm-mecanism-automatic","19":"pa_remeshok-argintiu","20":"pa_steklo-cristal-safir","21":"pa_strana-elvetia","22":"pa_voda-100-atm","24":"first","25":"instock","26":"purchasable","27":"product-type-simple"},"acf":[],"_links":{"self":[{"href":"https:\/\/ceasuri.md\/ru\/wp-json\/wp\/v2\/product\/45540","targetHints":{"allow":["GET"]}}],"collection":[{"href":"https:\/\/ceasuri.md\/ru\/wp-json\/wp\/v2\/product"}],"about":[{"href":"https:\/\/ceasuri.md\/ru\/wp-json\/wp\/v2\/types\/product"}],"replies":[{"embeddable":true,"href":"https:\/\/ceasuri.md\/ru\/wp-json\/wp\/v2\/comments?post=45540"}],"wp:featuredmedia":[{"embeddable":true,"href":"https:\/\/ceasuri.md\/ru\/wp-json\/wp\/v2\/media\/45541"}],"wp:attachment":[{"href":"https:\/\/ceasuri.md\/ru\/wp-json\/wp\/v2\/media?parent=45540"}],"wp:term":[{"taxonomy":"product_brand","embeddable":true,"href":"https:\/\/ceasuri.md\/ru\/wp-json\/wp\/v2\/product_brand?post=45540"},{"taxonomy":"product_cat","embeddable":true,"href":"https:\/\/ceasuri.md\/ru\/wp-json\/wp\/v2\/product_cat?post=45540"},{"taxonomy":"product_tag","embeddable":true,"href":"https:\/\/ceasuri.md\/ru\/wp-json\/wp\/v2\/product_tag?post=45540"}],"curies":[{"name":"wp","href":"https:\/\/api.w.org\/{rel}","templated":true}]}}