{"id":45501,"date":"2022-11-30T20:50:03","date_gmt":"2022-11-30T18:50:03","guid":{"rendered":"http:\/\/new.ceasuri.md\/shop\/uncategorized\/poljot-international-globetrotter-le-9730-2940653\/"},"modified":"2026-05-01T17:05:13","modified_gmt":"2026-05-01T14:05:13","slug":"poljot-international-globetrotter-le-9730-2940653","status":"publish","type":"product","link":"https:\/\/ceasuri.md\/ru\/shop\/branduri\/poljot-international\/poljot-international-globetrotter-le-9730-2940653\/","title":{"rendered":"\u0427\u0430\u0441\u044b POLJOT INTERNATIONAL GLOBETROTTER LE 9730.2940653"},"content":{"rendered":"<p>Modelul cu ora dubl\u0103 \u201eGlobetrotter\u201d este companionul ideal pentru c\u0103l\u0103torii care iubesc lucrurile neobi\u0219nuite.<\/p>\n<p>Indicatorul de zi \u0219i noapte este afi\u0219at pe disc sub forma unei h\u0103r\u021bi a lumii cu luna \u0219i soarele \u0219i se armonizeaz\u0103 perfect cu acul albastru. Acul secundar se afl\u0103 \u00een pozi\u021bia \u201eora 9\u201d. Indicii triunghiulari completeaz\u0103 aspectul elegant general.<\/p>\n<p>Aceste ceasuri sunt disponibile \u00een trei versiuni diferite, fiecare dintre ele fiind limitat\u0103 la doar 300 de exemplare. Sunt disponibile modelele cu numerele 066, 071, 105 din 300.<\/p>","protected":false},"excerpt":{"rendered":"<p>Modelul cu ora dubl\u0103 \u201eGlobetrotter\u201d este companionul ideal pentru c\u0103l\u0103torii care iubesc lucrurile neobi\u0219nuite. Indicatorul de zi \u0219i noapte este afi\u0219at pe disc sub forma unei h\u0103r\u021bi a lumii cu luna \u0219i soarele \u0219i se armonizeaz\u0103 perfect cu acul albastru. Acul secundar se afl\u0103 \u00een pozi\u021bia \u201eora 9\u201d. Indicii triunghiulari completeaz\u0103 aspectul elegant general. Aceste [&hellip;]<\/p>\n","protected":false},"featured_media":45502,"comment_status":"closed","ping_status":"open","template":"","meta":{"_acf_changed":false},"product_brand":[],"product_cat":[20,106,205,569],"product_tag":[],"class_list":{"0":"post-45501","1":"product","2":"type-product","3":"status-publish","4":"has-post-thumbnail","6":"product_cat-ceasuri-barbati","7":"product_cat-ceasuri-premium","8":"product_cat-limited-edition","9":"product_cat-poljot-international","10":"pa_brand-poljot-international","11":"pa_braslet-piele","12":"pa_corpus-43-mm","13":"pa_forma-rotund","14":"pa_funcii-daynight","15":"pa_funcii-dual-time","16":"pa_funcii-limited-edition","17":"pa_funcii-schelet","18":"pa_garatia-24-luni","19":"pa_korpus-auriu","20":"pa_material-otel-inoxidabil","21":"pa_mehanizm-mecanic","22":"pa_mehanizm-mecanism-automatic","23":"pa_remeshok-gri","24":"pa_steklo-cristal-safir","25":"pa_strana-germania","26":"pa_voda-5-atm","28":"first","29":"instock","30":"purchasable","31":"product-type-simple"},"acf":[],"_links":{"self":[{"href":"https:\/\/ceasuri.md\/ru\/wp-json\/wp\/v2\/product\/45501","targetHints":{"allow":["GET"]}}],"collection":[{"href":"https:\/\/ceasuri.md\/ru\/wp-json\/wp\/v2\/product"}],"about":[{"href":"https:\/\/ceasuri.md\/ru\/wp-json\/wp\/v2\/types\/product"}],"replies":[{"embeddable":true,"href":"https:\/\/ceasuri.md\/ru\/wp-json\/wp\/v2\/comments?post=45501"}],"wp:featuredmedia":[{"embeddable":true,"href":"https:\/\/ceasuri.md\/ru\/wp-json\/wp\/v2\/media\/45502"}],"wp:attachment":[{"href":"https:\/\/ceasuri.md\/ru\/wp-json\/wp\/v2\/media?parent=45501"}],"wp:term":[{"taxonomy":"product_brand","embeddable":true,"href":"https:\/\/ceasuri.md\/ru\/wp-json\/wp\/v2\/product_brand?post=45501"},{"taxonomy":"product_cat","embeddable":true,"href":"https:\/\/ceasuri.md\/ru\/wp-json\/wp\/v2\/product_cat?post=45501"},{"taxonomy":"product_tag","embeddable":true,"href":"https:\/\/ceasuri.md\/ru\/wp-json\/wp\/v2\/product_tag?post=45501"}],"curies":[{"name":"wp","href":"https:\/\/api.w.org\/{rel}","templated":true}]}}