{"id":45496,"date":"2022-11-30T20:50:02","date_gmt":"2022-11-30T18:50:02","guid":{"rendered":"http:\/\/new.ceasuri.md\/shop\/uncategorized\/poljot-international-nastja-2723-1330103b\/"},"modified":"2026-05-01T17:05:12","modified_gmt":"2026-05-01T14:05:12","slug":"poljot-international-nastja-2723-1330103b","status":"publish","type":"product","link":"https:\/\/ceasuri.md\/ru\/shop\/branduri\/poljot-international\/poljot-international-nastja-2723-1330103b\/","title":{"rendered":"\u0427\u0430\u0441\u044b POLJOT INTERNATIONAL NASTJA 2723.1330103B"},"content":{"rendered":"<p>&#8222;Poliot&#8221; este o marc\u0103 de ceasuri sovietice \u0219i ruse\u0219ti fabricate de Prima fabric\u0103 de ceasuri din Moscova \u00eencep\u00e2nd cu anii 1960. Dup\u0103 primul zbor \u00een spa\u021biu al cosmonautului sovietic Yuri Gagarin, marca a fost denumit\u0103 cu m\u00e2ndrie Poliot &#8211; POLJOT. Ast\u0103zi, aceste m\u0103rci comerciale sunt \u00eenregistrate \u00een peste 90 de \u021b\u0103ri \u0219i sunt bine cunoscute \u00een \u00eentreaga lume. \u00een prezent, toate ceasurile m\u0103rcii de ceasuri POLJOT sunt produse exclusiv \u00een Germania, folosind cele mai avansate tehnologii moderne, iar designul ceasurilor poart\u0103 direct c\u0103ldura sufletului rusesc.<\/p>\n<p>Ceas pentru femei, fabricat \u00een Germania. Mi\u0219care mecanic\u0103 cu \u00eenf\u0103\u0219urare automat\u0103, 20 de bijuterii, rezerv\u0103 de func\u021bionare de 40 de ore.<\/p>\n<p>Cadran roz scheletat cu vedere la mi\u0219care, decorat cu 4 fitile albe, m\u00e2ini albastre, cifre argintii.<\/p>\n<p>Carcas\u0103 din o\u021bel inoxidabil periat. Coroan\u0103 canelat\u0103 cu logo-uri.<\/p>\n<p>Cristal safir rezistent la zg\u00e2rieturi.<\/p>\n<p>Curea din piele maro \u00eenchis cu model crocodil, \u00eenchidere standard lustruit\u0103.<\/p>\n<p>Rezistent\u0103 la ap\u0103 p\u00e2n\u0103 la 5 bar.<\/p>","protected":false},"excerpt":{"rendered":"<p>&#8222;Poliot&#8221; este o marc\u0103 de ceasuri sovietice \u0219i ruse\u0219ti fabricate de Prima fabric\u0103 de ceasuri din Moscova \u00eencep\u00e2nd cu anii 1960. Dup\u0103 primul zbor \u00een spa\u021biu al cosmonautului sovietic Yuri Gagarin, marca a fost denumit\u0103 cu m\u00e2ndrie Poliot &#8211; POLJOT. Ast\u0103zi, aceste m\u0103rci comerciale sunt \u00eenregistrate \u00een peste 90 de \u021b\u0103ri \u0219i sunt bine cunoscute [&hellip;]<\/p>\n","protected":false},"featured_media":45497,"comment_status":"closed","ping_status":"open","template":"","meta":{"_acf_changed":false},"product_brand":[],"product_cat":[25,106,569],"product_tag":[595,691,692],"class_list":{"0":"post-45496","1":"product","2":"type-product","3":"status-publish","4":"has-post-thumbnail","6":"product_cat-ceasuri-dama","7":"product_cat-ceasuri-premium","8":"product_cat-poljot-international","9":"product_tag-cronograf","10":"product_tag-691","11":"product_tag-692","12":"pa_brand-poljot-international","13":"pa_braslet-otel-inoxidabil","14":"pa_corpus-35-mm","15":"pa_forma-rotund","16":"pa_funcii-schelet","17":"pa_garatia-24-luni","18":"pa_korpus-argintiu","19":"pa_material-otel-inoxidabil","20":"pa_mehanizm-mecanic","21":"pa_mehanizm-mecanism-automatic","22":"pa_remeshok-argintiu","23":"pa_steklo-cristal-safir","24":"pa_strana-germania","25":"pa_voda-5-atm","27":"first","28":"instock","29":"purchasable","30":"product-type-simple"},"acf":[],"_links":{"self":[{"href":"https:\/\/ceasuri.md\/ru\/wp-json\/wp\/v2\/product\/45496","targetHints":{"allow":["GET"]}}],"collection":[{"href":"https:\/\/ceasuri.md\/ru\/wp-json\/wp\/v2\/product"}],"about":[{"href":"https:\/\/ceasuri.md\/ru\/wp-json\/wp\/v2\/types\/product"}],"replies":[{"embeddable":true,"href":"https:\/\/ceasuri.md\/ru\/wp-json\/wp\/v2\/comments?post=45496"}],"wp:featuredmedia":[{"embeddable":true,"href":"https:\/\/ceasuri.md\/ru\/wp-json\/wp\/v2\/media\/45497"}],"wp:attachment":[{"href":"https:\/\/ceasuri.md\/ru\/wp-json\/wp\/v2\/media?parent=45496"}],"wp:term":[{"taxonomy":"product_brand","embeddable":true,"href":"https:\/\/ceasuri.md\/ru\/wp-json\/wp\/v2\/product_brand?post=45496"},{"taxonomy":"product_cat","embeddable":true,"href":"https:\/\/ceasuri.md\/ru\/wp-json\/wp\/v2\/product_cat?post=45496"},{"taxonomy":"product_tag","embeddable":true,"href":"https:\/\/ceasuri.md\/ru\/wp-json\/wp\/v2\/product_tag?post=45496"}],"curies":[{"name":"wp","href":"https:\/\/api.w.org\/{rel}","templated":true}]}}