{"id":45480,"date":"2026-04-02T22:36:16","date_gmt":"2026-04-02T19:36:16","guid":{"rendered":"http:\/\/new.ceasuri.md\/shop\/uncategorized\/casio-g-shock-g-squad-gba-800-9a\/"},"modified":"2026-04-20T00:08:01","modified_gmt":"2026-04-19T21:08:01","slug":"casio-g-shock-g-squad-gba-800-9a","status":"publish","type":"product","link":"https:\/\/ceasuri.md\/ru\/shop\/branduri\/casio\/casio-g-shock-g-squad-gba-800-9a\/","title":{"rendered":"\u0427\u0430\u0441\u044b CASIO G-SHOCK G-SQUAD GBA-800-9A"},"content":{"rendered":"<p>Ceasul G-Shock cu tracker de activitate este potrivit at\u00e2t pentru un stil de via\u021b\u0103 casual, fiind un accesoriu colorat \u0219i cool, c\u00e2t \u0219i un dispozitiv utilitar pentru antrenamentele zilnice sau jogging.<\/p>\n<p>Carcasa anti\u0219ocuri protejeaz\u0103 mecanismul de \u0219ocuri \u0219i vibra\u021bii. Retroiluminarea cu dou\u0103 LED-uri ilumineaz\u0103 nu numai ecranul LCD, ci \u0219i \u00eentregul cadran, retroiluminarea pornind automat \u00een cazul \u00een care lumina este insuficient\u0103, \u00een timp ce \u00eentoarce\u021bi \u00eencheietura m\u00e2inii spre fa\u021b\u0103. Stratul de neobrit\u0103 care absoarbe lumina continu\u0103 s\u0103 str\u0103luceasc\u0103 \u00een \u00eentuneric chiar \u0219i dup\u0103 o scurt\u0103 perioad\u0103 de timp \u00een lumin\u0103.<\/p>\n<p>Pedometrul m\u0103soar\u0103 num\u0103rul de pa\u0219i de la 0 la 999999. Afi\u0219are grafic\u0103 a pa\u0219ilor parcur\u0219i \u00een ultimele 11h. Istoric al datelor zilnice timp de 8 zile, al datelor s\u0103pt\u0103m\u00e2nale timp de 4 s\u0103pt\u0103m\u00e2ni. Setarea obiectivelor de la 1000 la 50.000. Avertisment sonor \u00een cazul \u00een care nu activitate \u0219i de atingere a obiectivului.<\/p>\n<p>Tehnologie wireless Bluetooth\u00ae 4.0 cu consum ultra-redus de energie pentru sincronizarea cu smartphone-ul dvs. Atunci c\u00e2nd este conectat la smartphone, ceasul ajusteaz\u0103 ora curent\u0103 \u0219i copiaz\u0103, de asemenea, set\u0103rile pentru ora mondial\u0103. Aplica\u021bia G-SHOCK Connected Phone v\u0103 permite s\u0103 personaliza\u021bi set\u0103rile pentru un jurnal al contorului de pa\u0219i cu cinci niveluri de intensitate a exerci\u021biilor fizice, s\u0103 calcula\u021bi caloriile arse \u0219i pa\u0219ii. Calendar de antrenament cu o m\u0103sur\u0103toare a intensit\u0103\u021bii totale a antrenamentului, \u00eemp\u0103r\u021bit\u0103 \u00een 5 zone pentru a \u021bine eviden\u021ba antrenamentelor pe care le-a\u021bi f\u0103cut deja \u0219i pentru a planifica antrenamentele viitoare.<\/p>\n<p>Ora mondial\u0103 &#8211; 300 de ora\u0219e. Afi\u0219area simultan\u0103 a orei curente \u00een dou\u0103 fusuri orare diferite.<\/p>","protected":false},"excerpt":{"rendered":"<p>Ceasul G-Shock cu tracker de activitate este potrivit at\u00e2t pentru un stil de via\u021b\u0103 casual, fiind un accesoriu colorat \u0219i cool, c\u00e2t \u0219i un dispozitiv utilitar pentru antrenamentele zilnice sau jogging. Carcasa anti\u0219ocuri protejeaz\u0103 mecanismul de \u0219ocuri \u0219i vibra\u021bii. Retroiluminarea cu dou\u0103 LED-uri ilumineaz\u0103 nu numai ecranul LCD, ci \u0219i \u00eentregul cadran, retroiluminarea pornind automat [&hellip;]<\/p>\n","protected":false},"featured_media":45481,"comment_status":"closed","ping_status":"open","template":"","meta":{"_acf_changed":false},"product_brand":[],"product_cat":[27,20,419],"product_tag":[],"class_list":{"0":"post-45480","1":"product","2":"type-product","3":"status-publish","4":"has-post-thumbnail","6":"product_cat-casio","7":"product_cat-ceasuri-barbati","8":"product_cat-g-shock","9":"pa_brand-casio","10":"pa_brand-g-shock","11":"pa_braslet-plastic","12":"pa_corpus-49-mm","13":"pa_forma-rotund","14":"pa_funcii-accelerometru","15":"pa_funcii-alarma","16":"pa_funcii-bluetooth-smart","17":"pa_funcii-calendar","18":"pa_funcii-cronometru","19":"pa_funcii-dual-time","20":"pa_funcii-pedometru","21":"pa_garatia-24-luni","22":"pa_korpus-galben","23":"pa_kvarc-quartz","24":"pa_material-plastic","25":"pa_mehanizm-electronic","26":"pa_mehanizm-quartz","27":"pa_remeshok-galben","28":"pa_steklo-cristal-mineral","29":"pa_strana-japonia","30":"pa_voda-20-atm","32":"first","33":"instock","34":"purchasable","35":"product-type-simple"},"acf":[],"_links":{"self":[{"href":"https:\/\/ceasuri.md\/ru\/wp-json\/wp\/v2\/product\/45480","targetHints":{"allow":["GET"]}}],"collection":[{"href":"https:\/\/ceasuri.md\/ru\/wp-json\/wp\/v2\/product"}],"about":[{"href":"https:\/\/ceasuri.md\/ru\/wp-json\/wp\/v2\/types\/product"}],"replies":[{"embeddable":true,"href":"https:\/\/ceasuri.md\/ru\/wp-json\/wp\/v2\/comments?post=45480"}],"wp:featuredmedia":[{"embeddable":true,"href":"https:\/\/ceasuri.md\/ru\/wp-json\/wp\/v2\/media\/45481"}],"wp:attachment":[{"href":"https:\/\/ceasuri.md\/ru\/wp-json\/wp\/v2\/media?parent=45480"}],"wp:term":[{"taxonomy":"product_brand","embeddable":true,"href":"https:\/\/ceasuri.md\/ru\/wp-json\/wp\/v2\/product_brand?post=45480"},{"taxonomy":"product_cat","embeddable":true,"href":"https:\/\/ceasuri.md\/ru\/wp-json\/wp\/v2\/product_cat?post=45480"},{"taxonomy":"product_tag","embeddable":true,"href":"https:\/\/ceasuri.md\/ru\/wp-json\/wp\/v2\/product_tag?post=45480"}],"curies":[{"name":"wp","href":"https:\/\/api.w.org\/{rel}","templated":true}]}}