{"id":45476,"date":"2026-04-02T22:36:16","date_gmt":"2026-04-02T19:36:16","guid":{"rendered":"http:\/\/new.ceasuri.md\/shop\/uncategorized\/casio-g-shock-gba-900-1aer\/"},"modified":"2026-04-17T13:29:17","modified_gmt":"2026-04-17T10:29:17","slug":"casio-g-shock-gba-900-1aer","status":"publish","type":"product","link":"https:\/\/ceasuri.md\/ru\/shop\/branduri\/casio\/casio-g-shock-gba-900-1aer\/","title":{"rendered":"Ceas CASIO G-SHOCK GBA-900-1AER"},"content":{"rendered":"<p>Inteligen\u021b\u0103 \u0219i putere &#8211; pute\u021bi conta pe linia GBA-900 pentru rezisten\u021ba robust\u0103 cu conectivitate pentru smartphone.<\/p>\n<p>Accesa\u021bi GPS-ul smartphone-ului dvs. prin Bluetooth\u00ae pentru m\u0103sur\u0103tori precise ale accelerometrului. Folosi\u021bi smartphone-ul pentru a face m\u0103sur\u0103torile ini\u021biale ale unor distan\u021be specifice, apoi l\u0103sa\u021bi ceasul s\u0103 m\u0103soare cu precizie aceste distan\u021be pe cont propriu. Ob\u021bine\u021bi toate informa\u021biile de care ave\u021bi nevoie &#8211; distan\u021ba, viteza, ritmul \u0219i caloriile arse, precum \u0219i citirea automat\u0103 a turelor pentru a \u021bine eviden\u021ba timpilor de alergare pentru distan\u021be stabilite.<\/p>\n<p>Desc\u0103rca\u021bi aplica\u021bia pentru a controla set\u0103rile ceasului, a gestiona antrenamentele \u0219i a verifica istoricul activit\u0103\u021bilor. Afi\u0219eaz\u0103 cinci niveluri de intensitate a exerci\u021biilor \u0219i urm\u0103re\u0219te progresul fa\u021b\u0103 de obiectivele de antrenament pe care le-ai stabilit.<\/p>\n<p>Bucur\u0103-te de cel mai clar afi\u0219aj de p\u00e2n\u0103 acum cu ecranul LCD cu memorie \u00een pixeli (MIP) \u0219i Super Illuminator pentru a asigura vizibilitatea chiar \u0219i pe \u00eentuneric.<\/p>\n<p>Banda GBA-900 este fabricat\u0103 din uretan moale pentru o potrivire de calitate.<\/p>","protected":false},"excerpt":{"rendered":"<p>Inteligen\u021b\u0103 \u0219i putere &#8211; pute\u021bi conta pe linia GBA-900 pentru rezisten\u021ba robust\u0103 cu conectivitate pentru smartphone. Accesa\u021bi GPS-ul smartphone-ului dvs. prin Bluetooth\u00ae pentru m\u0103sur\u0103tori precise ale accelerometrului. Folosi\u021bi smartphone-ul pentru a face m\u0103sur\u0103torile ini\u021biale ale unor distan\u021be specifice, apoi l\u0103sa\u021bi ceasul s\u0103 m\u0103soare cu precizie aceste distan\u021be pe cont propriu. Ob\u021bine\u021bi toate informa\u021biile de care [&hellip;]<\/p>\n","protected":false},"featured_media":45477,"comment_status":"closed","ping_status":"open","template":"","meta":{"_acf_changed":false},"product_brand":[],"product_cat":[27,20,419],"product_tag":[],"class_list":{"0":"post-45476","1":"product","2":"type-product","3":"status-publish","4":"has-post-thumbnail","6":"product_cat-casio","7":"product_cat-ceasuri-barbati","8":"product_cat-g-shock","9":"pa_brand-casio","10":"pa_brand-g-shock","11":"pa_braslet-plastic","12":"pa_corpus-49-mm","13":"pa_forma-rotund","14":"pa_funcii-accelerometru","15":"pa_funcii-alarma","16":"pa_funcii-bluetooth-smart","17":"pa_funcii-calendar","18":"pa_funcii-cronometru","19":"pa_funcii-iluminare","20":"pa_funcii-pedometru","21":"pa_funcii-total-black","22":"pa_garatia-24-luni","23":"pa_korpus-negru","24":"pa_kvarc-quartz","25":"pa_material-plastic","26":"pa_mehanizm-electronic","27":"pa_remeshok-negru","28":"pa_steklo-cristal-mineral","29":"pa_strana-japonia","30":"pa_voda-20-atm","32":"first","33":"instock","34":"purchasable","35":"product-type-simple"},"acf":[],"_links":{"self":[{"href":"https:\/\/ceasuri.md\/ru\/wp-json\/wp\/v2\/product\/45476","targetHints":{"allow":["GET"]}}],"collection":[{"href":"https:\/\/ceasuri.md\/ru\/wp-json\/wp\/v2\/product"}],"about":[{"href":"https:\/\/ceasuri.md\/ru\/wp-json\/wp\/v2\/types\/product"}],"replies":[{"embeddable":true,"href":"https:\/\/ceasuri.md\/ru\/wp-json\/wp\/v2\/comments?post=45476"}],"wp:featuredmedia":[{"embeddable":true,"href":"https:\/\/ceasuri.md\/ru\/wp-json\/wp\/v2\/media\/45477"}],"wp:attachment":[{"href":"https:\/\/ceasuri.md\/ru\/wp-json\/wp\/v2\/media?parent=45476"}],"wp:term":[{"taxonomy":"product_brand","embeddable":true,"href":"https:\/\/ceasuri.md\/ru\/wp-json\/wp\/v2\/product_brand?post=45476"},{"taxonomy":"product_cat","embeddable":true,"href":"https:\/\/ceasuri.md\/ru\/wp-json\/wp\/v2\/product_cat?post=45476"},{"taxonomy":"product_tag","embeddable":true,"href":"https:\/\/ceasuri.md\/ru\/wp-json\/wp\/v2\/product_tag?post=45476"}],"curies":[{"name":"wp","href":"https:\/\/api.w.org\/{rel}","templated":true}]}}