{"id":45462,"date":"2026-04-02T22:35:25","date_gmt":"2026-04-02T19:35:25","guid":{"rendered":"http:\/\/new.ceasuri.md\/shop\/uncategorized\/casio-g-shock-gbd-200-1er\/"},"modified":"2026-04-07T04:13:56","modified_gmt":"2026-04-07T01:13:56","slug":"casio-g-shock-gbd-200-1er","status":"publish","type":"product","link":"https:\/\/ceasuri.md\/ru\/shop\/branduri\/casio\/casio-g-shock-gbd-200-1er\/","title":{"rendered":"Ceas CASIO G-SHOCK GBD-200-1ER"},"content":{"rendered":"<p>O nou\u0103 adi\u021bie la seria de ceasuri GBD.<\/p>\n<p>Carcasa rezistent\u0103 la \u0219ocuri protejeaz\u0103 mi\u0219carea de \u0219ocuri \u0219i vibra\u021bii. Super-iluminare automat\u0103 cu LED cu durat\u0103 de luminiscen\u021b\u0103 selectabil\u0103 de 1,5 sau 3 secunde. Culoarea luminii de fundal: alb.<\/p>\n<p>Format de timp de 12 \u0219i 24 de ore. Cronometru cu precizie de 1s \u0219i timp de m\u0103surare de 99h. Posibilitatea de a seta 5 temporizatoare. Cronometru cu num\u0103r\u0103toare invers\u0103 de la 1sec la 1h cu repeti\u021bie automat\u0103. Num\u0103rul de repet\u0103ri ale cronometrului poate fi setat de la 1 la 20. Ora mondial\u0103 &#8211; 38 de ora\u0219e (38 de fuse orare), timp universal coordonat (UTC), activarea\/dezactivarea orei de var\u0103.<\/p>\n<p>Tehnologie wireless Bluetooth\u00ae cu consum de energie foarte redus pentru sincronizarea cu smartphone-ul dvs. Atunci c\u00e2nd este conectat la smartphone, ceasul ajusteaz\u0103 ora curent\u0103, data \u0219i ora mondial\u0103. Mod avion. Func\u021bii pentru alert\u0103 sonor\u0103 \u0219i de vibra\u021bii, economisire a energiei, c\u0103utare telefonic\u0103, setarea func\u021biei de antrenament. Gestionarea datelor din jurnalul de antrenament. Func\u021bia de antrenament afi\u0219eaz\u0103 distan\u021ba, viteza, ritmul, caloriile arse (p\u00e2n\u0103 la 100 de curse, p\u00e2n\u0103 la 140 de ture pe curs\u0103). Aplica\u021bia Life Log Data va afi\u0219a num\u0103rul zilnic de pa\u0219i sau datele lunare de alergare.<\/p>\n<p>Conectivitate GPS pentru calibrarea mai rapid\u0103 a m\u0103sur\u0103torilor de distan\u021b\u0103, permi\u021b\u00e2nd m\u0103sur\u0103tori mai precise ale kilometrajului chiar \u0219i atunci c\u00e2nd telefonul este oprit.<\/p>\n<p>Rezisten\u021b\u0103 la ap\u0103 de 20 bari \u00een conformitate cu ISO 2281. Curea din polimer cu \u00eenchidere clasic\u0103.<\/p>","protected":false},"excerpt":{"rendered":"<p>O nou\u0103 adi\u021bie la seria de ceasuri GBD. Carcasa rezistent\u0103 la \u0219ocuri protejeaz\u0103 mi\u0219carea de \u0219ocuri \u0219i vibra\u021bii. Super-iluminare automat\u0103 cu LED cu durat\u0103 de luminiscen\u021b\u0103 selectabil\u0103 de 1,5 sau 3 secunde. Culoarea luminii de fundal: alb. Format de timp de 12 \u0219i 24 de ore. Cronometru cu precizie de 1s \u0219i timp de m\u0103surare [&hellip;]<\/p>\n","protected":false},"featured_media":45463,"comment_status":"closed","ping_status":"open","template":"","meta":{"_acf_changed":false},"product_brand":[],"product_cat":[27,20,419],"product_tag":[],"class_list":{"0":"post-45462","1":"product","2":"type-product","3":"status-publish","4":"has-post-thumbnail","6":"product_cat-casio","7":"product_cat-ceasuri-barbati","8":"product_cat-g-shock","9":"pa_brand-casio","10":"pa_brand-g-shock","11":"pa_braslet-plastic","12":"pa_corpus-46x48mm","13":"pa_forma-octogonala","14":"pa_funcii-accelerometru","15":"pa_funcii-alarma","16":"pa_funcii-bluetooth-smart","17":"pa_funcii-calendar","18":"pa_funcii-cronometru","19":"pa_funcii-iluminare","20":"pa_funcii-pedometru","21":"pa_funcii-total-black","22":"pa_garatia-24-luni","23":"pa_korpus-negru","24":"pa_material-plastic","25":"pa_mehanizm-electronic","26":"pa_remeshok-negru","27":"pa_steklo-cristal-mineral","28":"pa_strana-japonia","29":"pa_voda-20-atm","31":"first","32":"instock","33":"purchasable","34":"product-type-simple"},"acf":[],"_links":{"self":[{"href":"https:\/\/ceasuri.md\/ru\/wp-json\/wp\/v2\/product\/45462","targetHints":{"allow":["GET"]}}],"collection":[{"href":"https:\/\/ceasuri.md\/ru\/wp-json\/wp\/v2\/product"}],"about":[{"href":"https:\/\/ceasuri.md\/ru\/wp-json\/wp\/v2\/types\/product"}],"replies":[{"embeddable":true,"href":"https:\/\/ceasuri.md\/ru\/wp-json\/wp\/v2\/comments?post=45462"}],"wp:featuredmedia":[{"embeddable":true,"href":"https:\/\/ceasuri.md\/ru\/wp-json\/wp\/v2\/media\/45463"}],"wp:attachment":[{"href":"https:\/\/ceasuri.md\/ru\/wp-json\/wp\/v2\/media?parent=45462"}],"wp:term":[{"taxonomy":"product_brand","embeddable":true,"href":"https:\/\/ceasuri.md\/ru\/wp-json\/wp\/v2\/product_brand?post=45462"},{"taxonomy":"product_cat","embeddable":true,"href":"https:\/\/ceasuri.md\/ru\/wp-json\/wp\/v2\/product_cat?post=45462"},{"taxonomy":"product_tag","embeddable":true,"href":"https:\/\/ceasuri.md\/ru\/wp-json\/wp\/v2\/product_tag?post=45462"}],"curies":[{"name":"wp","href":"https:\/\/api.w.org\/{rel}","templated":true}]}}