{"id":45456,"date":"2026-04-02T22:35:25","date_gmt":"2026-04-02T19:35:25","guid":{"rendered":"http:\/\/new.ceasuri.md\/shop\/uncategorized\/casio-g-shock-gst-b500d-1a\/"},"modified":"2026-04-17T13:29:09","modified_gmt":"2026-04-17T10:29:09","slug":"casio-g-shock-gst-b500d-1a","status":"publish","type":"product","link":"https:\/\/ceasuri.md\/ru\/shop\/branduri\/casio\/casio-g-shock-gst-b500d-1a\/","title":{"rendered":"Ceas CASIO G-SHOCK GST-B500D-1A"},"content":{"rendered":"<p>Linia GST-B500 reune\u0219te componente mai mici \u0219i montare de \u00eenalt\u0103 densitate, continu\u00e2nd s\u0103 ofere conectivitate Bluetooth \u0219i \u00eenc\u0103rcare cu energie solar\u0103, dar \u00eentr-un profil \u0219i mai sub\u021bire.<\/p>\n<p>Carbon Core Guard absoarbe \u0219ocurile externe pentru o rezisten\u021b\u0103 adev\u0103rat\u0103, iar potrivirea confortabil\u0103 completeaz\u0103 modul dvs. unic de via\u021b\u0103. Protec\u021biile de butoane reduse ofer\u0103 butoane sub\u021biri, dar ample, u\u0219or de utilizat.<\/p>\n<p>Luneta este tratat\u0103 cu finisaje multiple pentru a oferi texturi metalice excep\u021bionale din orice unghi, pentru o prezentare cu adev\u0103rat sofisticat\u0103, cu propriul aspect special.<\/p>","protected":false},"excerpt":{"rendered":"<p>Linia GST-B500 reune\u0219te componente mai mici \u0219i montare de \u00eenalt\u0103 densitate, continu\u00e2nd s\u0103 ofere conectivitate Bluetooth \u0219i \u00eenc\u0103rcare cu energie solar\u0103, dar \u00eentr-un profil \u0219i mai sub\u021bire. Carbon Core Guard absoarbe \u0219ocurile externe pentru o rezisten\u021b\u0103 adev\u0103rat\u0103, iar potrivirea confortabil\u0103 completeaz\u0103 modul dvs. unic de via\u021b\u0103. Protec\u021biile de butoane reduse ofer\u0103 butoane sub\u021biri, dar ample, [&hellip;]<\/p>\n","protected":false},"featured_media":45457,"comment_status":"closed","ping_status":"open","template":"","meta":{"_acf_changed":false},"product_brand":[],"product_cat":[27,20,419],"product_tag":[],"class_list":{"0":"post-45456","1":"product","2":"type-product","3":"status-publish","4":"has-post-thumbnail","6":"product_cat-casio","7":"product_cat-ceasuri-barbati","8":"product_cat-g-shock","9":"pa_brand-casio","10":"pa_brand-g-shock","11":"pa_braslet-otel-inoxidabil","12":"pa_corpus-49-mm","13":"pa_forma-rotund","14":"pa_funcii-alarma","15":"pa_funcii-bluetooth-smart","16":"pa_funcii-calendar","17":"pa_funcii-cronometru","18":"pa_funcii-iluminare","19":"pa_funcii-rezerva-de-energie","20":"pa_funcii-timp-mondial","21":"pa_garatia-24-luni","22":"pa_korpus-argintiu","23":"pa_kvarc-quartz","24":"pa_material-otel-inoxidabil","25":"pa_material-plastic","26":"pa_mehanizm-baterie-solara","27":"pa_remeshok-argintiu","28":"pa_steklo-cristal-mineral","29":"pa_strana-japonia","30":"pa_voda-20-atm","32":"first","33":"instock","34":"purchasable","35":"product-type-simple"},"acf":[],"_links":{"self":[{"href":"https:\/\/ceasuri.md\/ru\/wp-json\/wp\/v2\/product\/45456","targetHints":{"allow":["GET"]}}],"collection":[{"href":"https:\/\/ceasuri.md\/ru\/wp-json\/wp\/v2\/product"}],"about":[{"href":"https:\/\/ceasuri.md\/ru\/wp-json\/wp\/v2\/types\/product"}],"replies":[{"embeddable":true,"href":"https:\/\/ceasuri.md\/ru\/wp-json\/wp\/v2\/comments?post=45456"}],"wp:featuredmedia":[{"embeddable":true,"href":"https:\/\/ceasuri.md\/ru\/wp-json\/wp\/v2\/media\/45457"}],"wp:attachment":[{"href":"https:\/\/ceasuri.md\/ru\/wp-json\/wp\/v2\/media?parent=45456"}],"wp:term":[{"taxonomy":"product_brand","embeddable":true,"href":"https:\/\/ceasuri.md\/ru\/wp-json\/wp\/v2\/product_brand?post=45456"},{"taxonomy":"product_cat","embeddable":true,"href":"https:\/\/ceasuri.md\/ru\/wp-json\/wp\/v2\/product_cat?post=45456"},{"taxonomy":"product_tag","embeddable":true,"href":"https:\/\/ceasuri.md\/ru\/wp-json\/wp\/v2\/product_tag?post=45456"}],"curies":[{"name":"wp","href":"https:\/\/api.w.org\/{rel}","templated":true}]}}