{"id":45453,"date":"2026-04-02T22:35:25","date_gmt":"2026-04-02T19:35:25","guid":{"rendered":"http:\/\/new.ceasuri.md\/shop\/uncategorized\/casio-g-shock-gwg-1000-1a3\/"},"modified":"2026-04-20T00:08:31","modified_gmt":"2026-04-19T21:08:31","slug":"casio-g-shock-gwg-1000-1a3","status":"publish","type":"product","link":"https:\/\/ceasuri.md\/ru\/shop\/branduri\/casio\/casio-g-shock-gwg-1000-1a3\/","title":{"rendered":"\u0427\u0430\u0441\u044b CASIO G-SHOCK GWG-1000-1A3"},"content":{"rendered":"<p>Acest model MUDMASTER este destinat unei utiliz\u0103ri extreme pe uscat, pe terenuri pres\u0103rate cu pietre, nisip \u0219i resturi.<\/p>\n<p>Dispune de o structur\u0103 rezistent\u0103 la praf \u0219i noroi, necesar\u0103 pentru misiuni \u00een mizerie, nisip \u0219i noroi. Un num\u0103r mare de garnituri \u00eencorporate \u00een butoane \u0219i arbori \u00eempiedic\u0103 p\u0103trunderea noroiului.<\/p>\n<p>O structur\u0103 rezistent\u0103 la vibra\u021bii \u00eel face capabil s\u0103 reziste la utilizarea echipamentelor cu piese mari, cum ar fi t\u0103ietori sau concasoare electrice.<\/p>\n<p>De asemenea, este echipat cu un senzor triplu care afi\u0219eaz\u0103 informa\u021bii despre orientare, presiune\/altitudine atmosferic\u0103 \u0219i temperatur\u0103.<\/p>\n<p>Vizibilitatea ridicat\u0103 este, de asemenea, asigurat\u0103 prin intermediul indicilor mari cu cifre arabe, a unei lumini LED duble \u0219i a unui cristal de sticl\u0103 de safir. <\/p>\n<p>Banda este texturat\u0103 pentru a sem\u0103na cu m\u00e2nerul antiderapant al unei ma\u0219ini grele, iar acele foarte groase pentru ore \u0219i minute au un motiv de pene de s\u0103geat\u0103. Pe toate butoanele este aplicat un carouri pentru a \u00eembun\u0103t\u0103\u021bi operabilitatea \u0219i pentru a oferi un finisaj care eman\u0103 un aer militar.<\/p>\n<p>Un G-SHOCK care sprijin\u0103 oamenii duri \u00een misiuni terestre dure.<\/p>","protected":false},"excerpt":{"rendered":"<p>Acest model MUDMASTER este destinat unei utiliz\u0103ri extreme pe uscat, pe terenuri pres\u0103rate cu pietre, nisip \u0219i resturi. Dispune de o structur\u0103 rezistent\u0103 la praf \u0219i noroi, necesar\u0103 pentru misiuni \u00een mizerie, nisip \u0219i noroi. Un num\u0103r mare de garnituri \u00eencorporate \u00een butoane \u0219i arbori \u00eempiedic\u0103 p\u0103trunderea noroiului. O structur\u0103 rezistent\u0103 la vibra\u021bii \u00eel face [&hellip;]<\/p>\n","protected":false},"featured_media":45454,"comment_status":"closed","ping_status":"open","template":"","meta":{"_acf_changed":false},"product_brand":[],"product_cat":[27,20,419],"product_tag":[],"class_list":{"0":"post-45453","1":"product","2":"type-product","3":"status-publish","4":"has-post-thumbnail","6":"product_cat-casio","7":"product_cat-ceasuri-barbati","8":"product_cat-g-shock","9":"pa_brand-casio","10":"pa_brand-g-shock","11":"pa_braslet-plastic","12":"pa_corpus-56-mm","13":"pa_forma-rotund","14":"pa_funcii-alarma","15":"pa_funcii-altimetru","16":"pa_funcii-barometru","17":"pa_funcii-busola","18":"pa_funcii-calendar","19":"pa_funcii-cronometru","20":"pa_funcii-iluminare","21":"pa_funcii-rezerva-de-energie","22":"pa_funcii-termometru","23":"pa_funcii-timp-mondial","24":"pa_garatia-24-luni","25":"pa_korpus-negru","26":"pa_kvarc-quartz","27":"pa_material-plastic","28":"pa_mehanizm-baterie-solara","29":"pa_remeshok-verde","30":"pa_steklo-cristal-safir","31":"pa_strana-japonia","32":"pa_voda-20-atm","34":"first","35":"instock","36":"purchasable","37":"product-type-simple"},"acf":[],"_links":{"self":[{"href":"https:\/\/ceasuri.md\/ru\/wp-json\/wp\/v2\/product\/45453","targetHints":{"allow":["GET"]}}],"collection":[{"href":"https:\/\/ceasuri.md\/ru\/wp-json\/wp\/v2\/product"}],"about":[{"href":"https:\/\/ceasuri.md\/ru\/wp-json\/wp\/v2\/types\/product"}],"replies":[{"embeddable":true,"href":"https:\/\/ceasuri.md\/ru\/wp-json\/wp\/v2\/comments?post=45453"}],"wp:featuredmedia":[{"embeddable":true,"href":"https:\/\/ceasuri.md\/ru\/wp-json\/wp\/v2\/media\/45454"}],"wp:attachment":[{"href":"https:\/\/ceasuri.md\/ru\/wp-json\/wp\/v2\/media?parent=45453"}],"wp:term":[{"taxonomy":"product_brand","embeddable":true,"href":"https:\/\/ceasuri.md\/ru\/wp-json\/wp\/v2\/product_brand?post=45453"},{"taxonomy":"product_cat","embeddable":true,"href":"https:\/\/ceasuri.md\/ru\/wp-json\/wp\/v2\/product_cat?post=45453"},{"taxonomy":"product_tag","embeddable":true,"href":"https:\/\/ceasuri.md\/ru\/wp-json\/wp\/v2\/product_tag?post=45453"}],"curies":[{"name":"wp","href":"https:\/\/api.w.org\/{rel}","templated":true}]}}