{"id":45445,"date":"2026-04-02T22:35:25","date_gmt":"2026-04-02T19:35:25","guid":{"rendered":"http:\/\/new.ceasuri.md\/shop\/uncategorized\/casio-g-shock-gwg-2000-1a1\/"},"modified":"2026-04-15T19:55:55","modified_gmt":"2026-04-15T16:55:55","slug":"casio-g-shock-gwg-2000-1a1","status":"publish","type":"product","link":"https:\/\/ceasuri.md\/ru\/shop\/branduri\/casio\/casio-g-shock-gwg-2000-1a1\/","title":{"rendered":"Ceas CASIO G-SHOCK GWG-2000-1A1"},"content":{"rendered":"<p>Noul Mudmaster GWG-2000 este o evolu\u021bie a predecesorului s\u0103u, GWG-1000, avand o carcasa Carbon Core Guard, realizata din r\u0103\u0219in\u0103 care \u00eencorporeaz\u0103 fibr\u0103 de carbon pentru o rigiditate sporit\u0103, dar f\u0103r\u0103 greutate suplimentar\u0103.<\/p>\n<p>Noul mudmaster a fost reproiectat pentru a fi cu 1,9 mm mai sub\u021bire \u0219i cu 13 g mai u\u0219or, dar \u0219i mai puternic dec\u00e2t versiunea anterioar\u0103, avand acum si amortizoarele \u0219i carcasa intern\u0103 realizate din fibr\u0103 de carbon. \u00cen interior, o structur\u0103 patentat\u0103 Hollow Core Guard protejeaz\u0103 \u00eempotriva impactului \u0219i vibra\u021biilor, \u00eenconjur\u00e2nd modulul ceasului.<\/p>\n<p>Butoanele Mud Resist reproiectate cu corp din o\u021bel inoxidabil \u0219i un material tampon din silicon \u00eembun\u0103t\u0103\u021besc rezisten\u021ba general\u0103 si etanseitatea. Geamul ceasului este fabricat din safir foarte rezistent la zg\u00e2rieturi, finisat cu un strat antireflex pentru a p\u0103stra lizibilitatea. Un design patentat al garniturii previne p\u0103trunderea apei, noroiului \u0219i prafului, garant\u00e2nd func\u021bionarea fiabil\u0103 \u00een cele mai dificile medii. \u00cen ciuda faptului c\u0103 acesta nu este un ceas de scufund\u0103ri, are o rezisten\u021b\u0103 la ap\u0103 de 200 m (20 bar).<\/p>\n<p>Mecansimul este dotat cu alimentare solara, alarma smart cu func\u021bie de am\u00e2nare, un bip orar op\u021bional, un calendar cu reglare automat\u0103, un indicator de nivel al bateriei cu economisire automat\u0103 a energiei dac\u0103 ceasul este desc\u0103rcat, un cronometru cu num\u0103r\u0103toare invers\u0103 de 60 de minute.<\/p>\n<p>Senzorii incorporati ofera citiri de altitudine, presiune \u0219i temperatur\u0103. \u00cen plus, un senzor de direc\u021bie detecteaz\u0103 nordul magnetic, afi\u0219\u00e2nd at\u00e2t aceast\u0103 direc\u021bie, c\u00e2t \u0219i direc\u021bia curent\u0103 pe cadranul ceasului, \u00een puncte \u0219i grade de busol\u0103.<\/p>","protected":false},"excerpt":{"rendered":"<p>Noul Mudmaster GWG-2000 este o evolu\u021bie a predecesorului s\u0103u, GWG-1000, avand o carcasa Carbon Core Guard, realizata din r\u0103\u0219in\u0103 care \u00eencorporeaz\u0103 fibr\u0103 de carbon pentru o rigiditate sporit\u0103, dar f\u0103r\u0103 greutate suplimentar\u0103. Noul mudmaster a fost reproiectat pentru a fi cu 1,9 mm mai sub\u021bire \u0219i cu 13 g mai u\u0219or, dar \u0219i mai puternic [&hellip;]<\/p>\n","protected":false},"featured_media":45446,"comment_status":"closed","ping_status":"open","template":"","meta":{"_acf_changed":false},"product_brand":[],"product_cat":[27,20,419],"product_tag":[],"class_list":{"0":"post-45445","1":"product","2":"type-product","3":"status-publish","4":"has-post-thumbnail","6":"product_cat-casio","7":"product_cat-ceasuri-barbati","8":"product_cat-g-shock","9":"pa_brand-casio","10":"pa_brand-g-shock","11":"pa_braslet-cauciuc","12":"pa_corpus-54-mm","13":"pa_forma-rotund","14":"pa_funcii-alarma","15":"pa_funcii-altimetru","16":"pa_funcii-barometru","17":"pa_funcii-busola","18":"pa_funcii-calendar","19":"pa_funcii-cronometru","20":"pa_funcii-iluminare","21":"pa_funcii-rezerva-de-energie","22":"pa_funcii-termometru","23":"pa_funcii-timp-mondial","24":"pa_garatia-24-luni","25":"pa_korpus-gri","26":"pa_kvarc-quartz","27":"pa_material-otel-inoxidabil","28":"pa_material-plastic","29":"pa_mehanizm-baterie-solara","30":"pa_remeshok-gri","31":"pa_steklo-cristal-safir","32":"pa_strana-japonia","33":"pa_voda-20-atm","35":"first","36":"instock","37":"purchasable","38":"product-type-simple"},"acf":[],"_links":{"self":[{"href":"https:\/\/ceasuri.md\/ru\/wp-json\/wp\/v2\/product\/45445","targetHints":{"allow":["GET"]}}],"collection":[{"href":"https:\/\/ceasuri.md\/ru\/wp-json\/wp\/v2\/product"}],"about":[{"href":"https:\/\/ceasuri.md\/ru\/wp-json\/wp\/v2\/types\/product"}],"replies":[{"embeddable":true,"href":"https:\/\/ceasuri.md\/ru\/wp-json\/wp\/v2\/comments?post=45445"}],"wp:featuredmedia":[{"embeddable":true,"href":"https:\/\/ceasuri.md\/ru\/wp-json\/wp\/v2\/media\/45446"}],"wp:attachment":[{"href":"https:\/\/ceasuri.md\/ru\/wp-json\/wp\/v2\/media?parent=45445"}],"wp:term":[{"taxonomy":"product_brand","embeddable":true,"href":"https:\/\/ceasuri.md\/ru\/wp-json\/wp\/v2\/product_brand?post=45445"},{"taxonomy":"product_cat","embeddable":true,"href":"https:\/\/ceasuri.md\/ru\/wp-json\/wp\/v2\/product_cat?post=45445"},{"taxonomy":"product_tag","embeddable":true,"href":"https:\/\/ceasuri.md\/ru\/wp-json\/wp\/v2\/product_tag?post=45445"}],"curies":[{"name":"wp","href":"https:\/\/api.w.org\/{rel}","templated":true}]}}