{"id":45426,"date":"2026-04-02T22:35:25","date_gmt":"2026-04-02T19:35:25","guid":{"rendered":"http:\/\/new.ceasuri.md\/shop\/uncategorized\/casio-collection-mq-38uc-8aer\/"},"modified":"2026-04-20T00:09:51","modified_gmt":"2026-04-19T21:09:51","slug":"casio-collection-mq-38uc-8aer","status":"publish","type":"product","link":"https:\/\/ceasuri.md\/ru\/shop\/branduri\/casio\/casio-collection-mq-38uc-8aer\/","title":{"rendered":"\u0427\u0430\u0441\u044b CASIO COLLECTION MQ-38UC-8AER"},"content":{"rendered":"<p>Simplifica\u021bi-v\u0103 stilul.<\/p>\n<p>Ob\u021bine\u021bi un ceas analogic u\u0219or, cu un design sub\u021bire \u0219i un cadran compact.<\/p>\n<p>\u00cen culori mate p\u0103m\u00e2ntii, acest accesoriu de mod\u0103 te acoper\u0103 at\u00e2t pentru stil, c\u00e2t \u0219i pentru caracterul practic.<\/p>","protected":false},"excerpt":{"rendered":"<p>Simplifica\u021bi-v\u0103 stilul. Ob\u021bine\u021bi un ceas analogic u\u0219or, cu un design sub\u021bire \u0219i un cadran compact. \u00cen culori mate p\u0103m\u00e2ntii, acest accesoriu de mod\u0103 te acoper\u0103 at\u00e2t pentru stil, c\u00e2t \u0219i pentru caracterul practic.<\/p>","protected":false},"featured_media":45427,"comment_status":"closed","ping_status":"open","template":"","meta":{"_acf_changed":false},"product_brand":[],"product_cat":[27,25],"product_tag":[],"class_list":{"0":"post-45426","1":"product","2":"type-product","3":"status-publish","4":"has-post-thumbnail","6":"product_cat-casio","7":"product_cat-ceasuri-dama","8":"pa_brand-casio","9":"pa_braslet-plastic","10":"pa_corpus-27x37mm","11":"pa_forma-dreptunghiular","12":"pa_garatia-24-luni","13":"pa_korpus-bej","14":"pa_kvarc-quartz","15":"pa_material-plastic","16":"pa_mehanizm-quartz","17":"pa_remeshok-bej","18":"pa_steklo-plastic","19":"pa_strana-japonia","20":"pa_voda-3-atm","22":"first","23":"instock","24":"purchasable","25":"product-type-simple"},"acf":[],"_links":{"self":[{"href":"https:\/\/ceasuri.md\/ru\/wp-json\/wp\/v2\/product\/45426","targetHints":{"allow":["GET"]}}],"collection":[{"href":"https:\/\/ceasuri.md\/ru\/wp-json\/wp\/v2\/product"}],"about":[{"href":"https:\/\/ceasuri.md\/ru\/wp-json\/wp\/v2\/types\/product"}],"replies":[{"embeddable":true,"href":"https:\/\/ceasuri.md\/ru\/wp-json\/wp\/v2\/comments?post=45426"}],"wp:featuredmedia":[{"embeddable":true,"href":"https:\/\/ceasuri.md\/ru\/wp-json\/wp\/v2\/media\/45427"}],"wp:attachment":[{"href":"https:\/\/ceasuri.md\/ru\/wp-json\/wp\/v2\/media?parent=45426"}],"wp:term":[{"taxonomy":"product_brand","embeddable":true,"href":"https:\/\/ceasuri.md\/ru\/wp-json\/wp\/v2\/product_brand?post=45426"},{"taxonomy":"product_cat","embeddable":true,"href":"https:\/\/ceasuri.md\/ru\/wp-json\/wp\/v2\/product_cat?post=45426"},{"taxonomy":"product_tag","embeddable":true,"href":"https:\/\/ceasuri.md\/ru\/wp-json\/wp\/v2\/product_tag?post=45426"}],"curies":[{"name":"wp","href":"https:\/\/api.w.org\/{rel}","templated":true}]}}