{"id":45419,"date":"2026-04-02T22:35:25","date_gmt":"2026-04-02T19:35:25","guid":{"rendered":"http:\/\/new.ceasuri.md\/shop\/uncategorized\/casio-collection-ws-1300h-8a\/"},"modified":"2026-04-15T19:55:45","modified_gmt":"2026-04-15T16:55:45","slug":"casio-collection-ws-1300h-8a","status":"publish","type":"product","link":"https:\/\/ceasuri.md\/ru\/shop\/branduri\/casio\/casio-collection-ws-1300h-8a\/","title":{"rendered":"Ceas CASIO COLLECTION WS-1300H-8A"},"content":{"rendered":"<p>Aceste ceasuri \u00eencep cu un design exterior durabil, rezisten\u021b\u0103 la ap\u0103 de 100 de metri \u0219i o durat\u0103 de via\u021b\u0103 a bateriei de 10 ani.<\/p>\n<p>Ad\u0103uga\u021bi graficul de maree la bord, datele despre lun\u0103 \u0219i lumina LED care asigur\u0103 o citire u\u0219oar\u0103 chiar \u0219i pe \u00eentuneric, pentru a oferi tot ceea ce are nevoie un pasionat de sporturi nautice, chiar la \u00eendem\u00e2na dumneavoastr\u0103.<\/p>\n<p>Cu cronometru, cronometru \u0219i alarm\u0103, aceste ceasuri versatile v\u0103 poart\u0103 f\u0103r\u0103 probleme de acas\u0103 sau de la birou la piscin\u0103 sau la ocean.<\/p>","protected":false},"excerpt":{"rendered":"<p>Aceste ceasuri \u00eencep cu un design exterior durabil, rezisten\u021b\u0103 la ap\u0103 de 100 de metri \u0219i o durat\u0103 de via\u021b\u0103 a bateriei de 10 ani. Ad\u0103uga\u021bi graficul de maree la bord, datele despre lun\u0103 \u0219i lumina LED care asigur\u0103 o citire u\u0219oar\u0103 chiar \u0219i pe \u00eentuneric, pentru a oferi tot ceea ce are nevoie un [&hellip;]<\/p>\n","protected":false},"featured_media":45420,"comment_status":"closed","ping_status":"open","template":"","meta":{"_acf_changed":false},"product_brand":[],"product_cat":[27,20],"product_tag":[],"class_list":{"0":"post-45419","1":"product","2":"type-product","3":"status-publish","4":"has-post-thumbnail","6":"product_cat-casio","7":"product_cat-ceasuri-barbati","8":"pa_brand-casio","9":"pa_braslet-plastic","10":"pa_corpus-51-mm","11":"pa_forma-rotund","12":"pa_funcii-alarma","13":"pa_funcii-calendar","14":"pa_funcii-cronometru","15":"pa_funcii-dual-time","16":"pa_funcii-fazele-lunii","17":"pa_funcii-iluminare","18":"pa_garatia-24-luni","19":"pa_korpus-gri","20":"pa_kvarc-quartz","21":"pa_material-plastic","22":"pa_mehanizm-electronic","23":"pa_remeshok-gri","24":"pa_steklo-plastic","25":"pa_strana-japonia","26":"pa_voda-10-atm","28":"first","29":"instock","30":"purchasable","31":"product-type-simple"},"acf":[],"_links":{"self":[{"href":"https:\/\/ceasuri.md\/ru\/wp-json\/wp\/v2\/product\/45419","targetHints":{"allow":["GET"]}}],"collection":[{"href":"https:\/\/ceasuri.md\/ru\/wp-json\/wp\/v2\/product"}],"about":[{"href":"https:\/\/ceasuri.md\/ru\/wp-json\/wp\/v2\/types\/product"}],"replies":[{"embeddable":true,"href":"https:\/\/ceasuri.md\/ru\/wp-json\/wp\/v2\/comments?post=45419"}],"wp:featuredmedia":[{"embeddable":true,"href":"https:\/\/ceasuri.md\/ru\/wp-json\/wp\/v2\/media\/45420"}],"wp:attachment":[{"href":"https:\/\/ceasuri.md\/ru\/wp-json\/wp\/v2\/media?parent=45419"}],"wp:term":[{"taxonomy":"product_brand","embeddable":true,"href":"https:\/\/ceasuri.md\/ru\/wp-json\/wp\/v2\/product_brand?post=45419"},{"taxonomy":"product_cat","embeddable":true,"href":"https:\/\/ceasuri.md\/ru\/wp-json\/wp\/v2\/product_cat?post=45419"},{"taxonomy":"product_tag","embeddable":true,"href":"https:\/\/ceasuri.md\/ru\/wp-json\/wp\/v2\/product_tag?post=45419"}],"curies":[{"name":"wp","href":"https:\/\/api.w.org\/{rel}","templated":true}]}}