{"id":45413,"date":"2026-04-02T22:35:25","date_gmt":"2026-04-02T19:35:25","guid":{"rendered":"http:\/\/new.ceasuri.md\/shop\/uncategorized\/casio-edifice-efv-c110d-1a4\/"},"modified":"2026-04-20T00:07:30","modified_gmt":"2026-04-19T21:07:30","slug":"casio-edifice-efv-c110d-1a4","status":"publish","type":"product","link":"https:\/\/ceasuri.md\/ru\/shop\/branduri\/casio\/casio-edifice-efv-c110d-1a4\/","title":{"rendered":"\u0427\u0430\u0441\u044b CASIO EDIFICE EFV-C110D-1A4"},"content":{"rendered":"<p>Cel mai practic accesoriu care nu v\u0103 va dezam\u0103gi niciodat\u0103.<\/p>\n<p>Acoperirea anti-reflexiv\u0103 care acumuleaz\u0103 lumin\u0103 asigur\u0103 o str\u0103lucire de lung\u0103 durat\u0103 \u00een \u00eentuneric, chiar \u0219i dup\u0103 o scurt\u0103 expunere la lumin\u0103.<\/p>\n<p>Format de timp de 12 \u0219i 24 de ore. Cronometru cu precizie de 1\/100 de secunde \u0219i timp de m\u0103surare de 24 de ore. Cronometru cu num\u0103r\u0103toare invers\u0103 de la 1min la 24h. Ora mondial\u0103 &#8211; 30 de ora\u0219e (29 de fusuri orare), posibilitatea de a activa\/dezactiva ora de var\u0103.<\/p>\n<p>Notebook pentru 30 de celule de memorie pentru \u00eenregistrarea numelor \u0219i numerelor de telefon, fiecare intrare poate include text de 8 litere \u0219i 16 cifre.<\/p>\n<p>Rezistent la ap\u0103 p\u00e2n\u0103 la 10 bari \u00een conformitate cu ISO 2281.<\/p>\n<p>Bateria este proiectat\u0103 s\u0103 dureze 10 ani.<\/p>\n<p>Br\u0103\u021bar\u0103 cu \u00eenchidere tripl\u0103 pliabil\u0103, care se desface printr-o singur\u0103 atingere. \u00cencuietoarea de siguran\u021b\u0103 de pe br\u0103\u021bar\u0103 \u00eempiedic\u0103 eliberarea accidental\u0103.<\/p>","protected":false},"excerpt":{"rendered":"<p>Cel mai practic accesoriu care nu v\u0103 va dezam\u0103gi niciodat\u0103. Acoperirea anti-reflexiv\u0103 care acumuleaz\u0103 lumin\u0103 asigur\u0103 o str\u0103lucire de lung\u0103 durat\u0103 \u00een \u00eentuneric, chiar \u0219i dup\u0103 o scurt\u0103 expunere la lumin\u0103. Format de timp de 12 \u0219i 24 de ore. Cronometru cu precizie de 1\/100 de secunde \u0219i timp de m\u0103surare de 24 de ore. [&hellip;]<\/p>\n","protected":false},"featured_media":45414,"comment_status":"closed","ping_status":"open","template":"","meta":{"_acf_changed":false},"product_brand":[],"product_cat":[27,20,536],"product_tag":[],"class_list":{"0":"post-45413","1":"product","2":"type-product","3":"status-publish","4":"has-post-thumbnail","6":"product_cat-casio","7":"product_cat-ceasuri-barbati","8":"product_cat-edifice","9":"pa_brand-casio","10":"pa_brand-edifice","11":"pa_braslet-otel-inoxidabil","12":"pa_corpus-47-mm","13":"pa_forma-rotund","14":"pa_funcii-alarma","15":"pa_funcii-calendar","16":"pa_funcii-cronometru","17":"pa_funcii-timp-mondial","18":"pa_garatia-24-luni","19":"pa_korpus-argintiu","20":"pa_kvarc-quartz","21":"pa_material-otel-inoxidabil","22":"pa_mehanizm-electronic","23":"pa_mehanizm-quartz","24":"pa_remeshok-argintiu","25":"pa_steklo-cristal-mineral","26":"pa_strana-japonia","27":"pa_voda-10-atm","29":"first","30":"instock","31":"purchasable","32":"product-type-simple"},"acf":[],"_links":{"self":[{"href":"https:\/\/ceasuri.md\/ru\/wp-json\/wp\/v2\/product\/45413","targetHints":{"allow":["GET"]}}],"collection":[{"href":"https:\/\/ceasuri.md\/ru\/wp-json\/wp\/v2\/product"}],"about":[{"href":"https:\/\/ceasuri.md\/ru\/wp-json\/wp\/v2\/types\/product"}],"replies":[{"embeddable":true,"href":"https:\/\/ceasuri.md\/ru\/wp-json\/wp\/v2\/comments?post=45413"}],"wp:featuredmedia":[{"embeddable":true,"href":"https:\/\/ceasuri.md\/ru\/wp-json\/wp\/v2\/media\/45414"}],"wp:attachment":[{"href":"https:\/\/ceasuri.md\/ru\/wp-json\/wp\/v2\/media?parent=45413"}],"wp:term":[{"taxonomy":"product_brand","embeddable":true,"href":"https:\/\/ceasuri.md\/ru\/wp-json\/wp\/v2\/product_brand?post=45413"},{"taxonomy":"product_cat","embeddable":true,"href":"https:\/\/ceasuri.md\/ru\/wp-json\/wp\/v2\/product_cat?post=45413"},{"taxonomy":"product_tag","embeddable":true,"href":"https:\/\/ceasuri.md\/ru\/wp-json\/wp\/v2\/product_tag?post=45413"}],"curies":[{"name":"wp","href":"https:\/\/api.w.org\/{rel}","templated":true}]}}