{"id":45411,"date":"2026-04-02T22:35:25","date_gmt":"2026-04-02T19:35:25","guid":{"rendered":"http:\/\/new.ceasuri.md\/shop\/uncategorized\/casio-edifice-efv-c110d-2a\/"},"modified":"2026-04-20T00:07:30","modified_gmt":"2026-04-19T21:07:30","slug":"casio-edifice-efv-c110d-2a","status":"publish","type":"product","link":"https:\/\/ceasuri.md\/ru\/shop\/branduri\/casio\/casio-edifice-efv-c110d-2a\/","title":{"rendered":"\u0427\u0430\u0441\u044b CASIO EDIFICE EFV-C110D-2A"},"content":{"rendered":"<p>Un ceas combinat analog-digital cu o baterie de 10 ani de care nu va trebui s\u0103 v\u0103 face\u021bi griji pentru o ve\u0219nicie.<\/p>\n<p>Designul fe\u021bei ofer\u0103 o profunzime \u0219i o dimensionalitate sporit\u0103 pentru un aspect dinamic \u0219i sportiv.<\/p>\n<p>Cadranele digitale ofer\u0103 o varietate de func\u021bii, inclusiv ora universal\u0103, cronometru de 1\/100 de secund\u0103 \u0219i cronometru cu num\u0103r\u0103toare invers\u0103.<\/p>","protected":false},"excerpt":{"rendered":"<p>Un ceas combinat analog-digital cu o baterie de 10 ani de care nu va trebui s\u0103 v\u0103 face\u021bi griji pentru o ve\u0219nicie. Designul fe\u021bei ofer\u0103 o profunzime \u0219i o dimensionalitate sporit\u0103 pentru un aspect dinamic \u0219i sportiv. Cadranele digitale ofer\u0103 o varietate de func\u021bii, inclusiv ora universal\u0103, cronometru de 1\/100 de secund\u0103 \u0219i cronometru cu [&hellip;]<\/p>\n","protected":false},"featured_media":45412,"comment_status":"closed","ping_status":"open","template":"","meta":{"_acf_changed":false},"product_brand":[],"product_cat":[27,20,536],"product_tag":[],"class_list":{"0":"post-45411","1":"product","2":"type-product","3":"status-publish","4":"has-post-thumbnail","6":"product_cat-casio","7":"product_cat-ceasuri-barbati","8":"product_cat-edifice","9":"pa_brand-casio","10":"pa_brand-edifice","11":"pa_braslet-otel-inoxidabil","12":"pa_corpus-47-mm","13":"pa_forma-rotund","14":"pa_funcii-alarma","15":"pa_funcii-calendar","16":"pa_funcii-cronometru","17":"pa_funcii-timp-mondial","18":"pa_garatia-24-luni","19":"pa_korpus-argintiu","20":"pa_kvarc-quartz","21":"pa_material-otel-inoxidabil","22":"pa_mehanizm-electronic","23":"pa_mehanizm-quartz","24":"pa_remeshok-argintiu","25":"pa_steklo-cristal-mineral","26":"pa_strana-japonia","27":"pa_voda-10-atm","29":"first","30":"instock","31":"purchasable","32":"product-type-simple"},"acf":[],"_links":{"self":[{"href":"https:\/\/ceasuri.md\/ru\/wp-json\/wp\/v2\/product\/45411","targetHints":{"allow":["GET"]}}],"collection":[{"href":"https:\/\/ceasuri.md\/ru\/wp-json\/wp\/v2\/product"}],"about":[{"href":"https:\/\/ceasuri.md\/ru\/wp-json\/wp\/v2\/types\/product"}],"replies":[{"embeddable":true,"href":"https:\/\/ceasuri.md\/ru\/wp-json\/wp\/v2\/comments?post=45411"}],"wp:featuredmedia":[{"embeddable":true,"href":"https:\/\/ceasuri.md\/ru\/wp-json\/wp\/v2\/media\/45412"}],"wp:attachment":[{"href":"https:\/\/ceasuri.md\/ru\/wp-json\/wp\/v2\/media?parent=45411"}],"wp:term":[{"taxonomy":"product_brand","embeddable":true,"href":"https:\/\/ceasuri.md\/ru\/wp-json\/wp\/v2\/product_brand?post=45411"},{"taxonomy":"product_cat","embeddable":true,"href":"https:\/\/ceasuri.md\/ru\/wp-json\/wp\/v2\/product_cat?post=45411"},{"taxonomy":"product_tag","embeddable":true,"href":"https:\/\/ceasuri.md\/ru\/wp-json\/wp\/v2\/product_tag?post=45411"}],"curies":[{"name":"wp","href":"https:\/\/api.w.org\/{rel}","templated":true}]}}