{"id":45375,"date":"2026-04-02T22:34:13","date_gmt":"2026-04-02T19:34:13","guid":{"rendered":"http:\/\/new.ceasuri.md\/shop\/uncategorized\/seiko-prospex-solar-sne593p1\/"},"modified":"2026-04-16T21:09:00","modified_gmt":"2026-04-16T18:09:00","slug":"seiko-prospex-solar-sne593p1","status":"publish","type":"product","link":"https:\/\/ceasuri.md\/ru\/shop\/branduri\/seiko\/seiko-prospex-solar-sne593p1\/","title":{"rendered":"Ceas SEIKO SNE593P1 Prospex Diver"},"content":{"rendered":"<p>Seiko Prospex Solar este proiectat \u0219i fabricat pentru a rezista p\u00e2n\u0103 la 200 m sub ap\u0103 \u0219i este potrivit pentru a fi purtat \u00een timpul scufund\u0103rilor.<\/p>\n<p>Coroana are protec\u021bie cu \u0219urub pentru a preveni scoaterea acesteia prin orice opera\u021biune accidental\u0103, deoarece func\u021bia de rezisten\u021b\u0103 la ap\u0103 este asigurat\u0103 doar atunci c\u00e2nd coroana se afl\u0103 \u00een pozi\u021bie normal\u0103.<\/p>\n<p>Tehnologia Seiko Solar transform\u0103 toate tipurile de lumin\u0103 \u00een energie pentru a alimenta ceasul datorit\u0103 unei celule solare cu generare de electricitate de \u00eenalt\u0103 performan\u021b\u0103.<\/p>\n<p>Func\u021bionarea precis\u0103 \u0219i sigur\u0103 a lunetei unidirec\u021bionale \u00eempiedic\u0103 rota\u021bia accidental\u0103, astfel \u00eenc\u00e2t timpul m\u0103surat nu este niciodat\u0103 mai scurt dec\u00e2t timpul real scurs.<\/p>","protected":false},"excerpt":{"rendered":"<p>Seiko Prospex Solar este proiectat \u0219i fabricat pentru a rezista p\u00e2n\u0103 la 200 m sub ap\u0103 \u0219i este potrivit pentru a fi purtat \u00een timpul scufund\u0103rilor. Coroana are protec\u021bie cu \u0219urub pentru a preveni scoaterea acesteia prin orice opera\u021biune accidental\u0103, deoarece func\u021bia de rezisten\u021b\u0103 la ap\u0103 este asigurat\u0103 doar atunci c\u00e2nd coroana se afl\u0103 \u00een [&hellip;]<\/p>\n","protected":false},"featured_media":45376,"comment_status":"closed","ping_status":"open","template":"","meta":{"_acf_changed":false},"product_brand":[],"product_cat":[20,588],"product_tag":[],"class_list":{"0":"post-45375","1":"product","2":"type-product","3":"status-publish","4":"has-post-thumbnail","6":"product_cat-ceasuri-barbati","7":"product_cat-seiko","8":"pa_brand-seiko","9":"pa_braslet-cauciuc","10":"pa_corpus-43-mm","11":"pa_forma-rotund","12":"pa_funcii-data","13":"pa_funcii-iluminare-fluorescenta","14":"pa_garatia-24-luni","15":"pa_korpus-argintiu","16":"pa_kvarc-quartz","17":"pa_material-otel-inoxidabil","18":"pa_mehanizm-baterie-solara","19":"pa_mehanizm-quartz","20":"pa_remeshok-negru","21":"pa_steklo-cristal-safir","22":"pa_strana-japonia","23":"pa_voda-20-atm","25":"first","26":"instock","27":"purchasable","28":"product-type-simple"},"acf":[],"_links":{"self":[{"href":"https:\/\/ceasuri.md\/ru\/wp-json\/wp\/v2\/product\/45375","targetHints":{"allow":["GET"]}}],"collection":[{"href":"https:\/\/ceasuri.md\/ru\/wp-json\/wp\/v2\/product"}],"about":[{"href":"https:\/\/ceasuri.md\/ru\/wp-json\/wp\/v2\/types\/product"}],"replies":[{"embeddable":true,"href":"https:\/\/ceasuri.md\/ru\/wp-json\/wp\/v2\/comments?post=45375"}],"wp:featuredmedia":[{"embeddable":true,"href":"https:\/\/ceasuri.md\/ru\/wp-json\/wp\/v2\/media\/45376"}],"wp:attachment":[{"href":"https:\/\/ceasuri.md\/ru\/wp-json\/wp\/v2\/media?parent=45375"}],"wp:term":[{"taxonomy":"product_brand","embeddable":true,"href":"https:\/\/ceasuri.md\/ru\/wp-json\/wp\/v2\/product_brand?post=45375"},{"taxonomy":"product_cat","embeddable":true,"href":"https:\/\/ceasuri.md\/ru\/wp-json\/wp\/v2\/product_cat?post=45375"},{"taxonomy":"product_tag","embeddable":true,"href":"https:\/\/ceasuri.md\/ru\/wp-json\/wp\/v2\/product_tag?post=45375"}],"curies":[{"name":"wp","href":"https:\/\/api.w.org\/{rel}","templated":true}]}}