{"id":45370,"date":"2026-04-02T22:34:13","date_gmt":"2026-04-02T19:34:13","guid":{"rendered":"http:\/\/new.ceasuri.md\/shop\/uncategorized\/seiko-5-classic-snke06k1\/"},"modified":"2026-04-20T00:46:28","modified_gmt":"2026-04-19T21:46:28","slug":"seiko-5-classic-snke06k1","status":"publish","type":"product","link":"https:\/\/ceasuri.md\/ru\/shop\/branduri\/seiko\/seiko-5-classic-snke06k1\/","title":{"rendered":"\u0427\u0430\u0441\u044b SEIKO 5 CLASSIC SNKE06K1"},"content":{"rendered":"<p>Ceasul Seiko 5 pentru b\u0103rba\u021bi este fabricat din o\u021bel inoxidabil placat cu PVD auriu \u0219i m\u0103soar\u0103 38 mm \u00een diametru. Designul minimalist al carcasei ader\u0103 la estetica clasic\u0103 a unui ceas vestimentar.<\/p>\n<p>Carcasa circular\u0103 \u0219i luneta fix\u0103 au fost lustruite, \u00een timp ce o coroan\u0103 \u00eencastrat\u0103 este pozi\u021bionat\u0103 pe l\u00e2ng\u0103 marcajul de la ora 4, ceea ce permite ceasului s\u0103 stea confortabil pe \u00eencheietura m\u00e2inii purt\u0103torului. Luneta expune o scal\u0103 de 60 de minute, care este prezentat\u0103 \u00een trepte de 5 minute. At\u00e2t spatele deschis al carcasei ceasului, c\u00e2t \u0219i partea frontal\u0103 a acestuia sunt protejate de un geam de cristal hardlex foarte rezistent.<\/p>\n<p>Designul cadranului auriu sunburst este necomplicat \u0219i rafinat.<\/p>","protected":false},"excerpt":{"rendered":"<p>Ceasul Seiko 5 pentru b\u0103rba\u021bi este fabricat din o\u021bel inoxidabil placat cu PVD auriu \u0219i m\u0103soar\u0103 38 mm \u00een diametru. Designul minimalist al carcasei ader\u0103 la estetica clasic\u0103 a unui ceas vestimentar. Carcasa circular\u0103 \u0219i luneta fix\u0103 au fost lustruite, \u00een timp ce o coroan\u0103 \u00eencastrat\u0103 este pozi\u021bionat\u0103 pe l\u00e2ng\u0103 marcajul de la ora 4, [&hellip;]<\/p>\n","protected":false},"featured_media":45371,"comment_status":"closed","ping_status":"open","template":"","meta":{"_acf_changed":false},"product_brand":[],"product_cat":[20,588],"product_tag":[],"class_list":{"0":"post-45370","1":"product","2":"type-product","3":"status-publish","4":"has-post-thumbnail","6":"product_cat-ceasuri-barbati","7":"product_cat-seiko","8":"pa_brand-seiko","9":"pa_braslet-otel-inoxidabil","10":"pa_corpus-38-mm","11":"pa_forma-rotund","12":"pa_funcii-data","13":"pa_funcii-ziua-saptamanii","14":"pa_garatia-24-luni","15":"pa_korpus-auriu","16":"pa_material-otel-inoxidabil","17":"pa_mehanizm-mecanic","18":"pa_mehanizm-mecanism-automatic","19":"pa_remeshok-auriu","20":"pa_steklo-hardlex-crystal","21":"pa_strana-japonia","22":"pa_voda-5-atm","24":"first","25":"instock","26":"purchasable","27":"product-type-simple"},"acf":[],"_links":{"self":[{"href":"https:\/\/ceasuri.md\/ru\/wp-json\/wp\/v2\/product\/45370","targetHints":{"allow":["GET"]}}],"collection":[{"href":"https:\/\/ceasuri.md\/ru\/wp-json\/wp\/v2\/product"}],"about":[{"href":"https:\/\/ceasuri.md\/ru\/wp-json\/wp\/v2\/types\/product"}],"replies":[{"embeddable":true,"href":"https:\/\/ceasuri.md\/ru\/wp-json\/wp\/v2\/comments?post=45370"}],"wp:featuredmedia":[{"embeddable":true,"href":"https:\/\/ceasuri.md\/ru\/wp-json\/wp\/v2\/media\/45371"}],"wp:attachment":[{"href":"https:\/\/ceasuri.md\/ru\/wp-json\/wp\/v2\/media?parent=45370"}],"wp:term":[{"taxonomy":"product_brand","embeddable":true,"href":"https:\/\/ceasuri.md\/ru\/wp-json\/wp\/v2\/product_brand?post=45370"},{"taxonomy":"product_cat","embeddable":true,"href":"https:\/\/ceasuri.md\/ru\/wp-json\/wp\/v2\/product_cat?post=45370"},{"taxonomy":"product_tag","embeddable":true,"href":"https:\/\/ceasuri.md\/ru\/wp-json\/wp\/v2\/product_tag?post=45370"}],"curies":[{"name":"wp","href":"https:\/\/api.w.org\/{rel}","templated":true}]}}