{"id":45364,"date":"2026-04-02T22:34:13","date_gmt":"2026-04-02T19:34:13","guid":{"rendered":"http:\/\/new.ceasuri.md\/shop\/uncategorized\/seiko-5-classic-snkk67k1\/"},"modified":"2026-04-20T00:46:30","modified_gmt":"2026-04-19T21:46:30","slug":"seiko-5-classic-snkk67k1","status":"publish","type":"product","link":"https:\/\/ceasuri.md\/ru\/shop\/branduri\/seiko\/seiko-5-classic-snkk67k1\/","title":{"rendered":"Ceas SEIKO 5 CLASSIC SNKK67K1"},"content":{"rendered":"<p>Compania, \u00een prezent este un produc\u0103tor de succes \u0219i popular de ceasuri de m\u00e2n\u0103, are o istorie de aproape un secol \u0219i jum\u0103tate.<\/p>\n<p>La \u00eenceput, compania a fost un mic salon \u00een care t\u00e2n\u0103rul \u0219i ambi\u021biosul Kintaro Hattori repara ceasuri vechi \u0219i vindea accesorii de produc\u021bie str\u0103in\u0103. Dup\u0103 ce a studiat temeinic particularit\u0103\u021bile mecanismelor, fondatorul \u0219i-a lansat propriul model.<\/p>\n<p>Principalul avantaj al Seiko este reprezentat de colec\u021biile diversificate \u0219i de tehnologiile unice utilizate \u00een fabricarea lor. Acest lucru permite companiei s\u0103 creeze ceasuri care ating statutul de &#8222;premier\u0103 mondial\u0103&#8221; an de an.<\/p>","protected":false},"excerpt":{"rendered":"<p>Compania, \u00een prezent este un produc\u0103tor de succes \u0219i popular de ceasuri de m\u00e2n\u0103, are o istorie de aproape un secol \u0219i jum\u0103tate. La \u00eenceput, compania a fost un mic salon \u00een care t\u00e2n\u0103rul \u0219i ambi\u021biosul Kintaro Hattori repara ceasuri vechi \u0219i vindea accesorii de produc\u021bie str\u0103in\u0103. Dup\u0103 ce a studiat temeinic particularit\u0103\u021bile mecanismelor, fondatorul [&hellip;]<\/p>\n","protected":false},"featured_media":45365,"comment_status":"closed","ping_status":"open","template":"","meta":{"_acf_changed":false},"product_brand":[],"product_cat":[20,588],"product_tag":[],"class_list":{"0":"post-45364","1":"product","2":"type-product","3":"status-publish","4":"has-post-thumbnail","6":"product_cat-ceasuri-barbati","7":"product_cat-seiko","8":"pa_brand-seiko","9":"pa_braslet-otel-inoxidabil","10":"pa_corpus-38-mm","11":"pa_forma-rotund","12":"pa_funcii-data","13":"pa_funcii-ziua-saptamanii","14":"pa_garatia-24-luni","15":"pa_korpus-argintiu","16":"pa_material-otel-inoxidabil","17":"pa_mehanizm-mecanic","18":"pa_mehanizm-mecanism-automatic","19":"pa_remeshok-argintiu","20":"pa_steklo-hardlex-crystal","21":"pa_strana-japonia","22":"pa_voda-3-atm","24":"first","25":"outofstock","26":"purchasable","27":"product-type-simple"},"acf":[],"_links":{"self":[{"href":"https:\/\/ceasuri.md\/ru\/wp-json\/wp\/v2\/product\/45364","targetHints":{"allow":["GET"]}}],"collection":[{"href":"https:\/\/ceasuri.md\/ru\/wp-json\/wp\/v2\/product"}],"about":[{"href":"https:\/\/ceasuri.md\/ru\/wp-json\/wp\/v2\/types\/product"}],"replies":[{"embeddable":true,"href":"https:\/\/ceasuri.md\/ru\/wp-json\/wp\/v2\/comments?post=45364"}],"wp:featuredmedia":[{"embeddable":true,"href":"https:\/\/ceasuri.md\/ru\/wp-json\/wp\/v2\/media\/45365"}],"wp:attachment":[{"href":"https:\/\/ceasuri.md\/ru\/wp-json\/wp\/v2\/media?parent=45364"}],"wp:term":[{"taxonomy":"product_brand","embeddable":true,"href":"https:\/\/ceasuri.md\/ru\/wp-json\/wp\/v2\/product_brand?post=45364"},{"taxonomy":"product_cat","embeddable":true,"href":"https:\/\/ceasuri.md\/ru\/wp-json\/wp\/v2\/product_cat?post=45364"},{"taxonomy":"product_tag","embeddable":true,"href":"https:\/\/ceasuri.md\/ru\/wp-json\/wp\/v2\/product_tag?post=45364"}],"curies":[{"name":"wp","href":"https:\/\/api.w.org\/{rel}","templated":true}]}}