{"id":45340,"date":"2022-11-30T20:46:10","date_gmt":"2022-11-30T18:46:10","guid":{"rendered":"http:\/\/new.ceasuri.md\/shop\/uncategorized\/seiko-prospex-save-the-ocean-spb297j1\/"},"modified":"2026-05-01T17:03:39","modified_gmt":"2026-05-01T14:03:39","slug":"seiko-prospex-save-the-ocean-spb297j1","status":"publish","type":"product","link":"https:\/\/ceasuri.md\/ru\/shop\/branduri\/seiko\/seiko-prospex-save-the-ocean-spb297j1\/","title":{"rendered":"\u0427\u0430\u0441\u044b SEIKO PROSPEX SAVE THE OCEAN SPB297J1"},"content":{"rendered":"<p>Prospex cu cadranul s\u0103u albastru intens, este inspirat de primul ceas de scafandru Seiko din 1965, care \u0219i-a dovedit fiabilitatea atunci c\u00e2nd a fost ales de membrii expedi\u021biei japoneze de cercetare \u00een Antarctica din 1966-1969.<\/p>\n<p>Acest ceas este ac\u021bionat de calibrul 6R35, \u00eencercat \u0219i testat, care ofer\u0103 o rezerv\u0103 de putere de 70 de ore.<\/p>\n<p>Rezistent la ap\u0103 p\u00e2n\u0103 la 200 de metri, este prezentat pe o curea din o\u021bel cu extensii \u0219i \u00eenchiz\u0103tori sigure.<\/p>\n<p>Cristal de safir cu un strat anti-reflexie pe suprafa\u021ba interioar\u0103 pentru a asigura o mare lizibilitate din toate unghiurile.<\/p>\n<p>Cele dou\u0103sprezece indicatoare sunt generos acoperite cu Lumibrite, la fel ca \u0219i m\u00e2inile, pentru a spori lizibilitatea \u00een \u00eentuneric.<\/p>\n<p>Aceast\u0103 crea\u021bie se al\u0103tur\u0103 colec\u021biei Seiko Prospex Save the Ocean.<\/p>","protected":false},"excerpt":{"rendered":"<p>Prospex cu cadranul s\u0103u albastru intens, este inspirat de primul ceas de scafandru Seiko din 1965, care \u0219i-a dovedit fiabilitatea atunci c\u00e2nd a fost ales de membrii expedi\u021biei japoneze de cercetare \u00een Antarctica din 1966-1969. Acest ceas este ac\u021bionat de calibrul 6R35, \u00eencercat \u0219i testat, care ofer\u0103 o rezerv\u0103 de putere de 70 de ore. [&hellip;]<\/p>\n","protected":false},"featured_media":45341,"comment_status":"closed","ping_status":"open","template":"","meta":{"_acf_changed":false},"product_brand":[],"product_cat":[20,106,205,588],"product_tag":[],"class_list":{"0":"post-45340","1":"product","2":"type-product","3":"status-publish","4":"has-post-thumbnail","6":"product_cat-ceasuri-barbati","7":"product_cat-ceasuri-premium","8":"product_cat-limited-edition","9":"product_cat-seiko","10":"pa_brand-seiko","11":"pa_braslet-otel-inoxidabil","12":"pa_corpus-40-mm","13":"pa_forma-rotund","14":"pa_funcii-data","15":"pa_funcii-special-edition","16":"pa_garatia-24-luni","17":"pa_korpus-argintiu","18":"pa_material-otel-inoxidabil","19":"pa_mehanizm-mecanic","20":"pa_mehanizm-mecanism-automatic","21":"pa_remeshok-argintiu","22":"pa_steklo-cristal-safir","23":"pa_strana-japonia","24":"pa_voda-20-atm","26":"first","27":"instock","28":"purchasable","29":"product-type-simple"},"acf":[],"_links":{"self":[{"href":"https:\/\/ceasuri.md\/ru\/wp-json\/wp\/v2\/product\/45340","targetHints":{"allow":["GET"]}}],"collection":[{"href":"https:\/\/ceasuri.md\/ru\/wp-json\/wp\/v2\/product"}],"about":[{"href":"https:\/\/ceasuri.md\/ru\/wp-json\/wp\/v2\/types\/product"}],"replies":[{"embeddable":true,"href":"https:\/\/ceasuri.md\/ru\/wp-json\/wp\/v2\/comments?post=45340"}],"wp:featuredmedia":[{"embeddable":true,"href":"https:\/\/ceasuri.md\/ru\/wp-json\/wp\/v2\/media\/45341"}],"wp:attachment":[{"href":"https:\/\/ceasuri.md\/ru\/wp-json\/wp\/v2\/media?parent=45340"}],"wp:term":[{"taxonomy":"product_brand","embeddable":true,"href":"https:\/\/ceasuri.md\/ru\/wp-json\/wp\/v2\/product_brand?post=45340"},{"taxonomy":"product_cat","embeddable":true,"href":"https:\/\/ceasuri.md\/ru\/wp-json\/wp\/v2\/product_cat?post=45340"},{"taxonomy":"product_tag","embeddable":true,"href":"https:\/\/ceasuri.md\/ru\/wp-json\/wp\/v2\/product_tag?post=45340"}],"curies":[{"name":"wp","href":"https:\/\/api.w.org\/{rel}","templated":true}]}}