{"id":45326,"date":"2022-11-30T20:46:09","date_gmt":"2022-11-30T18:46:09","guid":{"rendered":"http:\/\/new.ceasuri.md\/shop\/uncategorized\/seiko-presage-geppaku-spb305j1\/"},"modified":"2026-05-01T17:03:35","modified_gmt":"2026-05-01T14:03:35","slug":"seiko-presage-geppaku-spb305j1","status":"publish","type":"product","link":"https:\/\/ceasuri.md\/ru\/shop\/branduri\/seiko\/seiko-presage-geppaku-spb305j1\/","title":{"rendered":"\u0427\u0430\u0441\u044b SEIKO PRESAGE GEPPAKU SPB305J1"},"content":{"rendered":"<p>Denumit &#8222;Geppaku&#8221; din japonez\u0103, ceea ce \u00eenseamn\u0103 alb cu o nuan\u021b\u0103 de albastru deschis, culoarea cadranului este inspirat\u0103 de culoarea alb\u0103struie a luminii lunii.<\/p>\n<p>Acest ceas face parte din colec\u021bia Seiko Presage Sharp Edged, inspirat\u0103 de designul japonez antic \u0219i modern.<\/p>\n<p>Acesta are un nou design al carcasei cu finisaj \u00een oglind\u0103 pe ambele laturi ale urechilor \u0219i un calibru cu mai multe m\u00e2ini cu indicator al rezervei de putere, afi\u0219aj pentru zi \u0219i dat\u0103, \u00eempreun\u0103 cu un nou cadran cu dou\u0103 straturi, foarte atr\u0103g\u0103tor.<\/p>\n<p>Cadranele ceasurilor Presage Sharp Edged prezint\u0103 un model tradi\u021bional japonez conceput pentru a aduce cre\u0219tere \u0219i succes. Acest imprimeu unghiular din c\u00e2nep\u0103 antic\u0103 a fost v\u0103zut \u00een obiectele artizanale japoneze \u00eenc\u0103 din perioada Heian (794-1185) \u0219i figureaz\u0103 pe textile \u0219i stiluri interioare.<\/p>\n<p>Seiko Presage &#8211; aspecte atemporale, cronometrare mecanic\u0103 precis\u0103. Modele de ceasuri minimaliste cu o estetic\u0103 distinct japonez\u0103.<\/p>","protected":false},"excerpt":{"rendered":"<p>Denumit &#8222;Geppaku&#8221; din japonez\u0103, ceea ce \u00eenseamn\u0103 alb cu o nuan\u021b\u0103 de albastru deschis, culoarea cadranului este inspirat\u0103 de culoarea alb\u0103struie a luminii lunii. Acest ceas face parte din colec\u021bia Seiko Presage Sharp Edged, inspirat\u0103 de designul japonez antic \u0219i modern. Acesta are un nou design al carcasei cu finisaj \u00een oglind\u0103 pe ambele laturi [&hellip;]<\/p>\n","protected":false},"featured_media":45327,"comment_status":"closed","ping_status":"open","template":"","meta":{"_acf_changed":false},"product_brand":[],"product_cat":[20,106,588],"product_tag":[],"class_list":{"0":"post-45326","1":"product","2":"type-product","3":"status-publish","4":"has-post-thumbnail","6":"product_cat-ceasuri-barbati","7":"product_cat-ceasuri-premium","8":"product_cat-seiko","9":"pa_brand-seiko","10":"pa_braslet-otel-inoxidabil","11":"pa_corpus-40-mm","12":"pa_forma-rotund","13":"pa_funcii-data","14":"pa_funcii-rezerva-de-energie","15":"pa_funcii-ziua-saptamanii","16":"pa_garatia-24-luni","17":"pa_korpus-argintiu","18":"pa_material-otel-inoxidabil","19":"pa_mehanizm-mecanic","20":"pa_mehanizm-mecanism-automatic","21":"pa_remeshok-argintiu","22":"pa_steklo-cristal-safir","23":"pa_strana-japonia","24":"pa_voda-10-atm","26":"first","27":"instock","28":"purchasable","29":"product-type-simple"},"acf":[],"_links":{"self":[{"href":"https:\/\/ceasuri.md\/ru\/wp-json\/wp\/v2\/product\/45326","targetHints":{"allow":["GET"]}}],"collection":[{"href":"https:\/\/ceasuri.md\/ru\/wp-json\/wp\/v2\/product"}],"about":[{"href":"https:\/\/ceasuri.md\/ru\/wp-json\/wp\/v2\/types\/product"}],"replies":[{"embeddable":true,"href":"https:\/\/ceasuri.md\/ru\/wp-json\/wp\/v2\/comments?post=45326"}],"wp:featuredmedia":[{"embeddable":true,"href":"https:\/\/ceasuri.md\/ru\/wp-json\/wp\/v2\/media\/45327"}],"wp:attachment":[{"href":"https:\/\/ceasuri.md\/ru\/wp-json\/wp\/v2\/media?parent=45326"}],"wp:term":[{"taxonomy":"product_brand","embeddable":true,"href":"https:\/\/ceasuri.md\/ru\/wp-json\/wp\/v2\/product_brand?post=45326"},{"taxonomy":"product_cat","embeddable":true,"href":"https:\/\/ceasuri.md\/ru\/wp-json\/wp\/v2\/product_cat?post=45326"},{"taxonomy":"product_tag","embeddable":true,"href":"https:\/\/ceasuri.md\/ru\/wp-json\/wp\/v2\/product_tag?post=45326"}],"curies":[{"name":"wp","href":"https:\/\/api.w.org\/{rel}","templated":true}]}}