{"id":45321,"date":"2022-11-30T20:46:08","date_gmt":"2022-11-30T18:46:08","guid":{"rendered":"http:\/\/new.ceasuri.md\/shop\/uncategorized\/seiko-presage-kurotobi-spb307j1\/"},"modified":"2026-05-01T17:03:33","modified_gmt":"2026-05-01T14:03:33","slug":"seiko-presage-kurotobi-spb307j1","status":"publish","type":"product","link":"https:\/\/ceasuri.md\/ru\/shop\/branduri\/seiko\/seiko-presage-kurotobi-spb307j1\/","title":{"rendered":"\u0427\u0430\u0441\u044b SEIKO PRESAGE KUROTOBI SPB307J1"},"content":{"rendered":"<p>Are un cadran frumos cu mai multe m\u00e2ini, cu rezerv\u0103 de putere, afi\u0219aj pentru zi \u0219i dat\u0103.<\/p>\n<p>La fel ca toate ceasurile din aceast\u0103 colec\u021bie, acest cadran prezint\u0103 modelul Asanoha, sau frunza de c\u00e2nep\u0103, care a fost folosit pe \u021bes\u0103turile japoneze \u00eenc\u0103 din perioada Heian, cu peste o mie de ani \u00een urm\u0103.<\/p>\n<p>\u00cen timp ce carcasa sa p\u0103streaz\u0103 for\u021ba \u0219i unghiularitatea care confer\u0103 colec\u021biei aspectul s\u0103u distinctiv, aceasta are un aspect nou, cu un finisaj \u00een oglind\u0103 \u00eentre suprafe\u021bele superioare \u0219i laterale care confer\u0103 ceasului un nou luciu.<\/p>\n<p>Elegan\u021ba noului design este subliniat\u0103 \u0219i mai mult de conicitatea spre interior a carcasei.<\/p>\n<p>Acest ceas este echipat cu calibrul 6R21, care prezint\u0103 indicatoarele zilei, datei \u0219i rezervei de energie la pozi\u021biile de la ora 3, 6 \u0219i, respectiv, 9.<\/p>","protected":false},"excerpt":{"rendered":"<p>Are un cadran frumos cu mai multe m\u00e2ini, cu rezerv\u0103 de putere, afi\u0219aj pentru zi \u0219i dat\u0103. La fel ca toate ceasurile din aceast\u0103 colec\u021bie, acest cadran prezint\u0103 modelul Asanoha, sau frunza de c\u00e2nep\u0103, care a fost folosit pe \u021bes\u0103turile japoneze \u00eenc\u0103 din perioada Heian, cu peste o mie de ani \u00een urm\u0103. \u00cen timp [&hellip;]<\/p>\n","protected":false},"featured_media":45322,"comment_status":"closed","ping_status":"open","template":"","meta":{"_acf_changed":false},"product_brand":[],"product_cat":[20,106,588],"product_tag":[],"class_list":{"0":"post-45321","1":"product","2":"type-product","3":"status-publish","4":"has-post-thumbnail","6":"product_cat-ceasuri-barbati","7":"product_cat-ceasuri-premium","8":"product_cat-seiko","9":"pa_brand-seiko","10":"pa_braslet-otel-inoxidabil","11":"pa_corpus-40-mm","12":"pa_forma-rotund","13":"pa_funcii-data","14":"pa_funcii-rezerva-de-energie","15":"pa_funcii-ziua-saptamanii","16":"pa_garatia-24-luni","17":"pa_korpus-argintiu","18":"pa_material-otel-inoxidabil","19":"pa_mehanizm-mecanic","20":"pa_mehanizm-mecanism-automatic","21":"pa_remeshok-argintiu","22":"pa_steklo-cristal-safir","23":"pa_strana-japonia","24":"pa_voda-10-atm","26":"first","27":"instock","28":"purchasable","29":"product-type-simple"},"acf":[],"_links":{"self":[{"href":"https:\/\/ceasuri.md\/ru\/wp-json\/wp\/v2\/product\/45321","targetHints":{"allow":["GET"]}}],"collection":[{"href":"https:\/\/ceasuri.md\/ru\/wp-json\/wp\/v2\/product"}],"about":[{"href":"https:\/\/ceasuri.md\/ru\/wp-json\/wp\/v2\/types\/product"}],"replies":[{"embeddable":true,"href":"https:\/\/ceasuri.md\/ru\/wp-json\/wp\/v2\/comments?post=45321"}],"wp:featuredmedia":[{"embeddable":true,"href":"https:\/\/ceasuri.md\/ru\/wp-json\/wp\/v2\/media\/45322"}],"wp:attachment":[{"href":"https:\/\/ceasuri.md\/ru\/wp-json\/wp\/v2\/media?parent=45321"}],"wp:term":[{"taxonomy":"product_brand","embeddable":true,"href":"https:\/\/ceasuri.md\/ru\/wp-json\/wp\/v2\/product_brand?post=45321"},{"taxonomy":"product_cat","embeddable":true,"href":"https:\/\/ceasuri.md\/ru\/wp-json\/wp\/v2\/product_cat?post=45321"},{"taxonomy":"product_tag","embeddable":true,"href":"https:\/\/ceasuri.md\/ru\/wp-json\/wp\/v2\/product_tag?post=45321"}],"curies":[{"name":"wp","href":"https:\/\/api.w.org\/{rel}","templated":true}]}}