{"id":45316,"date":"2026-04-02T22:34:13","date_gmt":"2026-04-02T19:34:13","guid":{"rendered":"http:\/\/new.ceasuri.md\/shop\/uncategorized\/seiko-presage-midday-spb309j1\/"},"modified":"2026-04-20T00:47:06","modified_gmt":"2026-04-19T21:47:06","slug":"seiko-presage-midday-spb309j1","status":"publish","type":"product","link":"https:\/\/ceasuri.md\/ru\/shop\/branduri\/seiko\/seiko-presage-midday-spb309j1\/","title":{"rendered":"\u0427\u0430\u0441\u044b SEIKO PRESAGE MIDDAY SPB309J1"},"content":{"rendered":"<p>Ceasul este ac\u021bionat de calibrul 6R38, un nou calibru din familia de mi\u0219c\u0103ri 6R. Acesta este special conceput pentru a permite purt\u0103torului s\u0103 admire sc\u0103parea oscilant\u0103 prin deschiderea din pozi\u021bia de la ora 9. De asemenea, acesta ofer\u0103 o rezerv\u0103 de putere de 70 de ore.<\/p>\n<p>La fel ca toate ceasurile din aceast\u0103 colec\u021bie, acest cadran prezint\u0103 modelul Asanoha, sau frunza de c\u00e2nep\u0103, care a fost folosit pe \u021bes\u0103turile japoneze \u00eenc\u0103 din perioada Heian, cu peste o mie de ani \u00een urm\u0103.<\/p>\n<p>\u00cen timp ce carcasa sa p\u0103streaz\u0103 for\u021ba \u0219i unghiularitatea care confer\u0103 colec\u021biei aspectul s\u0103u distinctiv, aceasta are un aspect nou, cu un finisaj \u00een oglind\u0103 \u00eentre suprafe\u021bele superioare \u0219i laterale care confer\u0103 ceasului un nou luciu. Elegan\u021ba noului design este subliniat\u0103 \u0219i mai mult de conicitatea spre interior a carcasei.<\/p>","protected":false},"excerpt":{"rendered":"<p>Ceasul este ac\u021bionat de calibrul 6R38, un nou calibru din familia de mi\u0219c\u0103ri 6R. Acesta este special conceput pentru a permite purt\u0103torului s\u0103 admire sc\u0103parea oscilant\u0103 prin deschiderea din pozi\u021bia de la ora 9. De asemenea, acesta ofer\u0103 o rezerv\u0103 de putere de 70 de ore. La fel ca toate ceasurile din aceast\u0103 colec\u021bie, acest [&hellip;]<\/p>\n","protected":false},"featured_media":45317,"comment_status":"closed","ping_status":"open","template":"","meta":{"_acf_changed":false},"product_brand":[],"product_cat":[20,106,588],"product_tag":[],"class_list":{"0":"post-45316","1":"product","2":"type-product","3":"status-publish","4":"has-post-thumbnail","6":"product_cat-ceasuri-barbati","7":"product_cat-ceasuri-premium","8":"product_cat-seiko","9":"pa_brand-seiko","10":"pa_braslet-otel-inoxidabil","11":"pa_corpus-40-mm","12":"pa_forma-rotund","13":"pa_funcii-schelet","14":"pa_garatia-24-luni","15":"pa_korpus-argintiu","16":"pa_material-otel-inoxidabil","17":"pa_mehanizm-mecanic","18":"pa_mehanizm-mecanism-automatic","19":"pa_remeshok-argintiu","20":"pa_steklo-cristal-safir","21":"pa_strana-japonia","22":"pa_voda-10-atm","24":"first","25":"instock","26":"purchasable","27":"product-type-simple"},"acf":[],"_links":{"self":[{"href":"https:\/\/ceasuri.md\/ru\/wp-json\/wp\/v2\/product\/45316","targetHints":{"allow":["GET"]}}],"collection":[{"href":"https:\/\/ceasuri.md\/ru\/wp-json\/wp\/v2\/product"}],"about":[{"href":"https:\/\/ceasuri.md\/ru\/wp-json\/wp\/v2\/types\/product"}],"replies":[{"embeddable":true,"href":"https:\/\/ceasuri.md\/ru\/wp-json\/wp\/v2\/comments?post=45316"}],"wp:featuredmedia":[{"embeddable":true,"href":"https:\/\/ceasuri.md\/ru\/wp-json\/wp\/v2\/media\/45317"}],"wp:attachment":[{"href":"https:\/\/ceasuri.md\/ru\/wp-json\/wp\/v2\/media?parent=45316"}],"wp:term":[{"taxonomy":"product_brand","embeddable":true,"href":"https:\/\/ceasuri.md\/ru\/wp-json\/wp\/v2\/product_brand?post=45316"},{"taxonomy":"product_cat","embeddable":true,"href":"https:\/\/ceasuri.md\/ru\/wp-json\/wp\/v2\/product_cat?post=45316"},{"taxonomy":"product_tag","embeddable":true,"href":"https:\/\/ceasuri.md\/ru\/wp-json\/wp\/v2\/product_tag?post=45316"}],"curies":[{"name":"wp","href":"https:\/\/api.w.org\/{rel}","templated":true}]}}