{"id":45296,"date":"2026-04-02T22:33:10","date_gmt":"2026-04-02T19:33:10","guid":{"rendered":"http:\/\/new.ceasuri.md\/shop\/uncategorized\/seiko-automatic-srph85k1\/"},"modified":"2026-04-16T21:09:42","modified_gmt":"2026-04-16T18:09:42","slug":"seiko-automatic-srph85k1","status":"publish","type":"product","link":"https:\/\/ceasuri.md\/ru\/shop\/branduri\/seiko\/seiko-automatic-srph85k1\/","title":{"rendered":"Ceas SEIKO SRPH85K1"},"content":{"rendered":"<p>Ceasul pentru b\u0103rba\u021bi Seiko Conceptual Regular Automatic este un accesoriu care prezint\u0103 un stil clasic \u0219i o culoare argintie.<\/p>\n<p>Aparatul are un fund transparent cu \u0219urub \u0219i o mi\u0219care automat\u0103 japonez\u0103 Seiko 4R35 cu 23 de bijuterii. Produsul are o rezerv\u0103 de mers de 41 de ore.<\/p>\n<p>Pe cadran exist\u0103 o fereastr\u0103 mic\u0103, care arat\u0103 num\u0103rul zilei din lun\u0103.<\/p>\n<p>\u00cenveli\u0219ul \u0219i br\u0103\u021bara au fost create din o\u021bel inoxidabil.<\/p>","protected":false},"excerpt":{"rendered":"<p>Ceasul pentru b\u0103rba\u021bi Seiko Conceptual Regular Automatic este un accesoriu care prezint\u0103 un stil clasic \u0219i o culoare argintie. Aparatul are un fund transparent cu \u0219urub \u0219i o mi\u0219care automat\u0103 japonez\u0103 Seiko 4R35 cu 23 de bijuterii. Produsul are o rezerv\u0103 de mers de 41 de ore. Pe cadran exist\u0103 o fereastr\u0103 mic\u0103, care arat\u0103 [&hellip;]<\/p>\n","protected":false},"featured_media":45297,"comment_status":"closed","ping_status":"open","template":"","meta":{"_acf_changed":false},"product_brand":[],"product_cat":[20,588],"product_tag":[],"class_list":{"0":"post-45296","1":"product","2":"type-product","3":"status-publish","4":"has-post-thumbnail","6":"product_cat-ceasuri-barbati","7":"product_cat-seiko","8":"pa_brand-seiko","9":"pa_braslet-otel-inoxidabil","10":"pa_corpus-41-mm","11":"pa_forma-rotund","12":"pa_funcii-data","13":"pa_garatia-24-luni","14":"pa_korpus-argintiu","15":"pa_material-otel-inoxidabil","16":"pa_mehanizm-mecanic","17":"pa_mehanizm-mecanism-automatic","18":"pa_remeshok-argintiu","19":"pa_steklo-hardlex-crystal","20":"pa_strana-japonia","21":"pa_voda-10-atm","23":"first","24":"instock","25":"purchasable","26":"product-type-simple"},"acf":[],"_links":{"self":[{"href":"https:\/\/ceasuri.md\/ru\/wp-json\/wp\/v2\/product\/45296","targetHints":{"allow":["GET"]}}],"collection":[{"href":"https:\/\/ceasuri.md\/ru\/wp-json\/wp\/v2\/product"}],"about":[{"href":"https:\/\/ceasuri.md\/ru\/wp-json\/wp\/v2\/types\/product"}],"replies":[{"embeddable":true,"href":"https:\/\/ceasuri.md\/ru\/wp-json\/wp\/v2\/comments?post=45296"}],"wp:featuredmedia":[{"embeddable":true,"href":"https:\/\/ceasuri.md\/ru\/wp-json\/wp\/v2\/media\/45297"}],"wp:attachment":[{"href":"https:\/\/ceasuri.md\/ru\/wp-json\/wp\/v2\/media?parent=45296"}],"wp:term":[{"taxonomy":"product_brand","embeddable":true,"href":"https:\/\/ceasuri.md\/ru\/wp-json\/wp\/v2\/product_brand?post=45296"},{"taxonomy":"product_cat","embeddable":true,"href":"https:\/\/ceasuri.md\/ru\/wp-json\/wp\/v2\/product_cat?post=45296"},{"taxonomy":"product_tag","embeddable":true,"href":"https:\/\/ceasuri.md\/ru\/wp-json\/wp\/v2\/product_tag?post=45296"}],"curies":[{"name":"wp","href":"https:\/\/api.w.org\/{rel}","templated":true}]}}