{"id":45291,"date":"2026-04-02T22:33:10","date_gmt":"2026-04-02T19:33:10","guid":{"rendered":"http:\/\/new.ceasuri.md\/shop\/uncategorized\/seiko-automatic-srph87k1\/"},"modified":"2026-04-15T19:55:00","modified_gmt":"2026-04-15T16:55:00","slug":"seiko-automatic-srph87k1","status":"publish","type":"product","link":"https:\/\/ceasuri.md\/ru\/shop\/branduri\/seiko\/seiko-automatic-srph87k1\/","title":{"rendered":"Ceas SEIKO AUTOMATIC SRPH87K1"},"content":{"rendered":"<p>Dac\u0103 sunte\u021bi \u00een c\u0103utarea unui accesoriu sofisticat \u00eentr-o schem\u0103 de culori elegant\u0103, ceasul pentru b\u0103rba\u021bi Seiko Conceptual Regular este cel potrivit pentru dvs.<\/p>\n<p>Ceasul este propulsat de o mi\u0219care automat\u0103 japonez\u0103 4R35 cu 23 de bijuterii. Rezerva de energie este de 41 de ore.<\/p>\n<p>Cadranul de culoare albastr\u0103 este echipat cu o fereastr\u0103 pentru dat\u0103.<\/p>\n<p>Modelul este format dintr-o carcas\u0103 \u0219i o br\u0103\u021bar\u0103 din o\u021bel inoxidabil. Ceasul este echipat cu un fond transparent cu \u0219urub.<\/p>","protected":false},"excerpt":{"rendered":"<p>Dac\u0103 sunte\u021bi \u00een c\u0103utarea unui accesoriu sofisticat \u00eentr-o schem\u0103 de culori elegant\u0103, ceasul pentru b\u0103rba\u021bi Seiko Conceptual Regular este cel potrivit pentru dvs. Ceasul este propulsat de o mi\u0219care automat\u0103 japonez\u0103 4R35 cu 23 de bijuterii. Rezerva de energie este de 41 de ore. Cadranul de culoare albastr\u0103 este echipat cu o fereastr\u0103 pentru dat\u0103. [&hellip;]<\/p>\n","protected":false},"featured_media":45292,"comment_status":"closed","ping_status":"open","template":"","meta":{"_acf_changed":false},"product_brand":[],"product_cat":[20,588],"product_tag":[],"class_list":{"0":"post-45291","1":"product","2":"type-product","3":"status-publish","4":"has-post-thumbnail","6":"product_cat-ceasuri-barbati","7":"product_cat-seiko","8":"pa_brand-seiko","9":"pa_braslet-otel-inoxidabil","10":"pa_corpus-41-mm","11":"pa_forma-rotund","12":"pa_funcii-data","13":"pa_garatia-24-luni","14":"pa_korpus-argintiu","15":"pa_material-otel-inoxidabil","16":"pa_mehanizm-mecanic","17":"pa_mehanizm-mecanism-automatic","18":"pa_remeshok-argintiu","19":"pa_steklo-hardlex-crystal","20":"pa_strana-japonia","21":"pa_voda-10-atm","23":"first","24":"instock","25":"purchasable","26":"product-type-simple"},"acf":[],"_links":{"self":[{"href":"https:\/\/ceasuri.md\/ru\/wp-json\/wp\/v2\/product\/45291","targetHints":{"allow":["GET"]}}],"collection":[{"href":"https:\/\/ceasuri.md\/ru\/wp-json\/wp\/v2\/product"}],"about":[{"href":"https:\/\/ceasuri.md\/ru\/wp-json\/wp\/v2\/types\/product"}],"replies":[{"embeddable":true,"href":"https:\/\/ceasuri.md\/ru\/wp-json\/wp\/v2\/comments?post=45291"}],"wp:featuredmedia":[{"embeddable":true,"href":"https:\/\/ceasuri.md\/ru\/wp-json\/wp\/v2\/media\/45292"}],"wp:attachment":[{"href":"https:\/\/ceasuri.md\/ru\/wp-json\/wp\/v2\/media?parent=45291"}],"wp:term":[{"taxonomy":"product_brand","embeddable":true,"href":"https:\/\/ceasuri.md\/ru\/wp-json\/wp\/v2\/product_brand?post=45291"},{"taxonomy":"product_cat","embeddable":true,"href":"https:\/\/ceasuri.md\/ru\/wp-json\/wp\/v2\/product_cat?post=45291"},{"taxonomy":"product_tag","embeddable":true,"href":"https:\/\/ceasuri.md\/ru\/wp-json\/wp\/v2\/product_tag?post=45291"}],"curies":[{"name":"wp","href":"https:\/\/api.w.org\/{rel}","templated":true}]}}