{"id":45286,"date":"2026-04-02T22:33:10","date_gmt":"2026-04-02T19:33:10","guid":{"rendered":"http:\/\/new.ceasuri.md\/shop\/uncategorized\/seiko-automatic-srph89k1\/"},"modified":"2026-04-15T19:54:59","modified_gmt":"2026-04-15T16:54:59","slug":"seiko-automatic-srph89k1","status":"publish","type":"product","link":"https:\/\/ceasuri.md\/ru\/shop\/branduri\/seiko\/seiko-automatic-srph89k1\/","title":{"rendered":"Ceas SEIKO AUTOMATIC SRPH89K1"},"content":{"rendered":"<p>Ceasul este fabricat din materiale de \u00eenalt\u0103 calitate, inclusiv o carcas\u0103 \u0219i o br\u0103\u021bar\u0103 din o\u021bel inoxidabil, care \u00eei garanteaz\u0103 durabilitatea \u0219i longevitatea \u00een ceea ce prive\u0219te.<\/p>\n<p>Designul clasic al acestui ceas, cu un cadran verde \u0219i m\u00e2ini \u0219i indicatoare de ore argintii, este perfect pentru orice ocazie. Poate fi combinat cu \u021binute formale sau informale, ceea ce \u00eel face un accesoriu versatil pentru orice garderob\u0103.<\/p>","protected":false},"excerpt":{"rendered":"<p>Ceasul este fabricat din materiale de \u00eenalt\u0103 calitate, inclusiv o carcas\u0103 \u0219i o br\u0103\u021bar\u0103 din o\u021bel inoxidabil, care \u00eei garanteaz\u0103 durabilitatea \u0219i longevitatea \u00een ceea ce prive\u0219te. Designul clasic al acestui ceas, cu un cadran verde \u0219i m\u00e2ini \u0219i indicatoare de ore argintii, este perfect pentru orice ocazie. Poate fi combinat cu \u021binute formale sau [&hellip;]<\/p>\n","protected":false},"featured_media":45287,"comment_status":"closed","ping_status":"open","template":"","meta":{"_acf_changed":false},"product_brand":[],"product_cat":[20,588],"product_tag":[],"class_list":{"0":"post-45286","1":"product","2":"type-product","3":"status-publish","4":"has-post-thumbnail","6":"product_cat-ceasuri-barbati","7":"product_cat-seiko","8":"pa_brand-seiko","9":"pa_braslet-otel-inoxidabil","10":"pa_corpus-41-mm","11":"pa_forma-rotund","12":"pa_funcii-data","13":"pa_garatia-24-luni","14":"pa_korpus-argintiu","15":"pa_material-otel-inoxidabil","16":"pa_mehanizm-mecanic","17":"pa_mehanizm-mecanism-automatic","18":"pa_remeshok-argintiu","19":"pa_steklo-hardlex-crystal","20":"pa_strana-japonia","21":"pa_voda-10-atm","23":"first","24":"instock","25":"purchasable","26":"product-type-simple"},"acf":[],"_links":{"self":[{"href":"https:\/\/ceasuri.md\/ru\/wp-json\/wp\/v2\/product\/45286","targetHints":{"allow":["GET"]}}],"collection":[{"href":"https:\/\/ceasuri.md\/ru\/wp-json\/wp\/v2\/product"}],"about":[{"href":"https:\/\/ceasuri.md\/ru\/wp-json\/wp\/v2\/types\/product"}],"replies":[{"embeddable":true,"href":"https:\/\/ceasuri.md\/ru\/wp-json\/wp\/v2\/comments?post=45286"}],"wp:featuredmedia":[{"embeddable":true,"href":"https:\/\/ceasuri.md\/ru\/wp-json\/wp\/v2\/media\/45287"}],"wp:attachment":[{"href":"https:\/\/ceasuri.md\/ru\/wp-json\/wp\/v2\/media?parent=45286"}],"wp:term":[{"taxonomy":"product_brand","embeddable":true,"href":"https:\/\/ceasuri.md\/ru\/wp-json\/wp\/v2\/product_brand?post=45286"},{"taxonomy":"product_cat","embeddable":true,"href":"https:\/\/ceasuri.md\/ru\/wp-json\/wp\/v2\/product_cat?post=45286"},{"taxonomy":"product_tag","embeddable":true,"href":"https:\/\/ceasuri.md\/ru\/wp-json\/wp\/v2\/product_tag?post=45286"}],"curies":[{"name":"wp","href":"https:\/\/api.w.org\/{rel}","templated":true}]}}