{"id":45283,"date":"2026-04-02T22:33:10","date_gmt":"2026-04-02T19:33:10","guid":{"rendered":"http:\/\/new.ceasuri.md\/shop\/uncategorized\/seiko-automatic-srph92k1\/"},"modified":"2026-04-16T21:09:43","modified_gmt":"2026-04-16T18:09:43","slug":"seiko-automatic-srph92k1","status":"publish","type":"product","link":"https:\/\/ceasuri.md\/ru\/shop\/branduri\/seiko\/seiko-automatic-srph92k1\/","title":{"rendered":"Ceas SEIKO SRPH92K1"},"content":{"rendered":"<p>Acest ceas Seiko elegant combin\u0103 coloritul auriu \u0219i gri o\u021bel.<\/p>\n<p>Ceasul are o carcas\u0103 din o\u021bel cu l\u0103\u021bimea de 42 mm, cu lunet\u0103 de culoare aurie \u0219i o curea de ceas din o\u021bel bicolor cu cinci r\u00e2nduri.<\/p>\n<p>Cadranul de culoare argintie prezint\u0103 m\u00e2ini \u0219i indici liniari de culoare aurie.<\/p>\n<p>Ceasul are o rezisten\u021b\u0103 la ap\u0103 de 100 de metri, ceea ce \u00eel face potrivit pentru \u00eenot.<\/p>\n<p>Ceasul automat este echipat cu un mecanism Seiko 4R35 de \u00eenalt\u0103 calitate, cu o rezerv\u0103 de energie de p\u00e2n\u0103 la 41 de ore.<\/p>\n<p>Ceasurile japoneze Seiko sunt cunoscute pentru tehnologia lor foarte \u00eenalt\u0103. Cu o vechime de peste 100 de ani, Seiko a fost pionier \u00een industria orologer\u0103 cu o serie de inova\u021bii, inclusiv primul ceas cu cuar\u021b \u0219i tehnologia cinetic\u0103.<\/p>","protected":false},"excerpt":{"rendered":"<p>Acest ceas Seiko elegant combin\u0103 coloritul auriu \u0219i gri o\u021bel. Ceasul are o carcas\u0103 din o\u021bel cu l\u0103\u021bimea de 42 mm, cu lunet\u0103 de culoare aurie \u0219i o curea de ceas din o\u021bel bicolor cu cinci r\u00e2nduri. Cadranul de culoare argintie prezint\u0103 m\u00e2ini \u0219i indici liniari de culoare aurie. Ceasul are o rezisten\u021b\u0103 la ap\u0103 [&hellip;]<\/p>\n","protected":false},"featured_media":45284,"comment_status":"closed","ping_status":"open","template":"","meta":{"_acf_changed":false},"product_brand":[],"product_cat":[20,588],"product_tag":[],"class_list":{"0":"post-45283","1":"product","2":"type-product","3":"status-publish","4":"has-post-thumbnail","6":"product_cat-ceasuri-barbati","7":"product_cat-seiko","8":"pa_brand-seiko","9":"pa_braslet-otel-inoxidabil","10":"pa_corpus-41-mm","11":"pa_forma-rotund","12":"pa_funcii-data","13":"pa_garatia-24-luni","14":"pa_korpus-argintiu","15":"pa_material-otel-inoxidabil","16":"pa_mehanizm-mecanic","17":"pa_mehanizm-mecanism-automatic","18":"pa_remeshok-bicolor","19":"pa_steklo-hardlex-crystal","20":"pa_strana-japonia","21":"pa_voda-10-atm","23":"first","24":"instock","25":"purchasable","26":"product-type-simple"},"acf":[],"_links":{"self":[{"href":"https:\/\/ceasuri.md\/ru\/wp-json\/wp\/v2\/product\/45283","targetHints":{"allow":["GET"]}}],"collection":[{"href":"https:\/\/ceasuri.md\/ru\/wp-json\/wp\/v2\/product"}],"about":[{"href":"https:\/\/ceasuri.md\/ru\/wp-json\/wp\/v2\/types\/product"}],"replies":[{"embeddable":true,"href":"https:\/\/ceasuri.md\/ru\/wp-json\/wp\/v2\/comments?post=45283"}],"wp:featuredmedia":[{"embeddable":true,"href":"https:\/\/ceasuri.md\/ru\/wp-json\/wp\/v2\/media\/45284"}],"wp:attachment":[{"href":"https:\/\/ceasuri.md\/ru\/wp-json\/wp\/v2\/media?parent=45283"}],"wp:term":[{"taxonomy":"product_brand","embeddable":true,"href":"https:\/\/ceasuri.md\/ru\/wp-json\/wp\/v2\/product_brand?post=45283"},{"taxonomy":"product_cat","embeddable":true,"href":"https:\/\/ceasuri.md\/ru\/wp-json\/wp\/v2\/product_cat?post=45283"},{"taxonomy":"product_tag","embeddable":true,"href":"https:\/\/ceasuri.md\/ru\/wp-json\/wp\/v2\/product_tag?post=45283"}],"curies":[{"name":"wp","href":"https:\/\/api.w.org\/{rel}","templated":true}]}}