{"id":45277,"date":"2026-04-02T22:33:10","date_gmt":"2026-04-02T19:33:10","guid":{"rendered":"http:\/\/new.ceasuri.md\/shop\/uncategorized\/seiko-prospex-king-samurai-limited-srph97k1\/"},"modified":"2026-04-20T00:48:13","modified_gmt":"2026-04-19T21:48:13","slug":"seiko-prospex-king-samurai-limited-srph97k1","status":"publish","type":"product","link":"https:\/\/ceasuri.md\/ru\/shop\/branduri\/seiko\/seiko-prospex-king-samurai-limited-srph97k1\/","title":{"rendered":"\u0427\u0430\u0441\u044b SEIKO PROSPEX KING SAMURAI LIMITED SRPH97K1"},"content":{"rendered":"<p>Seiko Prospex Samurai Limited Edition face parte din vasta \u0219i legendara colec\u021bie de ceasuri de scufund\u0103ri \u0219i a primit porecla &#8222;Samurai&#8221;. Aceast\u0103 porecl\u0103 provine din cauza m\u00e2inilor \u00een form\u0103 de sabie \u0219i a designului angular al carcasei, cu linii ascu\u021bite \u0219i puternice.<\/p>\n<p>Pentru \u00eenceput, are un diametru solid de 43,8 mm, cu o distan\u021b\u0103 de 48,4 mm de la un cap\u0103t la altul \u0219i m\u0103soar\u0103 aproximativ 13,5 mm \u00een grosime. Asta \u00eenseamn\u0103 c\u0103 are o prezen\u021b\u0103 destul de substan\u021bial\u0103 la \u00eencheietura m\u00e2inii, fiind \u00een acela\u0219i timp confortabil, \u00een parte \u0219i datorit\u0103 formei carcasei.<\/p>\n<p>Rezisten\u021ba la ap\u0103 de 200 m, un cristal de safir, un bezel ceramic un nivel ridicat de finisare \u0219i un Cal. de \u00eencredere Seiko in-house. 4R35, mecanic\u0103, automat\u0103, toate acestea fac din acest ceas o pies\u0103 foarte serioas\u0103.<\/p>\n<p>Seria Black Series vine cu un strat negru, care ofer\u0103 un contrast excelent cu luminozitatea Lumibrite verde.<\/p>\n<p>Samurai este o prezen\u021b\u0103 remarcabil de elegant\u0103, \u00een ciuda numelui agresiv, iar o katana nu este cu siguran\u021b\u0103 o condi\u021bie prealabil\u0103 pentru a de\u021bine acest ceas uimitor.<\/p>\n<p>Acest model este limitat la 8000 de buc\u0103\u021bi \u00een \u00eentreaga lume.<\/p>","protected":false},"excerpt":{"rendered":"<p>Seiko Prospex Samurai Limited Edition face parte din vasta \u0219i legendara colec\u021bie de ceasuri de scufund\u0103ri \u0219i a primit porecla &#8222;Samurai&#8221;. Aceast\u0103 porecl\u0103 provine din cauza m\u00e2inilor \u00een form\u0103 de sabie \u0219i a designului angular al carcasei, cu linii ascu\u021bite \u0219i puternice. Pentru \u00eenceput, are un diametru solid de 43,8 mm, cu o distan\u021b\u0103 de [&hellip;]<\/p>\n","protected":false},"featured_media":45278,"comment_status":"closed","ping_status":"open","template":"","meta":{"_acf_changed":false},"product_brand":[],"product_cat":[20,205,588],"product_tag":[],"class_list":{"0":"post-45277","1":"product","2":"type-product","3":"status-publish","4":"has-post-thumbnail","6":"product_cat-ceasuri-barbati","7":"product_cat-limited-edition","8":"product_cat-seiko","9":"pa_brand-seiko","10":"pa_braslet-cauciuc","11":"pa_corpus-44-mm","12":"pa_forma-rotund","13":"pa_funcii-data","14":"pa_funcii-iluminare-fluorescenta","15":"pa_funcii-limited-edition","16":"pa_funcii-total-black","17":"pa_garatia-24-luni","18":"pa_korpus-negru","19":"pa_material-otel-inoxidabil","20":"pa_mehanizm-mecanic","21":"pa_mehanizm-mecanism-automatic","22":"pa_remeshok-negru","23":"pa_steklo-cristal-safir","24":"pa_strana-japonia","25":"pa_voda-20-atm","27":"first","28":"instock","29":"purchasable","30":"product-type-simple"},"acf":[],"_links":{"self":[{"href":"https:\/\/ceasuri.md\/ru\/wp-json\/wp\/v2\/product\/45277","targetHints":{"allow":["GET"]}}],"collection":[{"href":"https:\/\/ceasuri.md\/ru\/wp-json\/wp\/v2\/product"}],"about":[{"href":"https:\/\/ceasuri.md\/ru\/wp-json\/wp\/v2\/types\/product"}],"replies":[{"embeddable":true,"href":"https:\/\/ceasuri.md\/ru\/wp-json\/wp\/v2\/comments?post=45277"}],"wp:featuredmedia":[{"embeddable":true,"href":"https:\/\/ceasuri.md\/ru\/wp-json\/wp\/v2\/media\/45278"}],"wp:attachment":[{"href":"https:\/\/ceasuri.md\/ru\/wp-json\/wp\/v2\/media?parent=45277"}],"wp:term":[{"taxonomy":"product_brand","embeddable":true,"href":"https:\/\/ceasuri.md\/ru\/wp-json\/wp\/v2\/product_brand?post=45277"},{"taxonomy":"product_cat","embeddable":true,"href":"https:\/\/ceasuri.md\/ru\/wp-json\/wp\/v2\/product_cat?post=45277"},{"taxonomy":"product_tag","embeddable":true,"href":"https:\/\/ceasuri.md\/ru\/wp-json\/wp\/v2\/product_tag?post=45277"}],"curies":[{"name":"wp","href":"https:\/\/api.w.org\/{rel}","templated":true}]}}