{"id":45273,"date":"2022-11-30T20:45:15","date_gmt":"2022-11-30T18:45:15","guid":{"rendered":"http:\/\/new.ceasuri.md\/shop\/uncategorized\/seiko-5-sports-stealth-srpj09k1\/"},"modified":"2026-05-01T17:03:13","modified_gmt":"2026-05-01T14:03:13","slug":"seiko-5-sports-stealth-srpj09k1","status":"publish","type":"product","link":"https:\/\/ceasuri.md\/ru\/shop\/branduri\/seiko\/seiko-5-sports-stealth-srpj09k1\/","title":{"rendered":"\u0427\u0430\u0441\u044b SEIKO 5 SPORTS STEALTH SRPJ09K1"},"content":{"rendered":"<p>Acest ceas a fost poreclit &#8222;The Stealth&#8221; de c\u0103tre fanii no\u0219tri &#8211; culorile sale monocromatice se inspir\u0103 din modelele originale clasice din anii 1960 ale Seiko 5 Sports.<\/p>\n<p>Materialele \u0219i finisajele moderne folosite accentueaz\u0103 profunzimea cadranului negru \u0219i textura sa bogat\u0103.<\/p>\n<p>Designul 2022 a fost actualizat de la r\u0103d\u0103cinile sale din anii &#8217;60 cu Calibrul automat 4R36, \u00eencercat \u0219i de \u00eencredere, care ofer\u0103 o rezerv\u0103 de putere de 41 de ore \u0219i o rezisten\u021b\u0103 la ap\u0103 de 10 bari.<\/p>\n<p>M\u00e2na a doua &#8222;hacking&#8221; se opre\u0219te atunci c\u00e2nd scoate\u021bi coroana, ceea ce \u00eenseamn\u0103 c\u0103 este u\u0219or de sincronizat cu o referin\u021b\u0103 de timp &#8211; hacking este abilitatea de a seta o m\u00e2n\u0103 a doua, precum \u0219i m\u00e2inile orelor \u0219i minutelor.<\/p>\n<p>Din colec\u021bia Seiko 5 Sports &#8222;Field&#8221;, acest ceas a fost creat cu un design militar &#8222;pe teren&#8221; &#8211; inspir\u00e2ndu-se dintr-un stil numit ini\u021bial &#8222;ceas de tran\u0219ee&#8221;, creat pentru a fi robust \u0219i fiabil \u00een condi\u021bii dificile &#8211; relu\u00e2nd caracteristicile Seiko 5 Sports.<\/p>\n<p>Seiko 5 Sports este cunoscut pentru cei peste cincizeci de ani de fiabilitate, durabilitate, performan\u021b\u0103 \u0219i valoare.<\/p>","protected":false},"excerpt":{"rendered":"<p>Acest ceas a fost poreclit &#8222;The Stealth&#8221; de c\u0103tre fanii no\u0219tri &#8211; culorile sale monocromatice se inspir\u0103 din modelele originale clasice din anii 1960 ale Seiko 5 Sports. Materialele \u0219i finisajele moderne folosite accentueaz\u0103 profunzimea cadranului negru \u0219i textura sa bogat\u0103. Designul 2022 a fost actualizat de la r\u0103d\u0103cinile sale din anii &#8217;60 cu Calibrul [&hellip;]<\/p>\n","protected":false},"featured_media":45274,"comment_status":"closed","ping_status":"open","template":"","meta":{"_acf_changed":false},"product_brand":[],"product_cat":[20,588],"product_tag":[],"class_list":{"0":"post-45273","1":"product","2":"type-product","3":"status-publish","4":"has-post-thumbnail","6":"product_cat-ceasuri-barbati","7":"product_cat-seiko","8":"pa_brand-seiko","9":"pa_braslet-otel-inoxidabil","10":"pa_corpus-39-mm","11":"pa_forma-rotund","12":"pa_funcii-data","13":"pa_funcii-total-black","14":"pa_funcii-ziua-saptamanii","15":"pa_garatia-24-luni","16":"pa_korpus-negru","17":"pa_material-otel-inoxidabil","18":"pa_mehanizm-mecanic","19":"pa_mehanizm-mecanism-automatic","20":"pa_remeshok-negru","21":"pa_steklo-hardlex-crystal","22":"pa_strana-japonia","23":"pa_voda-10-atm","25":"first","26":"instock","27":"purchasable","28":"product-type-simple"},"acf":[],"_links":{"self":[{"href":"https:\/\/ceasuri.md\/ru\/wp-json\/wp\/v2\/product\/45273","targetHints":{"allow":["GET"]}}],"collection":[{"href":"https:\/\/ceasuri.md\/ru\/wp-json\/wp\/v2\/product"}],"about":[{"href":"https:\/\/ceasuri.md\/ru\/wp-json\/wp\/v2\/types\/product"}],"replies":[{"embeddable":true,"href":"https:\/\/ceasuri.md\/ru\/wp-json\/wp\/v2\/comments?post=45273"}],"wp:featuredmedia":[{"embeddable":true,"href":"https:\/\/ceasuri.md\/ru\/wp-json\/wp\/v2\/media\/45274"}],"wp:attachment":[{"href":"https:\/\/ceasuri.md\/ru\/wp-json\/wp\/v2\/media?parent=45273"}],"wp:term":[{"taxonomy":"product_brand","embeddable":true,"href":"https:\/\/ceasuri.md\/ru\/wp-json\/wp\/v2\/product_brand?post=45273"},{"taxonomy":"product_cat","embeddable":true,"href":"https:\/\/ceasuri.md\/ru\/wp-json\/wp\/v2\/product_cat?post=45273"},{"taxonomy":"product_tag","embeddable":true,"href":"https:\/\/ceasuri.md\/ru\/wp-json\/wp\/v2\/product_tag?post=45273"}],"curies":[{"name":"wp","href":"https:\/\/api.w.org\/{rel}","templated":true}]}}