{"id":45268,"date":"2022-11-30T20:45:14","date_gmt":"2022-11-30T18:45:14","guid":{"rendered":"http:\/\/new.ceasuri.md\/shop\/uncategorized\/seiko-presage-coctail-blue-srpj13j1\/"},"modified":"2026-05-01T17:03:12","modified_gmt":"2026-05-01T14:03:12","slug":"seiko-presage-coctail-blue-srpj13j1","status":"publish","type":"product","link":"https:\/\/ceasuri.md\/ru\/shop\/branduri\/seiko\/seiko-presage-coctail-blue-srpj13j1\/","title":{"rendered":"\u0427\u0430\u0441\u044b SEIKO PRESAGE COCTAIL BLUE SRPJ13J1"},"content":{"rendered":"<p>Acest ceas face parte din colec\u021bia Presage Cocktail Time, ceasuri inspirate de cultura japonez\u0103 a cocktailurilor din zona sofisticat\u0103 Ginza din Tokyo, fiecare dintre ele fiind denumit dup\u0103 un anumit cocktail.<\/p>\n<p>Acest design special este numit dup\u0103 cocktailul &#8222;The Aviation&#8221; &#8211; lu\u00e2ndu-\u0219i nuan\u021bele de albastru\/violet de la ingredientul cr\u00e8me de violette.<\/p>\n<p>\u00cen Japonia, \u00een mod tradi\u021bional, &#8222;Ora de nomunicare&#8221; &#8211; un hibrid \u00eentre nomu (b\u0103utur\u0103) \u0219i comunicare &#8211; este dup\u0103 ora 17:00, c\u00e2nd este ora cocktailului \u0219i este timpul pentru a discuta despre lucruri. Colec\u021bia Seiko Presage Cocktail Time a fost inspirat\u0103 de aceast\u0103 tradi\u021bie japonez\u0103 de a \u00eencheia ziua de lucru cu un cocktail \u0219i o discu\u021bie &#8211; fiecare ceas purt\u00e2nd numele b\u0103uturilor amestecate de Hisashi Kishi, barman \u0219ef \u0219i proprietar al Star Bar din zona Ginza din Tokyo \u0219i fost c\u00e2\u0219tig\u0103tor al Campionatului Mondial al Asocia\u021biei Interna\u021bionale a Barurilor.<\/p>\n<p>Seiko Presage: Aspecte atemporale, cronometrare mecanic\u0103 japonez\u0103 precis\u0103.<\/p>\n<p>Modele de ceasuri minimaliste cu o estetic\u0103 distinct japonez\u0103.<\/p>","protected":false},"excerpt":{"rendered":"<p>Acest ceas face parte din colec\u021bia Presage Cocktail Time, ceasuri inspirate de cultura japonez\u0103 a cocktailurilor din zona sofisticat\u0103 Ginza din Tokyo, fiecare dintre ele fiind denumit dup\u0103 un anumit cocktail. Acest design special este numit dup\u0103 cocktailul &#8222;The Aviation&#8221; &#8211; lu\u00e2ndu-\u0219i nuan\u021bele de albastru\/violet de la ingredientul cr\u00e8me de violette. \u00cen Japonia, \u00een mod [&hellip;]<\/p>\n","protected":false},"featured_media":45269,"comment_status":"closed","ping_status":"open","template":"","meta":{"_acf_changed":false},"product_brand":[],"product_cat":[20,588],"product_tag":[],"class_list":{"0":"post-45268","1":"product","2":"type-product","3":"status-publish","4":"has-post-thumbnail","6":"product_cat-ceasuri-barbati","7":"product_cat-seiko","8":"pa_brand-seiko","9":"pa_braslet-otel-inoxidabil","10":"pa_corpus-39-mm","11":"pa_forma-rotund","12":"pa_funcii-data","13":"pa_garatia-24-luni","14":"pa_korpus-argintiu","15":"pa_material-otel-inoxidabil","16":"pa_mehanizm-mecanic","17":"pa_mehanizm-mecanism-automatic","18":"pa_remeshok-argintiu","19":"pa_steklo-hardlex-crystal","20":"pa_strana-japonia","21":"pa_voda-5-atm","23":"first","24":"instock","25":"purchasable","26":"product-type-simple"},"acf":[],"_links":{"self":[{"href":"https:\/\/ceasuri.md\/ru\/wp-json\/wp\/v2\/product\/45268","targetHints":{"allow":["GET"]}}],"collection":[{"href":"https:\/\/ceasuri.md\/ru\/wp-json\/wp\/v2\/product"}],"about":[{"href":"https:\/\/ceasuri.md\/ru\/wp-json\/wp\/v2\/types\/product"}],"replies":[{"embeddable":true,"href":"https:\/\/ceasuri.md\/ru\/wp-json\/wp\/v2\/comments?post=45268"}],"wp:featuredmedia":[{"embeddable":true,"href":"https:\/\/ceasuri.md\/ru\/wp-json\/wp\/v2\/media\/45269"}],"wp:attachment":[{"href":"https:\/\/ceasuri.md\/ru\/wp-json\/wp\/v2\/media?parent=45268"}],"wp:term":[{"taxonomy":"product_brand","embeddable":true,"href":"https:\/\/ceasuri.md\/ru\/wp-json\/wp\/v2\/product_brand?post=45268"},{"taxonomy":"product_cat","embeddable":true,"href":"https:\/\/ceasuri.md\/ru\/wp-json\/wp\/v2\/product_cat?post=45268"},{"taxonomy":"product_tag","embeddable":true,"href":"https:\/\/ceasuri.md\/ru\/wp-json\/wp\/v2\/product_tag?post=45268"}],"curies":[{"name":"wp","href":"https:\/\/api.w.org\/{rel}","templated":true}]}}