{"id":45251,"date":"2026-04-02T22:33:10","date_gmt":"2026-04-02T19:33:10","guid":{"rendered":"http:\/\/new.ceasuri.md\/shop\/uncategorized\/seiko-presage-style-60s-ssa447j1\/"},"modified":"2026-04-20T00:48:37","modified_gmt":"2026-04-19T21:48:37","slug":"seiko-presage-style-60s-ssa447j1","status":"publish","type":"product","link":"https:\/\/ceasuri.md\/ru\/shop\/branduri\/seiko\/seiko-presage-style-60s-ssa447j1\/","title":{"rendered":"\u0427\u0430\u0441\u044b SEIKO PRESAGE STYLE 60&#8217;s SSA447J1"},"content":{"rendered":"<p>Acest ceas face parte din colec\u021bia Presage Style 60s: ceasuri moderne \u0219i practice cu aspect retro vintage din anii 1960.<\/p>\n<p>Colec\u021bia este inspirat\u0103 de designul primului cronograf din Japonia, creat ini\u021bial de Seiko \u00een 1964 pentru a coincide cu un eveniment sportiv important din Tokyo.<\/p>\n<p>Acest ceas Presage este primul din seria Style 60s care prezint\u0103 mi\u0219carea 4R57, cu subcadranul s\u0103u caracteristic \u00een pozi\u021bia de la ora 6.<\/p>\n<p>M\u00e2na \u0219i indicatorul rezervei de energie pozi\u021bionate de la ora 12 la ora 4 subliniaz\u0103 \u0219i mai mult stilul s\u0103u vintage.<\/p>\n<p>Acest ceas are un cadran de culoarea filde\u0219ului, \u00eempreun\u0103 cu o curea din o\u021bel inoxidabil \u0219i o lunet\u0103 contrastant\u0103.<\/p>\n<p>Seiko Presage &#8211; Aspecte atemporale, cronometrare mecanic\u0103 japonez\u0103 precis\u0103. Modele de ceasuri minimaliste cu o estetic\u0103 distinct japonez\u0103.<\/p>","protected":false},"excerpt":{"rendered":"<p>Acest ceas face parte din colec\u021bia Presage Style 60s: ceasuri moderne \u0219i practice cu aspect retro vintage din anii 1960. Colec\u021bia este inspirat\u0103 de designul primului cronograf din Japonia, creat ini\u021bial de Seiko \u00een 1964 pentru a coincide cu un eveniment sportiv important din Tokyo. Acest ceas Presage este primul din seria Style 60s care [&hellip;]<\/p>\n","protected":false},"featured_media":45252,"comment_status":"closed","ping_status":"open","template":"","meta":{"_acf_changed":false},"product_brand":[],"product_cat":[20,106,588],"product_tag":[],"class_list":{"0":"post-45251","1":"product","2":"type-product","3":"status-publish","4":"has-post-thumbnail","6":"product_cat-ceasuri-barbati","7":"product_cat-ceasuri-premium","8":"product_cat-seiko","9":"pa_brand-seiko","10":"pa_braslet-otel-inoxidabil","11":"pa_corpus-41-mm","12":"pa_forma-rotund","13":"pa_funcii-data","14":"pa_funcii-rezerva-de-energie","15":"pa_garatia-24-luni","16":"pa_korpus-argintiu","17":"pa_material-otel-inoxidabil","18":"pa_mehanizm-mecanic","19":"pa_mehanizm-mecanism-automatic","20":"pa_remeshok-argintiu","21":"pa_steklo-hardlex-crystal","22":"pa_strana-japonia","23":"pa_voda-5-atm","25":"first","26":"instock","27":"purchasable","28":"product-type-simple"},"acf":[],"_links":{"self":[{"href":"https:\/\/ceasuri.md\/ru\/wp-json\/wp\/v2\/product\/45251","targetHints":{"allow":["GET"]}}],"collection":[{"href":"https:\/\/ceasuri.md\/ru\/wp-json\/wp\/v2\/product"}],"about":[{"href":"https:\/\/ceasuri.md\/ru\/wp-json\/wp\/v2\/types\/product"}],"replies":[{"embeddable":true,"href":"https:\/\/ceasuri.md\/ru\/wp-json\/wp\/v2\/comments?post=45251"}],"wp:featuredmedia":[{"embeddable":true,"href":"https:\/\/ceasuri.md\/ru\/wp-json\/wp\/v2\/media\/45252"}],"wp:attachment":[{"href":"https:\/\/ceasuri.md\/ru\/wp-json\/wp\/v2\/media?parent=45251"}],"wp:term":[{"taxonomy":"product_brand","embeddable":true,"href":"https:\/\/ceasuri.md\/ru\/wp-json\/wp\/v2\/product_brand?post=45251"},{"taxonomy":"product_cat","embeddable":true,"href":"https:\/\/ceasuri.md\/ru\/wp-json\/wp\/v2\/product_cat?post=45251"},{"taxonomy":"product_tag","embeddable":true,"href":"https:\/\/ceasuri.md\/ru\/wp-json\/wp\/v2\/product_tag?post=45251"}],"curies":[{"name":"wp","href":"https:\/\/api.w.org\/{rel}","templated":true}]}}