{"id":45237,"date":"2026-04-02T22:33:10","date_gmt":"2026-04-02T19:33:10","guid":{"rendered":"http:\/\/new.ceasuri.md\/shop\/uncategorized\/seiko-conceptual-chronograph-ssb415p1\/"},"modified":"2026-04-20T00:49:26","modified_gmt":"2026-04-19T21:49:26","slug":"seiko-conceptual-chronograph-ssb415p1","status":"publish","type":"product","link":"https:\/\/ceasuri.md\/ru\/shop\/branduri\/seiko\/seiko-conceptual-chronograph-ssb415p1\/","title":{"rendered":"\u0427\u0430\u0441\u044b SEIKO CONCEPTUAL CHRONOGRAPH SSB415P1"},"content":{"rendered":"<p>Seiko Conceptual Regular Chronograph este un ceas sport pentru b\u0103rba\u021bi cu un design clasic.<\/p>\n<p>Aspectul s\u0103u elegant este pus \u00een eviden\u021b\u0103 de br\u0103\u021bara \u0219i plicul realizate din o\u021bel inoxidabil de culoare neagr\u0103. Aceea\u0219i nuan\u021b\u0103 este folosit\u0103 \u0219i pentru cadran, sub care func\u021bioneaz\u0103 mi\u0219carea cu cuar\u021b Seiko 8T63 cu complica\u021bie de dat\u0103, cronograf \u0219i tahimetru. Cadranul este protejat de o sticl\u0103 dur\u0103 de safir.<\/p>\n<p>Acest model sportiv este echipat \u0219i cu alte facilit\u0103\u021bi utile, inclusiv un fund de carcas\u0103 \u00een\u0219urubat \u0219i o rezisten\u021b\u0103 la ap\u0103 10 ATM, ceea ce v\u0103 permite s\u0103 \u00eenota\u021bi \u00een ceas f\u0103r\u0103 s\u0103 v\u0103 face\u021bi griji c\u0103 \u00eel ve\u021bi inunda.<\/p>","protected":false},"excerpt":{"rendered":"<p>Seiko Conceptual Regular Chronograph este un ceas sport pentru b\u0103rba\u021bi cu un design clasic. Aspectul s\u0103u elegant este pus \u00een eviden\u021b\u0103 de br\u0103\u021bara \u0219i plicul realizate din o\u021bel inoxidabil de culoare neagr\u0103. Aceea\u0219i nuan\u021b\u0103 este folosit\u0103 \u0219i pentru cadran, sub care func\u021bioneaz\u0103 mi\u0219carea cu cuar\u021b Seiko 8T63 cu complica\u021bie de dat\u0103, cronograf \u0219i tahimetru. Cadranul [&hellip;]<\/p>\n","protected":false},"featured_media":45238,"comment_status":"closed","ping_status":"open","template":"","meta":{"_acf_changed":false},"product_brand":[],"product_cat":[20,588],"product_tag":[],"class_list":{"0":"post-45237","1":"product","2":"type-product","3":"status-publish","4":"has-post-thumbnail","6":"product_cat-ceasuri-barbati","7":"product_cat-seiko","8":"pa_brand-seiko","9":"pa_braslet-otel-inoxidabil","10":"pa_corpus-43-mm","11":"pa_forma-rotund","12":"pa_funcii-cronograf","13":"pa_funcii-data","14":"pa_funcii-iluminare-fluorescenta","15":"pa_funcii-tahimetru","16":"pa_garatia-24-luni","17":"pa_korpus-negru","18":"pa_kvarc-quartz","19":"pa_material-otel-inoxidabil","20":"pa_mehanizm-quartz","21":"pa_remeshok-negru","22":"pa_steklo-cristal-safir","23":"pa_strana-japonia","24":"pa_voda-10-atm","26":"first","27":"instock","28":"purchasable","29":"product-type-simple"},"acf":[],"_links":{"self":[{"href":"https:\/\/ceasuri.md\/ru\/wp-json\/wp\/v2\/product\/45237","targetHints":{"allow":["GET"]}}],"collection":[{"href":"https:\/\/ceasuri.md\/ru\/wp-json\/wp\/v2\/product"}],"about":[{"href":"https:\/\/ceasuri.md\/ru\/wp-json\/wp\/v2\/types\/product"}],"replies":[{"embeddable":true,"href":"https:\/\/ceasuri.md\/ru\/wp-json\/wp\/v2\/comments?post=45237"}],"wp:featuredmedia":[{"embeddable":true,"href":"https:\/\/ceasuri.md\/ru\/wp-json\/wp\/v2\/media\/45238"}],"wp:attachment":[{"href":"https:\/\/ceasuri.md\/ru\/wp-json\/wp\/v2\/media?parent=45237"}],"wp:term":[{"taxonomy":"product_brand","embeddable":true,"href":"https:\/\/ceasuri.md\/ru\/wp-json\/wp\/v2\/product_brand?post=45237"},{"taxonomy":"product_cat","embeddable":true,"href":"https:\/\/ceasuri.md\/ru\/wp-json\/wp\/v2\/product_cat?post=45237"},{"taxonomy":"product_tag","embeddable":true,"href":"https:\/\/ceasuri.md\/ru\/wp-json\/wp\/v2\/product_tag?post=45237"}],"curies":[{"name":"wp","href":"https:\/\/api.w.org\/{rel}","templated":true}]}}