{"id":45232,"date":"2026-04-02T22:33:10","date_gmt":"2026-04-02T19:33:10","guid":{"rendered":"http:\/\/new.ceasuri.md\/shop\/uncategorized\/seiko-conceptual-chronograph-ssb417p1\/"},"modified":"2026-04-20T00:49:27","modified_gmt":"2026-04-19T21:49:27","slug":"seiko-conceptual-chronograph-ssb417p1","status":"publish","type":"product","link":"https:\/\/ceasuri.md\/ru\/shop\/branduri\/seiko\/seiko-conceptual-chronograph-ssb417p1\/","title":{"rendered":"\u0427\u0430\u0441\u044b SEIKO CONCEPTUAL CHRONOGRAPH SSB417P1"},"content":{"rendered":"<p>Un plic din o\u021bel inoxidabil \u0219i o curea din material de \u00eenalt\u0103 calitate alc\u0103tuiesc elegantul ceas Seiko Conceptual Chronograph.<\/p>\n<p>Datorit\u0103 schemei de culori negre, dispozitivul arat\u0103 foarte bine pe \u00eencheietura m\u00e2inii unui b\u0103rbat. Cadranul s\u0103u prezint\u0103 un cronograf, un tahimetru \u0219i un afi\u0219aj al datei din ziua lunii.<\/p>\n<p>Modelul func\u021bioneaz\u0103 pe baza unei mi\u0219c\u0103ri japoneze cu cuar\u021b Seiko 8T63.<\/p>","protected":false},"excerpt":{"rendered":"<p>Un plic din o\u021bel inoxidabil \u0219i o curea din material de \u00eenalt\u0103 calitate alc\u0103tuiesc elegantul ceas Seiko Conceptual Chronograph. Datorit\u0103 schemei de culori negre, dispozitivul arat\u0103 foarte bine pe \u00eencheietura m\u00e2inii unui b\u0103rbat. Cadranul s\u0103u prezint\u0103 un cronograf, un tahimetru \u0219i un afi\u0219aj al datei din ziua lunii. Modelul func\u021bioneaz\u0103 pe baza unei mi\u0219c\u0103ri japoneze [&hellip;]<\/p>\n","protected":false},"featured_media":45233,"comment_status":"closed","ping_status":"open","template":"","meta":{"_acf_changed":false},"product_brand":[],"product_cat":[20,588],"product_tag":[],"class_list":{"0":"post-45232","1":"product","2":"type-product","3":"status-publish","4":"has-post-thumbnail","6":"product_cat-ceasuri-barbati","7":"product_cat-seiko","8":"pa_brand-seiko","9":"pa_braslet-textile","10":"pa_corpus-43-mm","11":"pa_forma-rotund","12":"pa_funcii-cronograf","13":"pa_funcii-data","14":"pa_funcii-iluminare-fluorescenta","15":"pa_funcii-tahimetru","16":"pa_garatia-24-luni","17":"pa_korpus-negru","18":"pa_kvarc-quartz","19":"pa_material-otel-inoxidabil","20":"pa_mehanizm-quartz","21":"pa_remeshok-negru","22":"pa_steklo-cristal-safir","23":"pa_strana-japonia","24":"pa_voda-10-atm","26":"first","27":"instock","28":"purchasable","29":"product-type-simple"},"acf":[],"_links":{"self":[{"href":"https:\/\/ceasuri.md\/ru\/wp-json\/wp\/v2\/product\/45232","targetHints":{"allow":["GET"]}}],"collection":[{"href":"https:\/\/ceasuri.md\/ru\/wp-json\/wp\/v2\/product"}],"about":[{"href":"https:\/\/ceasuri.md\/ru\/wp-json\/wp\/v2\/types\/product"}],"replies":[{"embeddable":true,"href":"https:\/\/ceasuri.md\/ru\/wp-json\/wp\/v2\/comments?post=45232"}],"wp:featuredmedia":[{"embeddable":true,"href":"https:\/\/ceasuri.md\/ru\/wp-json\/wp\/v2\/media\/45233"}],"wp:attachment":[{"href":"https:\/\/ceasuri.md\/ru\/wp-json\/wp\/v2\/media?parent=45232"}],"wp:term":[{"taxonomy":"product_brand","embeddable":true,"href":"https:\/\/ceasuri.md\/ru\/wp-json\/wp\/v2\/product_brand?post=45232"},{"taxonomy":"product_cat","embeddable":true,"href":"https:\/\/ceasuri.md\/ru\/wp-json\/wp\/v2\/product_cat?post=45232"},{"taxonomy":"product_tag","embeddable":true,"href":"https:\/\/ceasuri.md\/ru\/wp-json\/wp\/v2\/product_tag?post=45232"}],"curies":[{"name":"wp","href":"https:\/\/api.w.org\/{rel}","templated":true}]}}