{"id":45214,"date":"2026-04-02T22:33:10","date_gmt":"2026-04-02T19:33:10","guid":{"rendered":"http:\/\/new.ceasuri.md\/shop\/uncategorized\/seiko-5-sports-batman-gmt-ssk003k1\/"},"modified":"2026-04-28T16:51:30","modified_gmt":"2026-04-28T13:51:30","slug":"seiko-5-sports-batman-gmt-ssk003k1","status":"publish","type":"product","link":"https:\/\/ceasuri.md\/ru\/shop\/branduri\/seiko\/seiko-5-sports-batman-gmt-ssk003k1\/","title":{"rendered":"\u0427\u0430\u0441\u044b SEIKO 5 SPORTS BATMAN GMT SSK003K1"},"content":{"rendered":"<p>Lansate pentru prima dat\u0103 \u00een anii &#8217;90, ceasurile SKX Seiko 5 Sports au fost o versiune modernizat\u0103 a clasicilor &#8211; actualiz\u00e2nd fiabilitatea \u0219i durabilitatea originalelor din anii &#8217;60. Colec\u021bia din anii &#8217;90 a oferit un aspect practic \u00eembun\u0103t\u0103\u021bit &#8211; rezisten\u021b\u0103 sporit\u0103 la ap\u0103, cristale \u00eent\u0103rite, \u00eempreun\u0103 cu m\u00e2ini \u0219i indicatoare luminoase. Aceste valori u\u0219or de purtat \u0219i \u00eendr\u0103gite r\u0103m\u00e2n \u00eenc\u0103 puternice \u00een modelele Seiko 5 Sports modernizate de ast\u0103zi.<\/p>\n<p>Luneta bicolor\u0103 cu 24 de ore este acoperit\u0103 cu Hardlex, pentru a asigura durabilitatea, \u00een timp ce m\u00e2na GMT \u00eembun\u0103t\u0103\u021be\u0219te caracterul practic, vizibilitatea \u0219i lizibilitatea.<\/p>\n<p>Br\u0103\u021bara cu &#8222;m\u0103rgele de orez&#8221; r\u0103m\u00e2ne fidel\u0103 mo\u0219tenirii SKX, cu un design cu &#8222;verig\u0103 din cinci piese&#8221; care formeaz\u0103 o serie de modele mici \u00een form\u0103 de X.<\/p>\n<p>M\u00e2inile \u0219i indicii sunt acoperite cu LumiBrite &#8211; vopsea luminoas\u0103 fluorescent\u0103 care absoarbe rapid energia luminoas\u0103, str\u0103lucind mai puternic \u0219i mai mult timp \u00een lumin\u0103 par\u021bial\u0103. LumiBrite \u00eencepe s\u0103 str\u0103luceasc\u0103 puternic \u00een \u00eentuneric \u0219i se estompeaz\u0103 \u00eencet.<\/p>\n<p>Seiko 5 Sports este cunoscut pentru cei peste cincizeci de ani de fiabilitate, durabilitate, performan\u021b\u0103 \u0219i valoare.<\/p>\n<p>&#8221;5&#8221;&#8217; reprezint\u0103 cele cinci caracteristici cheie originale ale fiec\u0103rui Seiko 5, prezente \u0219i ast\u0103zi: Mi\u0219care automat\u0103, Afi\u0219aj zi-data, Rezisten\u021b\u0103 la ap\u0103, Coroan\u0103 \u00eencastrat\u0103 \u0219i Carcas\u0103 \u0219i br\u0103\u021bar\u0103 durabile.<\/p>","protected":false},"excerpt":{"rendered":"<p>Lansate pentru prima dat\u0103 \u00een anii &#8217;90, ceasurile SKX Seiko 5 Sports au fost o versiune modernizat\u0103 a clasicilor &#8211; actualiz\u00e2nd fiabilitatea \u0219i durabilitatea originalelor din anii &#8217;60. Colec\u021bia din anii &#8217;90 a oferit un aspect practic \u00eembun\u0103t\u0103\u021bit &#8211; rezisten\u021b\u0103 sporit\u0103 la ap\u0103, cristale \u00eent\u0103rite, \u00eempreun\u0103 cu m\u00e2ini \u0219i indicatoare luminoase. Aceste valori u\u0219or de [&hellip;]<\/p>\n","protected":false},"featured_media":45215,"comment_status":"closed","ping_status":"open","template":"","meta":{"_acf_changed":false},"product_brand":[],"product_cat":[20,588],"product_tag":[],"class_list":{"0":"post-45214","1":"product","2":"type-product","3":"status-publish","4":"has-post-thumbnail","6":"product_cat-ceasuri-barbati","7":"product_cat-seiko","8":"pa_brand-seiko","9":"pa_braslet-otel-inoxidabil","10":"pa_corpus-42-mm","11":"pa_forma-rotund","12":"pa_funcii-data","13":"pa_funcii-dual-time","14":"pa_funcii-gmt","15":"pa_funcii-iluminare-fluorescenta","16":"pa_garatia-24-luni","17":"pa_korpus-argintiu","18":"pa_material-otel-inoxidabil","19":"pa_mehanizm-mecanic","20":"pa_mehanizm-mecanism-automatic","21":"pa_remeshok-argintiu","22":"pa_steklo-hardlex-crystal","23":"pa_strana-japonia","24":"pa_voda-10-atm","26":"first","27":"instock","28":"purchasable","29":"product-type-simple"},"acf":[],"_links":{"self":[{"href":"https:\/\/ceasuri.md\/ru\/wp-json\/wp\/v2\/product\/45214","targetHints":{"allow":["GET"]}}],"collection":[{"href":"https:\/\/ceasuri.md\/ru\/wp-json\/wp\/v2\/product"}],"about":[{"href":"https:\/\/ceasuri.md\/ru\/wp-json\/wp\/v2\/types\/product"}],"replies":[{"embeddable":true,"href":"https:\/\/ceasuri.md\/ru\/wp-json\/wp\/v2\/comments?post=45214"}],"wp:featuredmedia":[{"embeddable":true,"href":"https:\/\/ceasuri.md\/ru\/wp-json\/wp\/v2\/media\/45215"}],"wp:attachment":[{"href":"https:\/\/ceasuri.md\/ru\/wp-json\/wp\/v2\/media?parent=45214"}],"wp:term":[{"taxonomy":"product_brand","embeddable":true,"href":"https:\/\/ceasuri.md\/ru\/wp-json\/wp\/v2\/product_brand?post=45214"},{"taxonomy":"product_cat","embeddable":true,"href":"https:\/\/ceasuri.md\/ru\/wp-json\/wp\/v2\/product_cat?post=45214"},{"taxonomy":"product_tag","embeddable":true,"href":"https:\/\/ceasuri.md\/ru\/wp-json\/wp\/v2\/product_tag?post=45214"}],"curies":[{"name":"wp","href":"https:\/\/api.w.org\/{rel}","templated":true}]}}