{"id":45206,"date":"2026-04-02T22:33:10","date_gmt":"2026-04-02T19:33:10","guid":{"rendered":"http:\/\/new.ceasuri.md\/shop\/uncategorized\/seiko-classic-sur515p1\/"},"modified":"2026-04-20T00:50:51","modified_gmt":"2026-04-19T21:50:51","slug":"seiko-classic-sur515p1","status":"publish","type":"product","link":"https:\/\/ceasuri.md\/ru\/shop\/branduri\/seiko\/seiko-classic-sur515p1\/","title":{"rendered":"Ceas SEIKO CLASSIC SUR515P1"},"content":{"rendered":"<p>Un ceas analogic pentru domnii care apreciaz\u0103 at\u00e2t stilul, c\u00e2t \u0219i func\u021bionalitatea.<\/p>\n<p>Realizat cu precizie, acest ceas este prev\u0103zut cu o carcas\u0103 elegant\u0103 din o\u021bel inoxidabil negru, care m\u0103soar\u0103 39 mm \u00een diametru \u0219i 10 mm \u00een grosime, complet\u00e2nd perfect forma sa rotund\u0103.<\/p>\n<p>Cadranul negru adaug\u0103 o not\u0103 de rafinament, \u00een timp ce sticla de safir asigur\u0103 durabilitatea \u0219i rezisten\u021ba la zg\u00e2rieturi.<\/p>\n<p>Cu designul s\u0103u atemporal \u0219i aten\u021bia acordat\u0103 detaliilor, acest ceas este un accesoriu indispensabil pentru orice persoan\u0103 orientat\u0103 spre mod\u0103. Fie c\u0103 v\u0103 \u00eembr\u0103ca\u021bi elegant pentru o ocazie formal\u0103 sau pur \u0219i simplu dori\u021bi s\u0103 v\u0103 ridica\u021bi stilul de zi cu zi, modelul ste alegerea perfect\u0103.<\/p>\n<p>\u00cembr\u0103\u021bi\u0219a\u021bi elegan\u021ba \u0219i fiabilitatea pentru care Seiko este renumit \u0219i face\u021bi o declara\u021bie cu acest ceas analogic excep\u021bional.<\/p>","protected":false},"excerpt":{"rendered":"<p>Un ceas analogic pentru domnii care apreciaz\u0103 at\u00e2t stilul, c\u00e2t \u0219i func\u021bionalitatea. Realizat cu precizie, acest ceas este prev\u0103zut cu o carcas\u0103 elegant\u0103 din o\u021bel inoxidabil negru, care m\u0103soar\u0103 39 mm \u00een diametru \u0219i 10 mm \u00een grosime, complet\u00e2nd perfect forma sa rotund\u0103. Cadranul negru adaug\u0103 o not\u0103 de rafinament, \u00een timp ce sticla de [&hellip;]<\/p>\n","protected":false},"featured_media":45207,"comment_status":"closed","ping_status":"open","template":"","meta":{"_acf_changed":false},"product_brand":[],"product_cat":[20,588],"product_tag":[],"class_list":{"0":"post-45206","1":"product","2":"type-product","3":"status-publish","4":"has-post-thumbnail","6":"product_cat-ceasuri-barbati","7":"product_cat-seiko","8":"pa_brand-seiko","9":"pa_braslet-otel-inoxidabil","10":"pa_corpus-39-mm","11":"pa_forma-rotund","12":"pa_funcii-data","13":"pa_funcii-total-black","14":"pa_garatia-24-luni","15":"pa_korpus-negru","16":"pa_kvarc-quartz","17":"pa_material-otel-inoxidabil","18":"pa_mehanizm-quartz","19":"pa_remeshok-negru","20":"pa_steklo-cristal-safir","21":"pa_strana-japonia","22":"pa_voda-10-atm","24":"first","25":"instock","26":"purchasable","27":"product-type-simple"},"acf":[],"_links":{"self":[{"href":"https:\/\/ceasuri.md\/ru\/wp-json\/wp\/v2\/product\/45206","targetHints":{"allow":["GET"]}}],"collection":[{"href":"https:\/\/ceasuri.md\/ru\/wp-json\/wp\/v2\/product"}],"about":[{"href":"https:\/\/ceasuri.md\/ru\/wp-json\/wp\/v2\/types\/product"}],"replies":[{"embeddable":true,"href":"https:\/\/ceasuri.md\/ru\/wp-json\/wp\/v2\/comments?post=45206"}],"wp:featuredmedia":[{"embeddable":true,"href":"https:\/\/ceasuri.md\/ru\/wp-json\/wp\/v2\/media\/45207"}],"wp:attachment":[{"href":"https:\/\/ceasuri.md\/ru\/wp-json\/wp\/v2\/media?parent=45206"}],"wp:term":[{"taxonomy":"product_brand","embeddable":true,"href":"https:\/\/ceasuri.md\/ru\/wp-json\/wp\/v2\/product_brand?post=45206"},{"taxonomy":"product_cat","embeddable":true,"href":"https:\/\/ceasuri.md\/ru\/wp-json\/wp\/v2\/product_cat?post=45206"},{"taxonomy":"product_tag","embeddable":true,"href":"https:\/\/ceasuri.md\/ru\/wp-json\/wp\/v2\/product_tag?post=45206"}],"curies":[{"name":"wp","href":"https:\/\/api.w.org\/{rel}","templated":true}]}}