{"id":45184,"date":"2022-11-30T20:43:51","date_gmt":"2022-11-30T18:43:51","guid":{"rendered":"http:\/\/new.ceasuri.md\/shop\/uncategorized\/seiko-cs-dress-swr082p1\/"},"modified":"2026-05-01T17:02:39","modified_gmt":"2026-05-01T14:02:39","slug":"seiko-cs-dress-swr082p1","status":"publish","type":"product","link":"https:\/\/ceasuri.md\/ru\/shop\/branduri\/seiko\/seiko-cs-dress-swr082p1\/","title":{"rendered":"\u0427\u0430\u0441\u044b SEIKO CS DRESS SWR082P1"},"content":{"rendered":"<p>Ceasul pentru femei Seiko din gama Quartz are un design elegant \u0219i un aspect atemporal care \u00eel face un accesoriu potrivit pentru costume, rochii \u0219i \u021binute casual.<\/p>\n<p>Carcasa din o\u021bel inoxidabil este completat\u0103 de o curea din piele \u0219i un finisaj din aur roz.<\/p>\n<p>Cadranul ro\u0219u burgundy cu pozi\u021bii ale orelor \u0219i indici gofra\u021bi \u00een aur roz este imediat izbitor. Este protejat de un cristal mineral Hardlex c\u0103lit.<\/p>\n<p>Pe l\u00e2ng\u0103 cadran \u0219i finisaj, coroana neobi\u0219nuit\u0103 completeaz\u0103 impresia general\u0103.<\/p>\n<p>Avantajul ceasului este, f\u0103r\u0103 \u00eendoial\u0103, designul foarte curat \u0219i clasic, f\u0103r\u0103 utilizarea de pietre pre\u021bioase sau alte ornamente, ceea ce confer\u0103 ceasului un aspect atemporal.<\/p>\n<p>Ceasul este rezistent la ap\u0103 p\u00e2n\u0103 la 50 de metri &#8211; poate rezista la contactul cu apa atunci c\u00e2nd v\u0103 sp\u0103la\u021bi pe m\u00e2ini sau face\u021bi un du\u0219.<\/p>\n<p>Dac\u0103 sunte\u021bi \u00een c\u0103utarea unui ceas simplu, potrivit ca accesoriu pentru fiecare zi \u0219i pentru ocazii speciale este solu\u021bia potrivit\u0103 datorit\u0103 dimensiunii perfecte a carcasei de 32 mm \u0219i a aspectului neobi\u0219nuit.<\/p>","protected":false},"excerpt":{"rendered":"<p>Ceasul pentru femei Seiko din gama Quartz are un design elegant \u0219i un aspect atemporal care \u00eel face un accesoriu potrivit pentru costume, rochii \u0219i \u021binute casual. Carcasa din o\u021bel inoxidabil este completat\u0103 de o curea din piele \u0219i un finisaj din aur roz. Cadranul ro\u0219u burgundy cu pozi\u021bii ale orelor \u0219i indici gofra\u021bi \u00een [&hellip;]<\/p>\n","protected":false},"featured_media":45185,"comment_status":"closed","ping_status":"open","template":"","meta":{"_acf_changed":false},"product_brand":[],"product_cat":[25,588],"product_tag":[],"class_list":{"0":"post-45184","1":"product","2":"type-product","3":"status-publish","4":"has-post-thumbnail","6":"product_cat-ceasuri-dama","7":"product_cat-seiko","8":"pa_brand-seiko","9":"pa_braslet-piele","10":"pa_corpus-32-mm","11":"pa_forma-rotund","12":"pa_garatia-24-luni","13":"pa_korpus-roz-gold","14":"pa_kvarc-quartz","15":"pa_material-otel-inoxidabil","16":"pa_mehanizm-quartz","17":"pa_remeshok-maro","18":"pa_steklo-hardlex-crystal","19":"pa_strana-japonia","20":"pa_voda-5-atm","22":"first","23":"instock","24":"purchasable","25":"product-type-simple"},"acf":[],"_links":{"self":[{"href":"https:\/\/ceasuri.md\/ru\/wp-json\/wp\/v2\/product\/45184","targetHints":{"allow":["GET"]}}],"collection":[{"href":"https:\/\/ceasuri.md\/ru\/wp-json\/wp\/v2\/product"}],"about":[{"href":"https:\/\/ceasuri.md\/ru\/wp-json\/wp\/v2\/types\/product"}],"replies":[{"embeddable":true,"href":"https:\/\/ceasuri.md\/ru\/wp-json\/wp\/v2\/comments?post=45184"}],"wp:featuredmedia":[{"embeddable":true,"href":"https:\/\/ceasuri.md\/ru\/wp-json\/wp\/v2\/media\/45185"}],"wp:attachment":[{"href":"https:\/\/ceasuri.md\/ru\/wp-json\/wp\/v2\/media?parent=45184"}],"wp:term":[{"taxonomy":"product_brand","embeddable":true,"href":"https:\/\/ceasuri.md\/ru\/wp-json\/wp\/v2\/product_brand?post=45184"},{"taxonomy":"product_cat","embeddable":true,"href":"https:\/\/ceasuri.md\/ru\/wp-json\/wp\/v2\/product_cat?post=45184"},{"taxonomy":"product_tag","embeddable":true,"href":"https:\/\/ceasuri.md\/ru\/wp-json\/wp\/v2\/product_tag?post=45184"}],"curies":[{"name":"wp","href":"https:\/\/api.w.org\/{rel}","templated":true}]}}