{"id":45172,"date":"2026-04-02T22:32:02","date_gmt":"2026-04-02T19:32:02","guid":{"rendered":"http:\/\/new.ceasuri.md\/shop\/uncategorized\/casio-edifice-efb-108d-7avuef\/"},"modified":"2026-04-07T04:13:09","modified_gmt":"2026-04-07T01:13:09","slug":"casio-edifice-efb-108d-7avuef","status":"publish","type":"product","link":"https:\/\/ceasuri.md\/ru\/shop\/branduri\/casio\/casio-edifice-efb-108d-7avuef\/","title":{"rendered":"Ceas CASIO EDIFICE EFB-108D-7AVUEF"},"content":{"rendered":"<p>Caracter sportiv, carcas\u0103 rotund\u0103 \u0219i br\u0103\u021bar\u0103 din o\u021bel. Acest ceas este destinat b\u0103rba\u021bilor care apreciaz\u0103 confortul \u0219i caracterul practic.<\/p>\n<p>Stratul antireflex care acumuleaz\u0103 lumin\u0103 asigur\u0103 o str\u0103lucire de lung\u0103 durat\u0103 \u00een \u00eentuneric, chiar \u0219i dup\u0103 o scurt\u0103 expunere la lumin\u0103.<\/p>\n<p>Cadran cu markeri de curs\u0103. Fereastr\u0103 pentru dat\u0103 la ora 3.<\/p>\n<p>Coroan\u0103 de \u00eenf\u0103\u0219urare cu protec\u021bie. Capacul din spate cu \u00eenchidere cu \u0219urub.<\/p>\n<p>Rezistent la ap\u0103 p\u00e2n\u0103 la 10 bar conform ISO 2281.<\/p>\n<p>Br\u0103\u021bar\u0103 turnat\u0103 cu \u00eenchidere pliant\u0103 tripl\u0103 cu o singur\u0103 atingere. \u00cencuietoarea de siguran\u021b\u0103 de pe br\u0103\u021bar\u0103 previne desfacerea accidental\u0103.<\/p>","protected":false},"excerpt":{"rendered":"<p>Caracter sportiv, carcas\u0103 rotund\u0103 \u0219i br\u0103\u021bar\u0103 din o\u021bel. Acest ceas este destinat b\u0103rba\u021bilor care apreciaz\u0103 confortul \u0219i caracterul practic. Stratul antireflex care acumuleaz\u0103 lumin\u0103 asigur\u0103 o str\u0103lucire de lung\u0103 durat\u0103 \u00een \u00eentuneric, chiar \u0219i dup\u0103 o scurt\u0103 expunere la lumin\u0103. Cadran cu markeri de curs\u0103. Fereastr\u0103 pentru dat\u0103 la ora 3. Coroan\u0103 de \u00eenf\u0103\u0219urare cu [&hellip;]<\/p>\n","protected":false},"featured_media":45173,"comment_status":"closed","ping_status":"open","template":"","meta":{"_acf_changed":false},"product_brand":[],"product_cat":[27,20,536],"product_tag":[],"class_list":{"0":"post-45172","1":"product","2":"type-product","3":"status-publish","4":"has-post-thumbnail","6":"product_cat-casio","7":"product_cat-ceasuri-barbati","8":"product_cat-edifice","9":"pa_brand-casio","10":"pa_brand-edifice","11":"pa_braslet-otel-inoxidabil","12":"pa_corpus-45-mm","13":"pa_forma-rotund","14":"pa_funcii-data","15":"pa_garatia-24-luni","16":"pa_korpus-argintiu","17":"pa_material-otel-inoxidabil","18":"pa_mehanizm-quartz","19":"pa_remeshok-argintiu","20":"pa_steklo-cristal-safir","21":"pa_strana-japonia","22":"pa_voda-10-atm","24":"first","25":"instock","26":"purchasable","27":"product-type-simple"},"acf":[],"_links":{"self":[{"href":"https:\/\/ceasuri.md\/ru\/wp-json\/wp\/v2\/product\/45172","targetHints":{"allow":["GET"]}}],"collection":[{"href":"https:\/\/ceasuri.md\/ru\/wp-json\/wp\/v2\/product"}],"about":[{"href":"https:\/\/ceasuri.md\/ru\/wp-json\/wp\/v2\/types\/product"}],"replies":[{"embeddable":true,"href":"https:\/\/ceasuri.md\/ru\/wp-json\/wp\/v2\/comments?post=45172"}],"wp:featuredmedia":[{"embeddable":true,"href":"https:\/\/ceasuri.md\/ru\/wp-json\/wp\/v2\/media\/45173"}],"wp:attachment":[{"href":"https:\/\/ceasuri.md\/ru\/wp-json\/wp\/v2\/media?parent=45172"}],"wp:term":[{"taxonomy":"product_brand","embeddable":true,"href":"https:\/\/ceasuri.md\/ru\/wp-json\/wp\/v2\/product_brand?post=45172"},{"taxonomy":"product_cat","embeddable":true,"href":"https:\/\/ceasuri.md\/ru\/wp-json\/wp\/v2\/product_cat?post=45172"},{"taxonomy":"product_tag","embeddable":true,"href":"https:\/\/ceasuri.md\/ru\/wp-json\/wp\/v2\/product_tag?post=45172"}],"curies":[{"name":"wp","href":"https:\/\/api.w.org\/{rel}","templated":true}]}}