{"id":45157,"date":"2026-04-02T22:32:02","date_gmt":"2026-04-02T19:32:02","guid":{"rendered":"http:\/\/new.ceasuri.md\/shop\/uncategorized\/fossil-blue-fs5949\/"},"modified":"2026-04-07T04:13:07","modified_gmt":"2026-04-07T01:13:07","slug":"fossil-blue-fs5949","status":"publish","type":"product","link":"https:\/\/ceasuri.md\/ru\/shop\/branduri\/fossil\/fossil-blue-fs5949\/","title":{"rendered":"Ceas FOSSIL BLUE FS5949"},"content":{"rendered":"<p>Ceas de b\u0103rba\u021bi din colec\u021bia Fossil Blue.<\/p>\n<p>Carcasa este de 42 mm, de form\u0103 rotund\u0103, realizat\u0103 din o\u021bel inoxidabil de culoare argintie. Grosimea carcasei: 12 mm.<\/p>\n<p>Cadranul este de culoare albastr\u0103. Fereastr\u0103 pentru dat\u0103.<\/p>\n<p>Br\u0103\u021bara este din o\u021bel inoxidabil de culoare argintie, cu o \u00eenchidere pliant\u0103. Distan\u021ba dintre urechi: 22 mm.<\/p>\n<p>Rezisten\u021ba la ap\u0103 este de 10 atm.<\/p>","protected":false},"excerpt":{"rendered":"<p>Ceas de b\u0103rba\u021bi din colec\u021bia Fossil Blue. Carcasa este de 42 mm, de form\u0103 rotund\u0103, realizat\u0103 din o\u021bel inoxidabil de culoare argintie. Grosimea carcasei: 12 mm. Cadranul este de culoare albastr\u0103. Fereastr\u0103 pentru dat\u0103. Br\u0103\u021bara este din o\u021bel inoxidabil de culoare argintie, cu o \u00eenchidere pliant\u0103. Distan\u021ba dintre urechi: 22 mm. Rezisten\u021ba la ap\u0103 este [&hellip;]<\/p>\n","protected":false},"featured_media":45158,"comment_status":"closed","ping_status":"open","template":"","meta":{"_acf_changed":false},"product_brand":[],"product_cat":[20,396],"product_tag":[],"class_list":{"0":"post-45157","1":"product","2":"type-product","3":"status-publish","4":"has-post-thumbnail","6":"product_cat-ceasuri-barbati","7":"product_cat-fossil","8":"pa_brand-fossil","9":"pa_braslet-otel-inoxidabil","10":"pa_corpus-42-mm","11":"pa_forma-rotund","12":"pa_funcii-data","13":"pa_garatia-24-luni","14":"pa_korpus-albastru","15":"pa_korpus-argintiu","16":"pa_material-otel-inoxidabil","17":"pa_mehanizm-quartz","18":"pa_remeshok-argintiu","19":"pa_steklo-cristal-mineral","20":"pa_strana-sua","21":"pa_voda-10-atm","23":"first","24":"instock","25":"purchasable","26":"product-type-simple"},"acf":[],"_links":{"self":[{"href":"https:\/\/ceasuri.md\/ru\/wp-json\/wp\/v2\/product\/45157","targetHints":{"allow":["GET"]}}],"collection":[{"href":"https:\/\/ceasuri.md\/ru\/wp-json\/wp\/v2\/product"}],"about":[{"href":"https:\/\/ceasuri.md\/ru\/wp-json\/wp\/v2\/types\/product"}],"replies":[{"embeddable":true,"href":"https:\/\/ceasuri.md\/ru\/wp-json\/wp\/v2\/comments?post=45157"}],"wp:featuredmedia":[{"embeddable":true,"href":"https:\/\/ceasuri.md\/ru\/wp-json\/wp\/v2\/media\/45158"}],"wp:attachment":[{"href":"https:\/\/ceasuri.md\/ru\/wp-json\/wp\/v2\/media?parent=45157"}],"wp:term":[{"taxonomy":"product_brand","embeddable":true,"href":"https:\/\/ceasuri.md\/ru\/wp-json\/wp\/v2\/product_brand?post=45157"},{"taxonomy":"product_cat","embeddable":true,"href":"https:\/\/ceasuri.md\/ru\/wp-json\/wp\/v2\/product_cat?post=45157"},{"taxonomy":"product_tag","embeddable":true,"href":"https:\/\/ceasuri.md\/ru\/wp-json\/wp\/v2\/product_tag?post=45157"}],"curies":[{"name":"wp","href":"https:\/\/api.w.org\/{rel}","templated":true}]}}