{"id":45153,"date":"2026-04-02T22:32:02","date_gmt":"2026-04-02T19:32:02","guid":{"rendered":"http:\/\/new.ceasuri.md\/shop\/uncategorized\/dkny-parsons-ny2977\/"},"modified":"2026-04-07T04:13:06","modified_gmt":"2026-04-07T01:13:06","slug":"dkny-parsons-ny2977","status":"publish","type":"product","link":"https:\/\/ceasuri.md\/ru\/shop\/branduri\/dkny\/dkny-parsons-ny2977\/","title":{"rendered":"Ceas DKNY PARSONS NY2977"},"content":{"rendered":"<p>Un ceas fermec\u0103tor, cu o br\u0103\u021bar\u0103 gra\u021bioas\u0103 care pune \u00een valoare fragilitatea seduc\u0103toare a \u00eencheieturii unei femei. Ceas de m\u00e2n\u0103 Parsons pentru femei.<\/p>\n<p>Carcas\u0103 rotund\u0103 din o\u021bel. Cadran din nuc\u0103 de perl\u0103. Marcatori de accident vascular cerebral.<\/p>\n<p>Br\u0103\u021bar\u0103 din o\u021bel cu \u00eenchiz\u0103toare cu sistem de \u00eenchidere.<\/p>","protected":false},"excerpt":{"rendered":"<p>Un ceas fermec\u0103tor, cu o br\u0103\u021bar\u0103 gra\u021bioas\u0103 care pune \u00een valoare fragilitatea seduc\u0103toare a \u00eencheieturii unei femei. Ceas de m\u00e2n\u0103 Parsons pentru femei. Carcas\u0103 rotund\u0103 din o\u021bel. Cadran din nuc\u0103 de perl\u0103. Marcatori de accident vascular cerebral. Br\u0103\u021bar\u0103 din o\u021bel cu \u00eenchiz\u0103toare cu sistem de \u00eenchidere.<\/p>","protected":false},"featured_media":45154,"comment_status":"closed","ping_status":"open","template":"","meta":{"_acf_changed":false},"product_brand":[],"product_cat":[25,578,26],"product_tag":[],"class_list":{"0":"post-45153","1":"product","2":"type-product","3":"status-publish","4":"has-post-thumbnail","6":"product_cat-ceasuri-dama","7":"product_cat-dkny","8":"product_cat-sale-ceas-de-dama","9":"pa_brand-dkny","10":"pa_braslet-otel-inoxidabil","11":"pa_corpus-28-mm","12":"pa_forma-rotund","13":"pa_garatia-6-luni","14":"pa_korpus-roz-gold","15":"pa_material-otel-inoxidabil","16":"pa_mehanizm-quartz","17":"pa_remeshok-roz-gold","18":"pa_steklo-cristal-mineral","19":"pa_strana-sua","20":"pa_voda-5-atm","22":"first","23":"instock","24":"sale","25":"purchasable","26":"product-type-simple"},"acf":[],"_links":{"self":[{"href":"https:\/\/ceasuri.md\/ru\/wp-json\/wp\/v2\/product\/45153","targetHints":{"allow":["GET"]}}],"collection":[{"href":"https:\/\/ceasuri.md\/ru\/wp-json\/wp\/v2\/product"}],"about":[{"href":"https:\/\/ceasuri.md\/ru\/wp-json\/wp\/v2\/types\/product"}],"replies":[{"embeddable":true,"href":"https:\/\/ceasuri.md\/ru\/wp-json\/wp\/v2\/comments?post=45153"}],"wp:featuredmedia":[{"embeddable":true,"href":"https:\/\/ceasuri.md\/ru\/wp-json\/wp\/v2\/media\/45154"}],"wp:attachment":[{"href":"https:\/\/ceasuri.md\/ru\/wp-json\/wp\/v2\/media?parent=45153"}],"wp:term":[{"taxonomy":"product_brand","embeddable":true,"href":"https:\/\/ceasuri.md\/ru\/wp-json\/wp\/v2\/product_brand?post=45153"},{"taxonomy":"product_cat","embeddable":true,"href":"https:\/\/ceasuri.md\/ru\/wp-json\/wp\/v2\/product_cat?post=45153"},{"taxonomy":"product_tag","embeddable":true,"href":"https:\/\/ceasuri.md\/ru\/wp-json\/wp\/v2\/product_tag?post=45153"}],"curies":[{"name":"wp","href":"https:\/\/api.w.org\/{rel}","templated":true}]}}