{"id":45141,"date":"2026-04-02T22:32:02","date_gmt":"2026-04-02T19:32:02","guid":{"rendered":"http:\/\/new.ceasuri.md\/shop\/uncategorized\/dkny-the-modernist-ny2999\/"},"modified":"2026-04-20T00:18:11","modified_gmt":"2026-04-19T21:18:11","slug":"dkny-the-modernist-ny2999","status":"publish","type":"product","link":"https:\/\/ceasuri.md\/ru\/shop\/branduri\/dkny\/dkny-the-modernist-ny2999\/","title":{"rendered":"\u0427\u0430\u0441\u044b DKNY THE MODERNIST NY2999"},"content":{"rendered":"<p>Un ceas de dam\u0103 frumos \u0219i interesant.<\/p>\n<p>Carcasa este confec\u021bionat\u0103 din metal, iar cadranul argintiu confer\u0103 ceasului un aspect unic.<\/p>\n<p>model are o rezisten\u021b\u0103 la ap\u0103 de 30 de metri &#8211; poate fi purtat \u00een scenarii \u00een care este posibil s\u0103 fie stropit, dar nu scufundat \u00een ap\u0103. Poate fi purtat \u00een timp ce v\u0103 sp\u0103la\u021bi pe m\u00e2ini \u0219i va fi bine \u00een ploaie.<\/p>","protected":false},"excerpt":{"rendered":"<p>Un ceas de dam\u0103 frumos \u0219i interesant. Carcasa este confec\u021bionat\u0103 din metal, iar cadranul argintiu confer\u0103 ceasului un aspect unic. model are o rezisten\u021b\u0103 la ap\u0103 de 30 de metri &#8211; poate fi purtat \u00een scenarii \u00een care este posibil s\u0103 fie stropit, dar nu scufundat \u00een ap\u0103. Poate fi purtat \u00een timp ce v\u0103 [&hellip;]<\/p>\n","protected":false},"featured_media":45142,"comment_status":"closed","ping_status":"open","template":"","meta":{"_acf_changed":false},"product_brand":[],"product_cat":[25,578,26],"product_tag":[],"class_list":{"0":"post-45141","1":"product","2":"type-product","3":"status-publish","4":"has-post-thumbnail","6":"product_cat-ceasuri-dama","7":"product_cat-dkny","8":"product_cat-sale-ceas-de-dama","9":"pa_brand-dkny","10":"pa_braslet-otel-inoxidabil","11":"pa_corpus-32-mm","12":"pa_forma-rotund","13":"pa_garatia-6-luni","14":"pa_korpus-argintiu","15":"pa_kvarc-quartz","16":"pa_material-otel-inoxidabil","17":"pa_mehanizm-quartz","18":"pa_remeshok-argintiu","19":"pa_remeshok-auriu","20":"pa_steklo-cristal-mineral","21":"pa_strana-sua","22":"pa_voda-3-atm","24":"first","25":"instock","26":"sale","27":"purchasable","28":"product-type-simple"},"acf":[],"_links":{"self":[{"href":"https:\/\/ceasuri.md\/ru\/wp-json\/wp\/v2\/product\/45141","targetHints":{"allow":["GET"]}}],"collection":[{"href":"https:\/\/ceasuri.md\/ru\/wp-json\/wp\/v2\/product"}],"about":[{"href":"https:\/\/ceasuri.md\/ru\/wp-json\/wp\/v2\/types\/product"}],"replies":[{"embeddable":true,"href":"https:\/\/ceasuri.md\/ru\/wp-json\/wp\/v2\/comments?post=45141"}],"wp:featuredmedia":[{"embeddable":true,"href":"https:\/\/ceasuri.md\/ru\/wp-json\/wp\/v2\/media\/45142"}],"wp:attachment":[{"href":"https:\/\/ceasuri.md\/ru\/wp-json\/wp\/v2\/media?parent=45141"}],"wp:term":[{"taxonomy":"product_brand","embeddable":true,"href":"https:\/\/ceasuri.md\/ru\/wp-json\/wp\/v2\/product_brand?post=45141"},{"taxonomy":"product_cat","embeddable":true,"href":"https:\/\/ceasuri.md\/ru\/wp-json\/wp\/v2\/product_cat?post=45141"},{"taxonomy":"product_tag","embeddable":true,"href":"https:\/\/ceasuri.md\/ru\/wp-json\/wp\/v2\/product_tag?post=45141"}],"curies":[{"name":"wp","href":"https:\/\/api.w.org\/{rel}","templated":true}]}}