{"id":45117,"date":"2026-04-02T22:32:02","date_gmt":"2026-04-02T19:32:02","guid":{"rendered":"http:\/\/new.ceasuri.md\/shop\/uncategorized\/orient-contemporary-ra-ac0f09l30b\/"},"modified":"2026-04-20T00:35:21","modified_gmt":"2026-04-19T21:35:21","slug":"orient-contemporary-ra-ac0f09l30b","status":"publish","type":"product","link":"https:\/\/ceasuri.md\/ru\/shop\/branduri\/orient\/orient-contemporary-ra-ac0f09l30b\/","title":{"rendered":"\u0427\u0430\u0441\u044b ORIENT CONTEMPORARY RA-AC0F09L30B"},"content":{"rendered":"<p>Ceas mecanic Orient cu dat\u0103. Acest ceas nou, echipat cu calibru automat F6722 de produc\u021bie proprie, combin\u0103 cu m\u0103iestrie precizia mecanismului mecanic cu designul modern \u0219i combina\u021biile de culori.<\/p>\n<p>Indicii tridimensionali \u00een pozi\u021biile 3, 6, 9 \u0219i 12 adaug\u0103 accente la dispunerea simpl\u0103 a cadranului cu str\u0103lucire metalic\u0103 Sunburst.<\/p>\n<p>Pute\u021bi regla zale cu pas scurt \u0219i catarama br\u0103\u021b\u0103rii pentru un confort optim.<\/p>\n<p>Acest ceas are o rezisten\u021b\u0103 la ap\u0103 de 5 bari\/50 de metri.<\/p>","protected":false},"excerpt":{"rendered":"<p>Ceas mecanic Orient cu dat\u0103. Acest ceas nou, echipat cu calibru automat F6722 de produc\u021bie proprie, combin\u0103 cu m\u0103iestrie precizia mecanismului mecanic cu designul modern \u0219i combina\u021biile de culori. Indicii tridimensionali \u00een pozi\u021biile 3, 6, 9 \u0219i 12 adaug\u0103 accente la dispunerea simpl\u0103 a cadranului cu str\u0103lucire metalic\u0103 Sunburst. Pute\u021bi regla zale cu pas scurt [&hellip;]<\/p>\n","protected":false},"featured_media":45118,"comment_status":"closed","ping_status":"open","template":"","meta":{"_acf_changed":false},"product_brand":[],"product_cat":[20,596],"product_tag":[],"class_list":{"0":"post-45117","1":"product","2":"type-product","3":"status-publish","4":"has-post-thumbnail","6":"product_cat-ceasuri-barbati","7":"product_cat-orient","8":"pa_brand-orient","9":"pa_braslet-otel-inoxidabil","10":"pa_corpus-42-mm","11":"pa_forma-rotund","12":"pa_funcii-data","13":"pa_garatia-24-luni","14":"pa_korpus-argintiu","15":"pa_material-otel-inoxidabil","16":"pa_mehanizm-mecanic","17":"pa_mehanizm-mecanism-automatic","18":"pa_remeshok-argintiu","19":"pa_steklo-cristal-safir","20":"pa_strana-japonia","21":"pa_voda-5-atm","23":"first","24":"instock","25":"purchasable","26":"product-type-simple"},"acf":[],"_links":{"self":[{"href":"https:\/\/ceasuri.md\/ru\/wp-json\/wp\/v2\/product\/45117","targetHints":{"allow":["GET"]}}],"collection":[{"href":"https:\/\/ceasuri.md\/ru\/wp-json\/wp\/v2\/product"}],"about":[{"href":"https:\/\/ceasuri.md\/ru\/wp-json\/wp\/v2\/types\/product"}],"replies":[{"embeddable":true,"href":"https:\/\/ceasuri.md\/ru\/wp-json\/wp\/v2\/comments?post=45117"}],"wp:featuredmedia":[{"embeddable":true,"href":"https:\/\/ceasuri.md\/ru\/wp-json\/wp\/v2\/media\/45118"}],"wp:attachment":[{"href":"https:\/\/ceasuri.md\/ru\/wp-json\/wp\/v2\/media?parent=45117"}],"wp:term":[{"taxonomy":"product_brand","embeddable":true,"href":"https:\/\/ceasuri.md\/ru\/wp-json\/wp\/v2\/product_brand?post=45117"},{"taxonomy":"product_cat","embeddable":true,"href":"https:\/\/ceasuri.md\/ru\/wp-json\/wp\/v2\/product_cat?post=45117"},{"taxonomy":"product_tag","embeddable":true,"href":"https:\/\/ceasuri.md\/ru\/wp-json\/wp\/v2\/product_tag?post=45117"}],"curies":[{"name":"wp","href":"https:\/\/api.w.org\/{rel}","templated":true}]}}