{"id":45111,"date":"2021-11-30T22:42:00","date_gmt":"2021-11-30T20:42:00","guid":{"rendered":"http:\/\/new.ceasuri.md\/shop\/uncategorized\/orient-sports-m-force-ra-ac0l01b00b\/"},"modified":"2026-05-01T17:02:09","modified_gmt":"2026-05-01T14:02:09","slug":"orient-sports-m-force-ra-ac0l01b00b","status":"publish","type":"product","link":"https:\/\/ceasuri.md\/ru\/shop\/branduri\/orient\/orient-sports-m-force-ra-ac0l01b00b\/","title":{"rendered":"\u0427\u0430\u0441\u044b ORIENT SPORTS M-FORCE RA-AC0L01B00B"},"content":{"rendered":"<p>Ceasul p\u0103streaz\u0103 multe dintre acelea\u0219i caracteristici ale genera\u021biilor anterioare, cum ar fi M-Force Beast, introduc\u00e2nd \u00een acela\u0219i timp cele mai recente tendin\u021be de design industrial.<\/p>\n<p>Robust, func\u021bional \u0219i distinctiv, a captat inimile fanilor Orient din \u00eentreaga lume, de la lansarea sa ini\u021bial\u0103 (1997-2002) p\u00e2n\u0103 la lansarea celei de-a doua genera\u021bii (2011-2015). \u0218i acum a revenit din nou, dar cu un nou logo care s\u0103 reaminteasc\u0103 publicului de ce aceast\u0103 linie a fost at\u00e2t de favorit\u0103 de at\u00e2\u021bia ani.<\/p>\n<p>Noile modele sunt ceasuri de scafandru, rezistente la ap\u0103 la 200 m conform standardului ISO \u0219i echipate cu un calibru intern \u00eembun\u0103t\u0103\u021bit F6727. Au o coroan\u0103 mare (\u00een\u0219urubat\u0103) \u00een pozi\u021bia de la ora 3 \u0219i o lunet\u0103 care se rote\u0219te \u00eentr-o direc\u021bie. Ceasul este echipat cu un ecran de protec\u021bie al carcasei rotunde puternice, protejeaz\u0103 coroana \u0219i rama \u00een\u0219urubat\u0103 de presiunea extern\u0103 sau \u0219ocuri. Cadrul, ca \u0219i ecranul de protec\u021bie, este gravat cu noi fonturi de numere reproiectate pentru a se potrivi cu noul logo.<\/p>\n<p>Cadranul, clar vizibil prin geamul safir antireflex, are indici luminescen\u021bi pentru un aspect tridimensional, cei acoperi\u021bi str\u0103lucesc puternic, ofer\u0103 o vizibilitate excelent\u0103, o caracteristic\u0103 important\u0103 a oric\u0103rui ceas de scafandru.<\/p>\n<p>Modelul este prevazut cu bratara metalica, pentru confort verigile au fost reduse astfel incat sa fie mai convenabil reglarea lungimii bratarii.<\/p>","protected":false},"excerpt":{"rendered":"<p>Ceasul p\u0103streaz\u0103 multe dintre acelea\u0219i caracteristici ale genera\u021biilor anterioare, cum ar fi M-Force Beast, introduc\u00e2nd \u00een acela\u0219i timp cele mai recente tendin\u021be de design industrial. Robust, func\u021bional \u0219i distinctiv, a captat inimile fanilor Orient din \u00eentreaga lume, de la lansarea sa ini\u021bial\u0103 (1997-2002) p\u00e2n\u0103 la lansarea celei de-a doua genera\u021bii (2011-2015). \u0218i acum a revenit [&hellip;]<\/p>\n","protected":false},"featured_media":45112,"comment_status":"closed","ping_status":"open","template":"","meta":{"_acf_changed":false},"product_brand":[],"product_cat":[20,596],"product_tag":[],"class_list":{"0":"post-45111","1":"product","2":"type-product","3":"status-publish","4":"has-post-thumbnail","6":"product_cat-ceasuri-barbati","7":"product_cat-orient","8":"pa_brand-orient","9":"pa_braslet-otel-inoxidabil","10":"pa_corpus-47-mm","11":"pa_forma-rotund","12":"pa_funcii-data","13":"pa_garatia-24-luni","14":"pa_korpus-argintiu","15":"pa_korpus-negru","16":"pa_material-otel-inoxidabil","17":"pa_mehanizm-mecanic","18":"pa_mehanizm-mecanism-automatic","19":"pa_remeshok-argintiu","20":"pa_steklo-cristal-safir","21":"pa_strana-japonia","22":"pa_voda-20-atm","24":"first","25":"instock","26":"purchasable","27":"product-type-simple"},"acf":[],"_links":{"self":[{"href":"https:\/\/ceasuri.md\/ru\/wp-json\/wp\/v2\/product\/45111","targetHints":{"allow":["GET"]}}],"collection":[{"href":"https:\/\/ceasuri.md\/ru\/wp-json\/wp\/v2\/product"}],"about":[{"href":"https:\/\/ceasuri.md\/ru\/wp-json\/wp\/v2\/types\/product"}],"replies":[{"embeddable":true,"href":"https:\/\/ceasuri.md\/ru\/wp-json\/wp\/v2\/comments?post=45111"}],"wp:featuredmedia":[{"embeddable":true,"href":"https:\/\/ceasuri.md\/ru\/wp-json\/wp\/v2\/media\/45112"}],"wp:attachment":[{"href":"https:\/\/ceasuri.md\/ru\/wp-json\/wp\/v2\/media?parent=45111"}],"wp:term":[{"taxonomy":"product_brand","embeddable":true,"href":"https:\/\/ceasuri.md\/ru\/wp-json\/wp\/v2\/product_brand?post=45111"},{"taxonomy":"product_cat","embeddable":true,"href":"https:\/\/ceasuri.md\/ru\/wp-json\/wp\/v2\/product_cat?post=45111"},{"taxonomy":"product_tag","embeddable":true,"href":"https:\/\/ceasuri.md\/ru\/wp-json\/wp\/v2\/product_tag?post=45111"}],"curies":[{"name":"wp","href":"https:\/\/api.w.org\/{rel}","templated":true}]}}